{"id":12,"date":"2023-02-01T12:12:48","date_gmt":"2023-02-01T11:12:48","guid":{"rendered":"http:\/\/sklep.nex-group.pl\/?page_id=12"},"modified":"2025-08-12T09:55:45","modified_gmt":"2025-08-12T07:55:45","slug":"koszyk","status":"publish","type":"page","link":"https:\/\/sklep.nex-group.pl\/en\/koszyk\/","title":{"rendered":"Koszyk"},"content":{"rendered":"<p>Zam\u00f3wienia sk\u0142adane do godziny 11 b\u0119d\u0105 realizowane bie\u017c\u0105cego dnia. (w przypadku zaksi\u0119gowanej p\u0142atno\u015bci\/p\u0142atno\u015bci za pobraniem)<\/p><p>Zam\u00f3wienia sk\u0142adane po godzinie 11 b\u0119d\u0105 realizowane nast\u0119pnego dnia (w przypadku zaksi\u0119gowanej p\u0142atno\u015bci\/p\u0142atno\u015bci za pobraniem)<\/p><p>Czas realizacji zam\u00f3wienia mo\u017ce wyd\u0142u\u017cy\u0107 si\u0119 w przypadku maszyn, kt\u00f3re wymagaj\u0105 przegl\u0105du zerowego. (multi, nano, wozid\u0142a gotowe do pracy)<\/p>","protected":false},"excerpt":{"rendered":"<p>Zam\u00f3wienia sk\u0142adane do godziny 11 b\u0119d\u0105 realizowane bie\u017c\u0105cego dnia. (w przypadku zaksi\u0119gowanej p\u0142atno\u015bci\/p\u0142atno\u015bci za pobraniem) Zam\u00f3wienia sk\u0142adane po godzinie 11 b\u0119d\u0105 realizowane nast\u0119pnego dnia (w przypadku zaksi\u0119gowanej p\u0142atno\u015bci\/p\u0142atno\u015bci za pobraniem) Czas realizacji zam\u00f3wienia mo\u017ce wyd\u0142u\u017cy\u0107 si\u0119 w przypadku maszyn, kt\u00f3re wymagaj\u0105 przegl\u0105du zerowego. (multi, nano, wozid\u0142a gotowe do pracy)<\/p>","protected":false},"author":2,"featured_media":0,"parent":0,"menu_order":0,"comment_status":"closed","ping_status":"closed","template":"","meta":{"_acf_changed":false,"footnotes":""},"class_list":["post-12","page","type-page","status-publish","hentry"],"acf":[],"_links":{"self":[{"href":"https:\/\/sklep.nex-group.pl\/en\/wp-json\/wp\/v2\/pages\/12","targetHints":{"allow":["GET"]}}],"collection":[{"href":"https:\/\/sklep.nex-group.pl\/en\/wp-json\/wp\/v2\/pages"}],"about":[{"href":"https:\/\/sklep.nex-group.pl\/en\/wp-json\/wp\/v2\/types\/page"}],"author":[{"embeddable":true,"href":"https:\/\/sklep.nex-group.pl\/en\/wp-json\/wp\/v2\/users\/2"}],"replies":[{"embeddable":true,"href":"https:\/\/sklep.nex-group.pl\/en\/wp-json\/wp\/v2\/comments?post=12"}],"version-history":[{"count":1,"href":"https:\/\/sklep.nex-group.pl\/en\/wp-json\/wp\/v2\/pages\/12\/revisions"}],"predecessor-version":[{"id":1800,"href":"https:\/\/sklep.nex-group.pl\/en\/wp-json\/wp\/v2\/pages\/12\/revisions\/1800"}],"wp:attachment":[{"href":"https:\/\/sklep.nex-group.pl\/en\/wp-json\/wp\/v2\/media?parent=12"}],"curies":[{"name":"wp","href":"https:\/\/api.w.org\/{rel}","templated":true}]}}