{"id":254,"date":"2023-03-22T12:58:41","date_gmt":"2023-03-22T11:58:41","guid":{"rendered":"https:\/\/sklep.nex-group.pl\/?page_id=254"},"modified":"2023-03-22T12:58:41","modified_gmt":"2023-03-22T11:58:41","slug":"regulamin-konta","status":"publish","type":"page","link":"https:\/\/sklep.nex-group.pl\/en\/regulamin-konta\/","title":{"rendered":"Regulamin Konta"},"content":{"rendered":"<p><strong>W SKLEPIE<\/strong> <strong>SKLEP.NEX-GROUP.PL<\/strong><\/p><p><strong>SPIS TRE\u015aCI<\/strong><\/p><p>1. Definicje<\/p><p>2. Kontakt ze Sprzedawc\u0105<\/p><p>3. Wymogi techniczne<\/p><p>4. Konto<\/p><p>5. Reklamacje<\/p><p>6. Dane osobowe<\/p><p>7. Zastrze\u017cenia<\/p><p><strong>1. DEFINICJE<\/strong><\/p><p><strong>Konsument <\/strong>\u2013 konsument w rozumieniu przepis\u00f3w Kodeksu cywilnego.<\/p><p><strong>Konto<\/strong> \u2013 uregulowana w Regulaminie nieodp\u0142atna funkcja Sklepu (us\u0142uga), dzi\u0119ki kt\u00f3rej Kupuj\u0105cy mo\u017ce za\u0142o\u017cy\u0107 w Sklepie swoje indywidualne konto.<\/p><p><strong>Kupuj\u0105cy<\/strong> &#8211; ka\u017cdy podmiot kupuj\u0105cy w Sklepie.<\/p><p><strong>Kupuj\u0105cy uprzywilejowany<\/strong> \u2013 Konsument uprzywilejowany.<\/p><p><strong>Przedsi\u0119biorca uprzywilejowany<\/strong> \u2013 osoba fizyczna zawieraj\u0105ca ze Sprzedawc\u0105 umow\u0119 bezpo\u015brednio zwi\u0105zan\u0105 z jej dzia\u0142alno\u015bci\u0105 gospodarcz\u0105, ale nieposiadaj\u0105c\u0105 dla niej charakteru zawodowego (definicja obowi\u0105zuje dla um\u00f3w zawartych od dnia 1 stycznia 2021 r.).<\/p><p><strong>Regulamin<\/strong> &#8211; niniejszy regulamin Konta.<\/p><p><strong>Sklep<\/strong> \u2013 sklep internetowy NEX GROUP prowadzony przez Sprzedawc\u0119 pod adresem <a href=\"https:\/\/sklep.fuh-dar.pl\/\">https:\/\/sklep.<\/a>nex-group.pl<\/p><p><strong>Sprzedawca<\/strong> &#8211; &nbsp;NEX GROUP INT SP\u00d3\u0141KA Z OGRANICZON\u0104 ODPOWIEDZIALNO\u015aCI\u0104; adres miejsca wykonywania dzia\u0142alno\u015bci i adres do dor\u0119cze\u0144: Brzeziny 28A, 05-074 Brzeziny, NIP 8222381343, REGON 386157596, adres poczty elektronicznej: <strong>kontakt@nex-group.pl<\/strong>, numer telefonu: +48 501 757 739; +48 514 859 374.<\/p><p><strong>2. KONTAKT ZE SPRZEDAWC\u0104<\/strong><\/p><ol class=\"wp-block-list\"><li>Adres pocztowy:&nbsp; Brzeziny 28A, 05-074 Brzeziny<\/li>\n\n<li>Adres e-mail: kontakt@nex-group.pl<\/li>\n\n<li>Telefon: +48 501 757 739, +48 514 859 374<\/li><\/ol><p><strong>3. WYMOGI TECHNICZNE<\/strong><\/p><ol class=\"wp-block-list\"><li>Dla prawid\u0142owego funkcjonowania i za\u0142o\u017cenia Konta potrzebne jest:<ul class=\"wp-block-list\"><li>aktywne konto e-mail<\/li>\n\n<li>urz\u0105dzenie z dost\u0119pem do Internetu<\/li>\n\n<li>przegl\u0105darka internetowa obs\u0142uguj\u0105ca JavaScript i pliki cookies<\/li><\/ul><\/li><\/ol><p><strong>4. KONTO<\/strong><\/p><ol class=\"wp-block-list\"><li>Za\u0142o\u017cenie Konta jest ca\u0142kowicie dobrowolne i zale\u017cne od woli Kupuj\u0105cego.<\/li>\n\n<li>Konto daje Kupuj\u0105cemu dodatkowe mo\u017cliwo\u015bci, takie jak: przegl\u0105danie historii zam\u00f3wie\u0144 z\u0142o\u017conych przez Kupuj\u0105cego w Sklepie, sprawdzenie statusu zam\u00f3wienia czy samodzielna edycja danych Kupuj\u0105cego.<\/li>\n\n<li>W celu za\u0142o\u017cenia Konta nale\u017cy wype\u0142ni\u0107 stosowny formularz w Sklepie.<\/li>\n\n<li>W momencie za\u0142o\u017cenia Konta zawierana jest na czas nieokre\u015blony pomi\u0119dzy Kupuj\u0105cym a Sprzedawc\u0105 umowa w zakresie prowadzenia Konta na zasadach wskazanych w Regulaminie.<\/li>\n\n<li>Kupuj\u0105cy mo\u017ce bez ponoszenia jakichkolwiek koszt\u00f3w w ka\u017cdym czasie zrezygnowa\u0107 z Konta.<\/li>\n\n<li>W celu dokonania rezygnacji z Konta nale\u017cy wys\u0142a\u0107 swoj\u0105 rezygnacj\u0119 do Sprzedawcy na adres e-mail: kontakt@nex-group.pl czego skutkiem b\u0119dzie niezw\u0142oczne usuni\u0119cie Konta oraz rozwi\u0105zanie umowy w zakresie prowadzenia Konta.<\/li><\/ol><p><strong>5. REKLAMACJE<\/strong><\/p><ol class=\"wp-block-list\"><li>Reklamacje dotycz\u0105ce funkcjonowania Konta nale\u017cy kierowa\u0107 na adres e-mail kontakt@nex-group.pl<\/li>\n\n<li>Rozpatrzenie reklamacji przez Sprzedawc\u0119 nast\u0105pi w terminie do 14 dni.<br><br><strong>POZAS\u0104DOWE SPOSOBY ROZPATRYWANIA REKLAMACJI I DOCHODZENIA ROSZCZE\u0143<\/strong><\/li><\/ol><ol class=\"wp-block-list\" start=\"3\"><li>W przypadku gdy post\u0119powanie reklamacyjne nie przyniesie oczekiwanego przez Konsumenta rezultatu Konsument mo\u017ce skorzysta\u0107 m.in. z:<ol class=\"wp-block-list\"><li>mediacji prowadzonej przez w\u0142a\u015bciwy terenowo Wojew\u00f3dzki Inspektorat Inspekcji Handlowej, do kt\u00f3rego nale\u017cy si\u0119 zwr\u00f3ci\u0107 z wnioskiem o mediacj\u0119. Co do zasady post\u0119powanie jest bezp\u0142atne. Wykaz Inspektorat\u00f3w znajduje si\u0119 tutaj: <a href=\"https:\/\/www.uokik.gov.pl\/wazne_adresy.php#faq595\">https:\/\/www.uokik.gov.pl\/wazne_adresy.php#faq595<\/a>;<\/li>\n\n<li>pomocy w\u0142a\u015bciwego terenowo sta\u0142ego polubownego s\u0105du konsumenckiego dzia\u0142aj\u0105cego przy Wojew\u00f3dzkim Inspektoracie Inspekcji Handlowej, do kt\u00f3rego nale\u017cy z\u0142o\u017cy\u0107 wniosek o rozpatrzenie sprawy przed s\u0105dem polubownym. Co do zasady post\u0119powanie jest bezp\u0142atne. Wykaz s\u0105d\u00f3w dost\u0119pny jest pod adresem: <a href=\"https:\/\/www.uokik.gov.pl\/wazne_adresy.php#faq596\">https:\/\/www.uokik.gov.pl\/wazne_adresy.php#faq596<\/a>;<\/li>\n\n<li>bezp\u0142atnej pomocy miejskiego lub powiatowego rzecznika Konsument\u00f3w;<\/li>\n\n<li>internetowej platformy ODR dost\u0119pnej pod adresem: <a href=\"https:\/\/ec.europa.eu\/consumers\/odr\/main\/?event=main.home.howitworks\">https:\/\/ec.europa.eu\/consumers\/odr\/main\/?event=main.home.howitworks<\/a>.<\/li><\/ol><\/li><\/ol><p><strong>6. DANE OSOBOWE<\/strong><\/p><ol class=\"wp-block-list\"><li>Administratorem danych osobowych przekazanych przez Kupuj\u0105cego podczas korzystania z Konta jest Sprzedawca. Szczeg\u00f3\u0142owe informacje dotycz\u0105ce przetwarzania danych osobowych przez Sprzedawc\u0119 \u2013 w tym o pozosta\u0142ych celach oraz podstawach przetwarzania danych, a tak\u017ce o odbiorcach danych, znajduj\u0105 si\u0119 w dost\u0119pnej w Sklepie Polityce Prywatno\u015bci \u2013 ze wzgl\u0119du na zasad\u0119 przejrzysto\u015bci, zawart\u0105 w og\u00f3lnym rozporz\u0105dzeniu Parlamentu Europejskiego i Rady (UE) o ochronie danych \u2013 \u201eRODO\u201d.<\/li>\n\n<li>Celem przetwarzania danych Kupuj\u0105cego jest prowadzenie Konta. Podstaw\u0105 przetwarzania danych osobowych w tym przypadku jest umowa o \u015bwiadczenie us\u0142ugi lub dzia\u0142ania podejmowane na \u017c\u0105danie Kupuj\u0105cego, zmierzaj\u0105ce do jej zawarcia (art. 6 ust. 1 lit. b RODO), a tak\u017ce prawnie uzasadniony interes Sprzedawcy, polegaj\u0105cy na przetwarzaniu danych w celu ustalenia, dochodzenia lub obrony ewentualnych roszcze\u0144 (art. 6 ust. 1 lit. f RODO).<\/li>\n\n<li>Podanie danych przez Kupuj\u0105cego jest dobrowolne, ale jednocze\u015bnie konieczne do prowadzenia Konta. Niepodanie danych oznacza, \u017ce Sprzedawca nie b\u0119dzie m\u00f3g\u0142 \u015bwiadczy\u0107 us\u0142ugi prowadzenia Konta.<\/li>\n\n<li>Dane Kupuj\u0105cego b\u0119d\u0105 przetwarzane do momentu, w kt\u00f3rym:<ol class=\"wp-block-list\"><li>Konto zostanie usuni\u0119te przez Kupuj\u0105cego lub Sprzedawc\u0119 na \u017c\u0105danie Kupuj\u0105cego<\/li>\n\n<li>ustanie mo\u017cliwo\u015b\u0107 dochodzenia roszcze\u0144 przez Kupuj\u0105cego lub Sprzedawc\u0119, zwi\u0105zanych z Kontem;<\/li>\n\n<li>zostanie przyj\u0119ty sprzeciw Kupuj\u0105cego wobec przetwarzania jego danych osobowych \u2013 w przypadku gdy podstaw\u0105 przetwarzania danych by\u0142 uzasadniony interes Sprzedawcy<\/li><\/ol><\/li><\/ol><p>\u2013 w zale\u017cno\u015bci od tego, co ma zastosowanie w danym przypadku i co nast\u0105pi najp\u00f3\u017aniej.<\/p><ol class=\"wp-block-list\" start=\"5\"><li>Kupuj\u0105cemu przys\u0142uguje prawo \u017c\u0105dania:<ol class=\"wp-block-list\"><li>dost\u0119pu do swoich danych osobowych,<\/li>\n\n<li>ich sprostowania,<\/li>\n\n<li>usuni\u0119cia,<\/li>\n\n<li>ograniczenia przetwarzania,<\/li>\n\n<li>przeniesienia danych do innego administratora<br>a tak\u017ce prawo:<\/li>\n\n<li>wniesienia w dowolnym momencie sprzeciwu wobec przetwarzania danych z przyczyn zwi\u0105zanych ze szczeg\u00f3ln\u0105 sytuacj\u0105 Kupuj\u0105cego \u2013 wobec przetwarzania dotycz\u0105cych go danych osobowych, opartego na art. 6 ust. 1 lit. f RODO (tj. na prawnie uzasadnionych interesach realizowanych przez administratora).<\/li><\/ol><\/li>\n\n<li>W celu realizacji swoich praw, Kupuj\u0105cy powinien skontaktowa\u0107 si\u0119 ze Sprzedawc\u0105.<\/li>\n\n<li>W przypadku gdy Kupuj\u0105cy uzna, \u017ce jego dane s\u0105 przetwarzane niezgodnie z prawem, Kupuj\u0105cy mo\u017ce z\u0142o\u017cy\u0107 skarg\u0119 do Prezesa Urz\u0119du Ochrony Danych Osobowych.<\/li><\/ol><p><strong>7. ZASTRZE\u017bENIA<\/strong><\/p><ol class=\"wp-block-list\"><li>Zakazane jest dostarczanie przez Kupuj\u0105cego tre\u015bci o charakterze bezprawnym.<\/li>\n\n<li>Umowa w zakresie prowadzenia Konta zawierana jest w j\u0119zyku polskim.<\/li>\n\n<li>W przypadku zaistnienia wa\u017cnych przyczyn, o kt\u00f3rych mowa w ust. 4, Sprzedawca ma prawo do zmiany Regulaminu.<\/li>\n\n<li>Wa\u017cnymi przyczynami, o kt\u00f3rych mowa w ust. 3 s\u0105:<ol class=\"wp-block-list\"><li>konieczno\u015b\u0107 dostosowania Sklepu do przepis\u00f3w prawa maj\u0105cych zastosowanie do dzia\u0142alno\u015bci Sklepu<\/li>\n\n<li>poprawa bezpiecze\u0144stwa \u015bwiadczonej us\u0142ugi<\/li>\n\n<li>zmiana funkcjonalno\u015bci Konta wymagaj\u0105ca modyfikacji Regulaminu.<\/li><\/ol><\/li>\n\n<li>Kupuj\u0105cy zostanie poinformowany o planowanej zmianie Regulaminu co najmniej na 7 dni przed wprowadzeniem zmiany w \u017cycie za po\u015brednictwem wiadomo\u015bci e-mail wys\u0142anej na przypisany do Konta adres.<\/li>\n\n<li>W przypadku gdy Kupuj\u0105cy nie wyrazi akceptacji dla planowanej zmiany, powinien poinformowa\u0107 o tym Sprzedawc\u0119 poprzez wys\u0142anie odpowiedniej wiadomo\u015bci na adres e-mail Sprzedawcy kontakt@nex-group.pl, czego skutkiem b\u0119dzie rozwi\u0105zanie umowy w zakresie prowadzenia Konta z chwil\u0105 wej\u015bcia w \u017cycie planowanej zmiany lub wcze\u015bniej, je\u015bli Kupuj\u0105cy zg\u0142osi takie \u017c\u0105danie.<\/li>\n\n<li>W sytuacji, gdy Kupuj\u0105cy nie wyrazi sprzeciwu dla planowanej zmiany do chwili wej\u015bcia jej w \u017cycie przyjmuje si\u0119, \u017ce akceptuje j\u0105, co nie stanowi \u017cadnej przeszkody do rozwi\u0105zania umowy w przysz\u0142o\u015bci.<\/li>\n\n<li>W przypadku ewentualnego sporu z Kupuj\u0105cym nieb\u0119d\u0105cym Kupuj\u0105cym uprzywilejowanym, s\u0105dem w\u0142a\u015bciwym b\u0119dzie s\u0105d w\u0142a\u015bciwy dla siedziby Sprzedawcy.<\/li><\/ol>","protected":false},"excerpt":{"rendered":"<p>W SKLEPIE SKLEP.NEX-GROUP.PL SPIS TRE\u015aCI 1. Definicje 2. Kontakt ze Sprzedawc\u0105 3. Wymogi techniczne 4. Konto 5. Reklamacje 6. Dane osobowe 7. Zastrze\u017cenia 1. DEFINICJE Konsument \u2013 konsument w rozumieniu przepis\u00f3w Kodeksu cywilnego. Konto \u2013 uregulowana w Regulaminie nieodp\u0142atna funkcja Sklepu (us\u0142uga), dzi\u0119ki kt\u00f3rej Kupuj\u0105cy mo\u017ce za\u0142o\u017cy\u0107 w Sklepie swoje indywidualne konto. Kupuj\u0105cy &#8211; ka\u017cdy [&hellip;]<\/p>","protected":false},"author":2,"featured_media":0,"parent":0,"menu_order":0,"comment_status":"closed","ping_status":"closed","template":"","meta":{"_acf_changed":false,"footnotes":""},"class_list":["post-254","page","type-page","status-publish","hentry"],"acf":[],"_links":{"self":[{"href":"https:\/\/sklep.nex-group.pl\/en\/wp-json\/wp\/v2\/pages\/254","targetHints":{"allow":["GET"]}}],"collection":[{"href":"https:\/\/sklep.nex-group.pl\/en\/wp-json\/wp\/v2\/pages"}],"about":[{"href":"https:\/\/sklep.nex-group.pl\/en\/wp-json\/wp\/v2\/types\/page"}],"author":[{"embeddable":true,"href":"https:\/\/sklep.nex-group.pl\/en\/wp-json\/wp\/v2\/users\/2"}],"replies":[{"embeddable":true,"href":"https:\/\/sklep.nex-group.pl\/en\/wp-json\/wp\/v2\/comments?post=254"}],"version-history":[{"count":1,"href":"https:\/\/sklep.nex-group.pl\/en\/wp-json\/wp\/v2\/pages\/254\/revisions"}],"predecessor-version":[{"id":255,"href":"https:\/\/sklep.nex-group.pl\/en\/wp-json\/wp\/v2\/pages\/254\/revisions\/255"}],"wp:attachment":[{"href":"https:\/\/sklep.nex-group.pl\/en\/wp-json\/wp\/v2\/media?parent=254"}],"curies":[{"name":"wp","href":"https:\/\/api.w.org\/{rel}","templated":true}]}}