{"id":7,"date":"2026-01-28T10:49:25","date_gmt":"2026-01-28T09:49:25","guid":{"rendered":"http:\/\/sklep.nex-group.pl\/?page_id=7"},"modified":"2026-03-02T15:20:06","modified_gmt":"2026-03-02T14:20:06","slug":"blog","status":"publish","type":"page","link":"https:\/\/sklep.nex-group.pl\/en\/blog\/","title":{"rendered":"Blog"},"content":{"rendered":"<div data-elementor-type=\"wp-post\" data-elementor-id=\"7\" class=\"elementor elementor-7\" data-elementor-post-type=\"page\">\n\t\t\t\t<div class=\"elementor-element elementor-element-cd5711b e-flex e-con-boxed e-con e-parent\" data-id=\"cd5711b\" data-element_type=\"container\">\n\t\t\t\t\t<div class=\"e-con-inner\">\n\t\t<div class=\"elementor-element elementor-element-47d56fe e-con-full e-flex e-con e-child\" data-id=\"47d56fe\" data-element_type=\"container\">\n\t\t\t\t<div class=\"elementor-element elementor-element-e2d2ad5 elementor-posts--align-left elementor-grid-3 elementor-grid-tablet-2 elementor-grid-mobile-1 elementor-posts--thumbnail-top elementor-card-shadow-yes elementor-posts__hover-gradient elementor-widget elementor-widget-posts\" data-id=\"e2d2ad5\" data-element_type=\"widget\" data-settings=\"{&quot;cards_columns&quot;:&quot;3&quot;,&quot;cards_columns_tablet&quot;:&quot;2&quot;,&quot;cards_columns_mobile&quot;:&quot;1&quot;,&quot;cards_row_gap&quot;:{&quot;unit&quot;:&quot;px&quot;,&quot;size&quot;:35,&quot;sizes&quot;:[]},&quot;cards_row_gap_tablet&quot;:{&quot;unit&quot;:&quot;px&quot;,&quot;size&quot;:&quot;&quot;,&quot;sizes&quot;:[]},&quot;cards_row_gap_mobile&quot;:{&quot;unit&quot;:&quot;px&quot;,&quot;size&quot;:&quot;&quot;,&quot;sizes&quot;:[]}}\" data-widget_type=\"posts.cards\">\n\t\t\t\t<div class=\"elementor-widget-container\">\n\t\t\t\t\t\t\t<div class=\"elementor-posts-container elementor-posts elementor-posts--skin-cards elementor-grid\">\n\t\t\t\t<article class=\"elementor-post elementor-grid-item post-3318 post type-post status-publish format-standard hentry category-wpisy\">\n\t\t\t<div class=\"elementor-post__card\">\n\t\t\t\t<div class=\"elementor-post__text\">\n\t\t\t\t<h3 class=\"elementor-post__title\">\n\t\t\t<a href=\"https:\/\/sklep.nex-group.pl\/en\/nasz-serwis-radzi-6\/\" >\n\t\t\t\tNasz Serwis Radzi #6\t\t\t<\/a>\n\t\t<\/h3>\n\t\t\t\t<div class=\"elementor-post__excerpt\">\n\t\t\t<p>Zero-zachodz\u0105ca (ZTS) vs. Tradycyjna konstrukcja \u2013 Kiedy kompaktowo\u015b\u0107 to konieczno\u015b\u0107? Wyb\u00f3r mi\u0119dzy kopark\u0105 z tradycyjn\u0105 przeciwwag\u0105 a maszyn\u0105 typu Zero Tail Swing (ZTS) to jedna z najwa\u017cniejszych decyzji przy doposa\u017caniu floty. Cho\u0107 na pierwszy rzut oka r\u00f3\u017cni\u0105 si\u0119 tylko obrysem, w praktyce determinuj\u0105 one styl i bezpiecze\u0144stwo pracy. 1. Praca przy \u015bcianach i przeszkodach To tutaj maszyny ZTS, takie jak<\/p>\n\t\t<\/div>\n\t\t\t\t\t<div class=\"elementor-post__read-more-wrapper\">\n\t\t\n\t\t<a class=\"elementor-post__read-more\" href=\"https:\/\/sklep.nex-group.pl\/en\/nasz-serwis-radzi-6\/\" aria-label=\"Read more about Nasz Serwis Radzi #6\" tabindex=\"-1\" >\n\t\t\tCzytaj wi\u0119cej \u00bb\t\t<\/a>\n\n\t\t\t\t\t<\/div>\n\t\t\t\t<\/div>\n\t\t\t\t\t<\/div>\n\t\t<\/article>\n\t\t\t\t<article class=\"elementor-post elementor-grid-item post-3283 post type-post status-publish format-standard hentry category-wpisy\">\n\t\t\t<div class=\"elementor-post__card\">\n\t\t\t\t<div class=\"elementor-post__text\">\n\t\t\t\t<h3 class=\"elementor-post__title\">\n\t\t\t<a href=\"https:\/\/sklep.nex-group.pl\/en\/nasz-serwis-radzi-5\/\" >\n\t\t\t\tNasz Serwis Radzi #5\t\t\t<\/a>\n\t\t<\/h3>\n\t\t\t\t<div class=\"elementor-post__excerpt\">\n\t\t\t<p>Luz na ramieniu minikoparki: Sk\u0105d si\u0119 bierze, jak go zmierzy\u0107 i kiedy wezwa\u0107 serwis? Luz na ramieniu minikoparki to zmora ka\u017cdego operatora. To, co zaczyna si\u0119 od delikatnego \u201epukania\u201d przy kopaniu, z czasem zmienia si\u0119 w denerwuj\u0105ce p\u0142ywanie \u0142y\u017cki, kt\u00f3re uniemo\u017cliwia precyzyjne niwelowanie terenu czy kopanie w\u0105skich row\u00f3w pod kable. Oto kompleksowy przewodnik po tym, dlaczego ramiona trac\u0105 sztywno\u015b\u0107, jak<\/p>\n\t\t<\/div>\n\t\t\t\t\t<div class=\"elementor-post__read-more-wrapper\">\n\t\t\n\t\t<a class=\"elementor-post__read-more\" href=\"https:\/\/sklep.nex-group.pl\/en\/nasz-serwis-radzi-5\/\" aria-label=\"Read more about Nasz Serwis Radzi #5\" tabindex=\"-1\" >\n\t\t\tCzytaj wi\u0119cej \u00bb\t\t<\/a>\n\n\t\t\t\t\t<\/div>\n\t\t\t\t<\/div>\n\t\t\t\t\t<\/div>\n\t\t<\/article>\n\t\t\t\t<article class=\"elementor-post elementor-grid-item post-3254 post type-post status-publish format-standard hentry category-wpisy\">\n\t\t\t<div class=\"elementor-post__card\">\n\t\t\t\t<div class=\"elementor-post__text\">\n\t\t\t\t<h3 class=\"elementor-post__title\">\n\t\t\t<a href=\"https:\/\/sklep.nex-group.pl\/en\/nasz-serwis-radzi-4\/\" >\n\t\t\t\tNasz Serwis Radzi #4\t\t\t<\/a>\n\t\t<\/h3>\n\t\t\t\t<div class=\"elementor-post__excerpt\">\n\t\t\t<p>#4 Dlaczego czysto\u015b\u0107 uk\u0142adu paliwowego to Twoja najlepsza polisa ubezpieczeniowa? Uk\u0142ad paliwowy Yanmar, wymagaj\u0105cy czy\u015bcioch Silniki Diesla marki Yanmar to serca tysi\u0119cy jacht\u00f3w, maszyn budowlanych i agregat\u00f3w na ca\u0142ym \u015bwiecie. Cho\u0107 s\u0142yn\u0105 z niezawodno\u015bci, posiadaj\u0105 jedn\u0105 \u201epi\u0119t\u0119 achillesow\u0105\u201d: uk\u0142ad wtryskowy. W dobie rygorystycznych norm emisji spalin, nowoczesne wtryskiwacze to arcydzie\u0142a in\u017cynierii, kt\u00f3re wymagaj\u0105 chirurgicznej czysto\u015bci paliwa. 1. Wra\u017cliwo\u015b\u0107 wtryskiwaczy: Walka<\/p>\n\t\t<\/div>\n\t\t\t\t\t<div class=\"elementor-post__read-more-wrapper\">\n\t\t\n\t\t<a class=\"elementor-post__read-more\" href=\"https:\/\/sklep.nex-group.pl\/en\/nasz-serwis-radzi-4\/\" aria-label=\"Read more about Nasz Serwis Radzi #4\" tabindex=\"-1\" >\n\t\t\tCzytaj wi\u0119cej \u00bb\t\t<\/a>\n\n\t\t\t\t\t<\/div>\n\t\t\t\t<\/div>\n\t\t\t\t\t<\/div>\n\t\t<\/article>\n\t\t\t\t<article class=\"elementor-post elementor-grid-item post-3195 post type-post status-publish format-standard hentry category-wpisy\">\n\t\t\t<div class=\"elementor-post__card\">\n\t\t\t\t<div class=\"elementor-post__text\">\n\t\t\t\t<h3 class=\"elementor-post__title\">\n\t\t\t<a href=\"https:\/\/sklep.nex-group.pl\/en\/nasz-serwis-radzi-3\/\" >\n\t\t\t\tNasz Serwis Radzi\t\t\t<\/a>\n\t\t<\/h3>\n\t\t\t\t<div class=\"elementor-post__excerpt\">\n\t\t\t<p>#3 G\u0105sienice gumowe Jak unikn\u0105\u0107 zerwania i przed\u0142u\u017cy\u0107 ich \u017cywotno\u015b\u0107? G\u0105sienice gumowe to jeden z najwa\u017cniejszych i jednocze\u015bnie najbardziej eksploatowanych element\u00f3w podwozia minikoparki. To one odpowiadaj\u0105 za trakcj\u0119, stabilno\u015b\u0107 i mobilno\u015b\u0107 maszyny w trudnym terenie. Cho\u0107 nowoczesne g\u0105sienice, stosowane w maszynach YUCHAI, s\u0105 wykonane z wysokiej jako\u015bci mieszanek gumowych zbrojonych stalowymi kordami, nie s\u0105 niezniszczalne. Uszkodzenie g\u0105sienicy, a w najgorszym<\/p>\n\t\t<\/div>\n\t\t\t\t\t<div class=\"elementor-post__read-more-wrapper\">\n\t\t\n\t\t<a class=\"elementor-post__read-more\" href=\"https:\/\/sklep.nex-group.pl\/en\/nasz-serwis-radzi-3\/\" aria-label=\"Read more about Nasz Serwis Radzi\" tabindex=\"-1\" >\n\t\t\tCzytaj wi\u0119cej \u00bb\t\t<\/a>\n\n\t\t\t\t\t<\/div>\n\t\t\t\t<\/div>\n\t\t\t\t\t<\/div>\n\t\t<\/article>\n\t\t\t\t<article class=\"elementor-post elementor-grid-item post-3130 post type-post status-publish format-standard hentry category-wpisy\">\n\t\t\t<div class=\"elementor-post__card\">\n\t\t\t\t<div class=\"elementor-post__text\">\n\t\t\t\t<h3 class=\"elementor-post__title\">\n\t\t\t<a href=\"https:\/\/sklep.nex-group.pl\/en\/mini-koparki-w-praktyce-cz-2\/\" >\n\t\t\t\tMini koparki w praktyce &#8211; Cz. 2\t\t\t<\/a>\n\t\t<\/h3>\n\t\t\t\t<div class=\"elementor-post__excerpt\">\n\t\t\t<p>W pierwszej cz\u0119\u015bci naszego artyku\u0142u om\u00f3wili\u015bmy najwa\u017cniejsze r\u00f3\u017cnice mi\u0119dzy mikro a mini koparkami oraz wskazali\u015bmy sytuacje kiedy kupno jest lepsze ni\u017c wynajem. Teraz zajmijmy si\u0119 om\u00f3wieniem r\u00f3\u017cnic mi\u0119dzy dostepnymi modelami w naszej ofercie.&nbsp; Mini koparka N10 \u2013 co warto o niej wiedzie\u0107 \u201eMini koparka N10\u201d to przyk\u0142ad modelu, kt\u00f3ry wybiera si\u0119, gdy wa\u017cna jest mobilno\u015b\u0107 i praca w ograniczonej przestrzeni.Nie<\/p>\n\t\t<\/div>\n\t\t\t\t\t<div class=\"elementor-post__read-more-wrapper\">\n\t\t\n\t\t<a class=\"elementor-post__read-more\" href=\"https:\/\/sklep.nex-group.pl\/en\/mini-koparki-w-praktyce-cz-2\/\" aria-label=\"Read more about Mini koparki w praktyce &#8211; Cz. 2\" tabindex=\"-1\" >\n\t\t\tCzytaj wi\u0119cej \u00bb\t\t<\/a>\n\n\t\t\t\t\t<\/div>\n\t\t\t\t<\/div>\n\t\t\t\t\t<\/div>\n\t\t<\/article>\n\t\t\t\t<article class=\"elementor-post elementor-grid-item post-3128 post type-post status-publish format-standard hentry category-wpisy\">\n\t\t\t<div class=\"elementor-post__card\">\n\t\t\t\t<div class=\"elementor-post__text\">\n\t\t\t\t<h3 class=\"elementor-post__title\">\n\t\t\t<a href=\"https:\/\/sklep.nex-group.pl\/en\/mini-koparki-w-praktyce-jak-wybrac-sprzet-nex-group-i-nie-przeplacic\/\" >\n\t\t\t\tMini koparki w praktyce: jak wybra\u0107 sprz\u0119t Nex Group i nie przep\u0142aci\u0107\t\t\t<\/a>\n\t\t<\/h3>\n\t\t\t\t<div class=\"elementor-post__excerpt\">\n\t\t\t<p>Mini koparki s\u0105 jak \u201escyzoryk\u201d na budowie. Zajmuj\u0105 ma\u0142o miejsca, a potrafi\u0105 zrobi\u0107 bardzo du\u017co.Je\u015bli szukasz maszyny do prac ziemnych przy domu, w firmie brukarskiej, instalacyjnej albo w ma\u0142ym zak\u0142adzie us\u0142ugowym, ten poradnik jest dla Ciebie.Poka\u017c\u0119 Ci, na co patrze\u0107 przy zakupie, jak my\u015ble\u0107 o kosztach i kiedy warto postawi\u0107 na rozwi\u0105zania marki Nex. Producent i dystrybutor w jednym miejscu<\/p>\n\t\t<\/div>\n\t\t\t\t\t<div class=\"elementor-post__read-more-wrapper\">\n\t\t\n\t\t<a class=\"elementor-post__read-more\" href=\"https:\/\/sklep.nex-group.pl\/en\/mini-koparki-w-praktyce-jak-wybrac-sprzet-nex-group-i-nie-przeplacic\/\" aria-label=\"Read more about Mini koparki w praktyce: jak wybra\u0107 sprz\u0119t Nex Group i nie przep\u0142aci\u0107\" tabindex=\"-1\" >\n\t\t\tCzytaj wi\u0119cej \u00bb\t\t<\/a>\n\n\t\t\t\t\t<\/div>\n\t\t\t\t<\/div>\n\t\t\t\t\t<\/div>\n\t\t<\/article>\n\t\t\t\t<\/div>\n\t\t\n\t\t\t\t\t\t<\/div>\n\t\t\t\t<\/div>\n\t\t\t\t<\/div>\n\t\t\t\t\t<\/div>\n\t\t\t\t<\/div>\n\t\t\t\t<\/div>","protected":false},"excerpt":{"rendered":"","protected":false},"author":2,"featured_media":0,"parent":0,"menu_order":0,"comment_status":"closed","ping_status":"closed","template":"","meta":{"_acf_changed":false,"footnotes":""},"class_list":["post-7","page","type-page","status-publish","hentry"],"acf":[],"_links":{"self":[{"href":"https:\/\/sklep.nex-group.pl\/en\/wp-json\/wp\/v2\/pages\/7","targetHints":{"allow":["GET"]}}],"collection":[{"href":"https:\/\/sklep.nex-group.pl\/en\/wp-json\/wp\/v2\/pages"}],"about":[{"href":"https:\/\/sklep.nex-group.pl\/en\/wp-json\/wp\/v2\/types\/page"}],"author":[{"embeddable":true,"href":"https:\/\/sklep.nex-group.pl\/en\/wp-json\/wp\/v2\/users\/2"}],"replies":[{"embeddable":true,"href":"https:\/\/sklep.nex-group.pl\/en\/wp-json\/wp\/v2\/comments?post=7"}],"version-history":[{"count":11,"href":"https:\/\/sklep.nex-group.pl\/en\/wp-json\/wp\/v2\/pages\/7\/revisions"}],"predecessor-version":[{"id":3106,"href":"https:\/\/sklep.nex-group.pl\/en\/wp-json\/wp\/v2\/pages\/7\/revisions\/3106"}],"wp:attachment":[{"href":"https:\/\/sklep.nex-group.pl\/en\/wp-json\/wp\/v2\/media?parent=7"}],"curies":[{"name":"wp","href":"https:\/\/api.w.org\/{rel}","templated":true}]}}