{"id":1114,"date":"2024-10-24T14:01:33","date_gmt":"2024-10-24T12:01:33","guid":{"rendered":"https:\/\/sklep.nex-group.pl\/?post_type=product&#038;p=1114"},"modified":"2024-10-24T14:41:29","modified_gmt":"2024-10-24T12:41:29","slug":"ciegla-rozdzielacza-8mm-n12","status":"publish","type":"product","link":"https:\/\/sklep.nex-group.pl\/en\/product\/ciegla-rozdzielacza-8mm-n12\/","title":{"rendered":"Ci\u0119g\u0142a rozdzielacza 8mm N12"},"content":{"rendered":"<p>zestaw ci\u0119gie\u0142ek rozdzielacza o \u015brednicy 8mm do Minikoparki NEX N12.<br \/>\nkompletny zestaw wodzik\u00f3w na jedn\u0105 d\u017awigni\u0119 Joystick.<\/p>","protected":false},"excerpt":{"rendered":"<p>zestaw ci\u0119gie\u0142ek rozdzielacza o \u015brednicy 8mm do Minikoparki NEX N12. kompletny zestaw wodzik\u00f3w na jedn\u0105 d\u017awigni\u0119 Joystick.<\/p>","protected":false},"featured_media":1115,"comment_status":"open","ping_status":"closed","template":"","meta":{"_acf_changed":false},"product_brand":[],"product_cat":[17],"product_tag":[],"class_list":{"0":"post-1114","1":"product","2":"type-product","3":"status-publish","4":"has-post-thumbnail","6":"product_cat-czesci-zamienne","7":"product_shipping_class-klasa-6","9":"first","10":"instock","11":"taxable","12":"shipping-taxable","13":"purchasable","14":"product-type-simple"},"acf":[],"_links":{"self":[{"href":"https:\/\/sklep.nex-group.pl\/en\/wp-json\/wp\/v2\/product\/1114","targetHints":{"allow":["GET"]}}],"collection":[{"href":"https:\/\/sklep.nex-group.pl\/en\/wp-json\/wp\/v2\/product"}],"about":[{"href":"https:\/\/sklep.nex-group.pl\/en\/wp-json\/wp\/v2\/types\/product"}],"replies":[{"embeddable":true,"href":"https:\/\/sklep.nex-group.pl\/en\/wp-json\/wp\/v2\/comments?post=1114"}],"wp:featuredmedia":[{"embeddable":true,"href":"https:\/\/sklep.nex-group.pl\/en\/wp-json\/wp\/v2\/media\/1115"}],"wp:attachment":[{"href":"https:\/\/sklep.nex-group.pl\/en\/wp-json\/wp\/v2\/media?parent=1114"}],"wp:term":[{"taxonomy":"product_brand","embeddable":true,"href":"https:\/\/sklep.nex-group.pl\/en\/wp-json\/wp\/v2\/product_brand?post=1114"},{"taxonomy":"product_cat","embeddable":true,"href":"https:\/\/sklep.nex-group.pl\/en\/wp-json\/wp\/v2\/product_cat?post=1114"},{"taxonomy":"product_tag","embeddable":true,"href":"https:\/\/sklep.nex-group.pl\/en\/wp-json\/wp\/v2\/product_tag?post=1114"}],"curies":[{"name":"wp","href":"https:\/\/api.w.org\/{rel}","templated":true}]}}