{"id":1282,"date":"2024-12-03T13:19:10","date_gmt":"2024-12-03T12:19:10","guid":{"rendered":"https:\/\/sklep.nex-group.pl\/?post_type=product&#038;p=1282"},"modified":"2025-04-10T02:40:44","modified_gmt":"2025-04-10T00:40:44","slug":"walek-przekazniowy","status":"publish","type":"product","link":"https:\/\/sklep.nex-group.pl\/en\/product\/walek-przekazniowy\/","title":{"rendered":"Wa\u0142ek przeka\u017aniowy"},"content":{"rendered":"<p>Wa\u0142ek przeka\u017aniowy 60cm rura<\/p>\n<p>WYSOKIEJ JAKO\u015aCI WA\u0141EK TRANSMISYJNY WOM &#8211; Doskona\u0142a jako\u015b\u0107 i niezawodno\u015b\u0107!<\/p>\n<p>Nie tra\u0107 czasu na sprz\u0119t,wybierz sprawdzony sprz\u0119t. Nasz wa\u0142ek przeka\u017anika mocy, to\u00a0 niezawodno\u015b\u0107 i wydajno\u015b\u0107, jakiej potrzebujesz.<\/p>\n<p>&nbsp;<\/p>\n<p><b>\u2705Bardzo du\u017ca wytrzyma\u0142o\u015b\u0107<\/b><\/p>\n<p><b>HARTOWANY<\/b>\u00a0drobny frez gwarantuje d\u0142ugowieczno\u015b\u0107 i odporno\u015b\u0107 na intensywn\u0105 eksploatacj\u0119.<\/p>\n<p>\u2705<b>Bezpiecze\u0144stwo<\/b>: Plastikowa os\u0142onka zapewnia dodatkow\u0105 ochron\u0119, minimalizuj\u0105c ryzyko uszkodze\u0144 i zwi\u0119kszaj\u0105c bezpiecze\u0144stwo pracy.<\/p>","protected":false},"excerpt":{"rendered":"<p>Wa\u0142ek przeka\u017aniowy 60cm rura WYSOKIEJ JAKO\u015aCI WA\u0141EK TRANSMISYJNY WOM &#8211; Doskona\u0142a jako\u015b\u0107 i niezawodno\u015b\u0107! Nie tra\u0107 czasu na sprz\u0119t,wybierz sprawdzony sprz\u0119t. Nasz wa\u0142ek przeka\u017anika mocy, to\u00a0 niezawodno\u015b\u0107 i wydajno\u015b\u0107, jakiej potrzebujesz. &nbsp; \u2705Bardzo du\u017ca wytrzyma\u0142o\u015b\u0107 HARTOWANY\u00a0drobny frez gwarantuje d\u0142ugowieczno\u015b\u0107 i odporno\u015b\u0107 na intensywn\u0105 eksploatacj\u0119. \u2705Bezpiecze\u0144stwo: Plastikowa os\u0142onka zapewnia dodatkow\u0105 ochron\u0119, minimalizuj\u0105c ryzyko uszkodze\u0144 i zwi\u0119kszaj\u0105c [&hellip;]<\/p>","protected":false},"featured_media":1283,"comment_status":"open","ping_status":"closed","template":"","meta":{"_acf_changed":false},"product_brand":[],"product_cat":[32],"product_tag":[],"class_list":{"0":"post-1282","1":"product","2":"type-product","3":"status-publish","4":"has-post-thumbnail","6":"product_cat-osprzet","7":"product_shipping_class-klasa-5","9":"first","10":"instock","11":"taxable","12":"shipping-taxable","13":"purchasable","14":"product-type-simple"},"acf":[],"_links":{"self":[{"href":"https:\/\/sklep.nex-group.pl\/en\/wp-json\/wp\/v2\/product\/1282","targetHints":{"allow":["GET"]}}],"collection":[{"href":"https:\/\/sklep.nex-group.pl\/en\/wp-json\/wp\/v2\/product"}],"about":[{"href":"https:\/\/sklep.nex-group.pl\/en\/wp-json\/wp\/v2\/types\/product"}],"replies":[{"embeddable":true,"href":"https:\/\/sklep.nex-group.pl\/en\/wp-json\/wp\/v2\/comments?post=1282"}],"wp:featuredmedia":[{"embeddable":true,"href":"https:\/\/sklep.nex-group.pl\/en\/wp-json\/wp\/v2\/media\/1283"}],"wp:attachment":[{"href":"https:\/\/sklep.nex-group.pl\/en\/wp-json\/wp\/v2\/media?parent=1282"}],"wp:term":[{"taxonomy":"product_brand","embeddable":true,"href":"https:\/\/sklep.nex-group.pl\/en\/wp-json\/wp\/v2\/product_brand?post=1282"},{"taxonomy":"product_cat","embeddable":true,"href":"https:\/\/sklep.nex-group.pl\/en\/wp-json\/wp\/v2\/product_cat?post=1282"},{"taxonomy":"product_tag","embeddable":true,"href":"https:\/\/sklep.nex-group.pl\/en\/wp-json\/wp\/v2\/product_tag?post=1282"}],"curies":[{"name":"wp","href":"https:\/\/api.w.org\/{rel}","templated":true}]}}