{"id":1328,"date":"2025-01-14T14:02:33","date_gmt":"2025-01-14T13:02:33","guid":{"rendered":"https:\/\/sklep.nex-group.pl\/?post_type=product&#038;p=1328"},"modified":"2026-04-17T14:39:48","modified_gmt":"2026-04-17T12:39:48","slug":"podgarniacz-slimakowy-do-pasz-racoon-ps1200-smart","status":"publish","type":"product","link":"https:\/\/sklep.nex-group.pl\/en\/product\/podgarniacz-slimakowy-do-pasz-racoon-ps1200-smart\/","title":{"rendered":"Podgarniacz \u015blimakowy do pasz"},"content":{"rendered":"<div class=\"row\">\n<article class=\"offset-lg-1 col-lg-6 offset-xl-0 col-xl-7 mt-7 mt-lg-0\">Urz\u0105dzenie zbudowane na\u00a0podstawie lemiesza z\u00a0zamontowan\u0105 z\u00a0przodu spiral\u0105 przeno\u015bnika \u015blimakowego. Podgarniacz wyposa\u017cony jest w\u00a0listw\u0119 zgarniaj\u0105c\u0105, kt\u00f3ra s\u0142u\u017cy do\u00a0dok\u0142adnego oczyszczenia powierzchni sto\u0142u paszowego. Maszyna nap\u0119dzana jest przez silnik hydrauliczny. Zastosowanie podgarniacza umo\u017cliwia wymieszanie \u015bwie\u017cej paszy z\u00a0resztkami starej. Podczas podgarniania nast\u0119puje napowietrzenie i\u00a0spulchnienie co\u00a0bardzo dobrze wp\u0142ywa na\u00a0jako\u015b\u0107 karmy i\u00a0zapobiega jej zagrzewaniu. Szczeg\u00f3lnie polecamy w\u00a0hodowli byd\u0142a mlecznego i\u00a0opasowego.<\/p>\n<ul>\n<li>szybka i\u00a0wydajna praca<\/li>\n<li>szeroki wachlarz mocowa\u0144: TUZ, Euroramka, adaptery do\u00a0\u0142adowarek<\/li>\n<li>od\u015bwie\u017cenie i\u00a0ponowne wymieszanie karmy na\u00a0stole paszowym<\/li>\n<li>lepsza jako\u015b\u0107 i\u00a0brak zjawiska zagrzewania si\u0119\u00a0paszy<\/li>\n<\/ul>\n<div class=\"row product-feature-item no-gutters\">\n<div class=\"col-sm-6 product-feature-name text-sm-right\">Wysoko\u015b\u0107 (mm) : 800<\/div>\n<\/div>\n<div class=\"row product-feature-item no-gutters\">\n<div class=\"col-sm-6 product-feature-name text-sm-right\">Szeroko\u015b\u0107 robocza (mm) : 1200<\/div>\n<\/div>\n<div class=\"row product-feature-item no-gutters\">\n<div class=\"col-sm-6 product-feature-name text-sm-right\">Szeroko\u015b\u0107 ca\u0142kowita (mm) : 1500<\/div>\n<\/div>\n<div class=\"row product-feature-item no-gutters\">\n<div class=\"col-sm-6 product-feature-name text-sm-right\">\u015arednica \u015blimaka (mm) : 500<\/div>\n<\/div>\n<div class=\"row product-feature-item no-gutters\">\n<div class=\"col-sm-6 product-feature-name text-sm-right\">Kierunek podgarniania : Lewy<\/div>\n<\/div>\n<div class=\"row product-feature-item no-gutters\">\n<div class=\"col-sm-6 product-feature-name text-sm-right\">Uchwyt roboczy :\u00a0 TUZ, Euroramka, adaptery do \u0142adowarek<\/div>\n<\/div>\n<div class=\"row product-feature-item no-gutters\">\n<div class=\"col-sm-6 product-feature-name text-sm-right\">Wydajno\u015b\u0107 pompy ci\u0105gnika (l\/min) : 30 &#8211; 50<\/div>\n<\/div>\n<div class=\"row product-feature-item no-gutters\">\n<div class=\"col-sm-6 product-feature-name text-sm-right\">Ci\u015bnienie robocze uk\u0142adu hydraulicznego (Mpa) : 14<\/div>\n<\/div>\n<div class=\"row product-feature-item no-gutters\">\n<div class=\"col-sm-6 product-feature-name text-sm-right\">Typ silnika : BMR125<\/div>\n<\/div>\n<\/article>\n<\/div>","protected":false},"excerpt":{"rendered":"<p>Urz\u0105dzenie zbudowane na\u00a0podstawie lemiesza z\u00a0zamontowan\u0105 z\u00a0przodu spiral\u0105 przeno\u015bnika \u015blimakowego. Podgarniacz wyposa\u017cony jest w\u00a0listw\u0119 zgarniaj\u0105c\u0105, kt\u00f3ra s\u0142u\u017cy do\u00a0dok\u0142adnego oczyszczenia powierzchni sto\u0142u paszowego. Maszyna nap\u0119dzana jest przez silnik hydrauliczny. Zastosowanie podgarniacza umo\u017cliwia wymieszanie \u015bwie\u017cej paszy z\u00a0resztkami starej. Podczas podgarniania nast\u0119puje napowietrzenie i\u00a0spulchnienie co\u00a0bardzo dobrze wp\u0142ywa na\u00a0jako\u015b\u0107 karmy i\u00a0zapobiega jej zagrzewaniu. Szczeg\u00f3lnie polecamy w\u00a0hodowli byd\u0142a mlecznego i\u00a0opasowego. szybka [&hellip;]<\/p>","protected":false},"featured_media":1329,"comment_status":"closed","ping_status":"closed","template":"","meta":{"_acf_changed":false},"product_brand":[],"product_cat":[32],"product_tag":[],"class_list":{"0":"post-1328","1":"product","2":"type-product","3":"status-publish","4":"has-post-thumbnail","6":"product_cat-osprzet","7":"product_shipping_class-klasa-2","9":"first","10":"instock","11":"taxable","12":"shipping-taxable","13":"purchasable","14":"product-type-simple"},"acf":[],"_links":{"self":[{"href":"https:\/\/sklep.nex-group.pl\/en\/wp-json\/wp\/v2\/product\/1328","targetHints":{"allow":["GET"]}}],"collection":[{"href":"https:\/\/sklep.nex-group.pl\/en\/wp-json\/wp\/v2\/product"}],"about":[{"href":"https:\/\/sklep.nex-group.pl\/en\/wp-json\/wp\/v2\/types\/product"}],"replies":[{"embeddable":true,"href":"https:\/\/sklep.nex-group.pl\/en\/wp-json\/wp\/v2\/comments?post=1328"}],"wp:featuredmedia":[{"embeddable":true,"href":"https:\/\/sklep.nex-group.pl\/en\/wp-json\/wp\/v2\/media\/1329"}],"wp:attachment":[{"href":"https:\/\/sklep.nex-group.pl\/en\/wp-json\/wp\/v2\/media?parent=1328"}],"wp:term":[{"taxonomy":"product_brand","embeddable":true,"href":"https:\/\/sklep.nex-group.pl\/en\/wp-json\/wp\/v2\/product_brand?post=1328"},{"taxonomy":"product_cat","embeddable":true,"href":"https:\/\/sklep.nex-group.pl\/en\/wp-json\/wp\/v2\/product_cat?post=1328"},{"taxonomy":"product_tag","embeddable":true,"href":"https:\/\/sklep.nex-group.pl\/en\/wp-json\/wp\/v2\/product_tag?post=1328"}],"curies":[{"name":"wp","href":"https:\/\/api.w.org\/{rel}","templated":true}]}}