{"id":1385,"date":"2025-02-11T09:38:34","date_gmt":"2025-02-11T08:38:34","guid":{"rendered":"https:\/\/sklep.nex-group.pl\/?post_type=product&#038;p=1385"},"modified":"2026-03-26T08:24:33","modified_gmt":"2026-03-26T07:24:33","slug":"wozidlo-elektryczne-garden-500kg","status":"publish","type":"product","link":"https:\/\/sklep.nex-group.pl\/en\/product\/wozidlo-elektryczne-garden-500kg\/","title":{"rendered":"Wozid\u0142o elektryczne GARDEN 500kg, 09555"},"content":{"rendered":"<p><strong><span style=\"color: #ff0000;\">Promocja dotyczy wozide\u0142 wyprodukowanych w roku 2024 &#8211; ilo\u015b\u0107 sztuk ograniczona<\/span><\/strong><\/p>\n<p>Na sprzeda\u017c wozid\u0142o \/ taczka ogrodnicza NEX 500 GARDEN 09555. Taczka wyposa\u017cona w bezg\u0142o\u015bny i 0 emisyjny silnik elektryczny, doskonale radzi sobie z transportem ci\u0119\u017ckich \u0142adunk\u00f3w do 500 kg. Platforma ze zdejmowanymi burtami, zapewnia bezpieczny przew\u00f3z r\u00f3\u017cnego rodzaju \u0142adunk\u00f3w, w spos\u00f3b szybki i bezproblemowy. Wozid\u0142a elektryczne pracuj\u0105 tylko podczas u\u017cytkowania i w przeciwie\u0144stwie do wersji spalinowych, podczas postoju nie pobieraj\u0105 energii. Czas pracy na jednym \u0142adowaniu wynosi do 6h. Wywrotka wyposa\u017cona w \u0142adowark\u0119 sieciow\u0105.<\/p>\n<p>Wozid\u0142o sprawdzi si\u0119 w wielu r\u00f3\u017cnych zastosowaniach, m.in.:<\/p>\n<p><strong>Rolnictwo:<\/strong> transport skrzy\u0144 warzyw czy owoc\u00f3w, work\u00f3w ziemi, kory, prace porz\u0105dkowe<br \/>\n<strong>Ogrodnictwo:<\/strong> transport ziemi, kamieni, wykopywanie do\u0142\u00f3w, niwelowanie terenu, tworzenie rabat, przew\u00f3z drzew i krzew\u00f3w<br \/>\n<strong>Brukarstwo:<\/strong> transport obrze\u017cy, kostki brukowej, work\u00f3w<br \/>\n<strong>Budownictwo:<\/strong> transport materia\u0142\u00f3w budowlanych, gruzu \u2013 nie zast\u0105piona wewn\u0105trz budynk\u00f3w.<br \/>\n<strong>Hodowla zwierz\u0105t :<\/strong> transport paszy czy siana. Niezast\u0105pione w ka\u017cdej stajni.<\/p>\n<p>Wozid\u0142o NEX 500 to dobry pomys\u0142 r\u00f3wnie\u017c dla prywatnych u\u017cytkownik\u00f3w, gdzie przyda si\u0119 w pracach ogrodowych, remontowych czy budowlanych wok\u00f3\u0142 domu.<\/p>\n<p>Przy zakupie miniwozid\u0142a NEX500 garden 09555, nie zapomnij o NEX N10 lub Nex N12, Miniwozid\u0142o wraz z minikopark\u0105 tworz\u0105 sp\u00f3jn\u0105 ca\u0142o\u015b\u0107.<\/p>\n<p><strong><em>Dane techniczne:<\/em><\/strong><\/p>\n<p><strong>Moc silnika:<\/strong> 1000 W<br \/>\n<strong>Maksymalna \u0142adowno\u015b\u0107:<\/strong> 500 kg<br \/>\n<strong>Pr\u0119dko\u015b\u0107 jazdy prz\u00f3d:<\/strong> 0-6 km\/h<br \/>\n<strong>Pr\u0119dko\u015b\u0107 jazdy ty\u0142:<\/strong> 0-1,5 km\/h<br \/>\n<strong>Rozmiar k\u00f3\u0142 przednich nap\u0119dowych:<\/strong> 4.00-8<br \/>\n<strong>Tylne ko\u0142a skr\u0119tne:<\/strong> 5.00-6<br \/>\n<strong>Waga:<\/strong> 146 kg<br \/>\n<strong>Napi\u0119cie znamionowe:<\/strong> 48 V<br \/>\n<strong>Czas pracy:<\/strong> max 6-8 h<br \/>\n<strong>akumulator : <\/strong>kwasowo &#8211; o\u0142owiowy\u00a0<strong><br \/>\nBaterie:<\/strong> 1x (48 V 25 Ah)<br \/>\n<strong>Wymiary<\/strong> (d\u0142ugo\u015b\u0107 \/ szeroko\u015b\u0107 \/ wysoko\u015b\u0107): 159 cm \/ 75 cm \/ 95 cm<br \/>\n* wymiar szkrzyni \u0142adunkowej : 100cmx75cm<br \/>\n<strong>Pe\u0142ny cykl \u0142adowania:<\/strong> 8 h<\/p>\n<p>&nbsp;<\/p>\n<p><strong><span style=\"color: #ff0000;\">UWAGA : wozid\u0142o wysy\u0142ane jest w skrzyni, do samodzielnego\u00a0z\u0142o\u017cenia!<\/span><\/strong><\/p>","protected":false},"excerpt":{"rendered":"<p>Promocja dotyczy wozide\u0142 wyprodukowanych w roku 2024 &#8211; ilo\u015b\u0107 sztuk ograniczona Na sprzeda\u017c wozid\u0142o \/ taczka ogrodnicza NEX 500 GARDEN 09555. Taczka wyposa\u017cona w bezg\u0142o\u015bny i 0 emisyjny silnik elektryczny, doskonale radzi sobie z transportem ci\u0119\u017ckich \u0142adunk\u00f3w do 500 kg. Platforma ze zdejmowanymi burtami, zapewnia bezpieczny przew\u00f3z r\u00f3\u017cnego rodzaju \u0142adunk\u00f3w, w spos\u00f3b szybki i bezproblemowy. [&hellip;]<\/p>","protected":false},"featured_media":1887,"comment_status":"closed","ping_status":"closed","template":"","meta":{"_acf_changed":false},"product_brand":[],"product_cat":[27],"product_tag":[],"class_list":{"0":"post-1385","1":"product","2":"type-product","3":"status-publish","4":"has-post-thumbnail","6":"product_cat-wozidla","7":"product_shipping_class-klasa-10","9":"first","10":"outofstock","11":"sale","12":"taxable","13":"shipping-taxable","14":"purchasable","15":"product-type-simple"},"acf":[],"_links":{"self":[{"href":"https:\/\/sklep.nex-group.pl\/en\/wp-json\/wp\/v2\/product\/1385","targetHints":{"allow":["GET"]}}],"collection":[{"href":"https:\/\/sklep.nex-group.pl\/en\/wp-json\/wp\/v2\/product"}],"about":[{"href":"https:\/\/sklep.nex-group.pl\/en\/wp-json\/wp\/v2\/types\/product"}],"replies":[{"embeddable":true,"href":"https:\/\/sklep.nex-group.pl\/en\/wp-json\/wp\/v2\/comments?post=1385"}],"wp:featuredmedia":[{"embeddable":true,"href":"https:\/\/sklep.nex-group.pl\/en\/wp-json\/wp\/v2\/media\/1887"}],"wp:attachment":[{"href":"https:\/\/sklep.nex-group.pl\/en\/wp-json\/wp\/v2\/media?parent=1385"}],"wp:term":[{"taxonomy":"product_brand","embeddable":true,"href":"https:\/\/sklep.nex-group.pl\/en\/wp-json\/wp\/v2\/product_brand?post=1385"},{"taxonomy":"product_cat","embeddable":true,"href":"https:\/\/sklep.nex-group.pl\/en\/wp-json\/wp\/v2\/product_cat?post=1385"},{"taxonomy":"product_tag","embeddable":true,"href":"https:\/\/sklep.nex-group.pl\/en\/wp-json\/wp\/v2\/product_tag?post=1385"}],"curies":[{"name":"wp","href":"https:\/\/api.w.org\/{rel}","templated":true}]}}