{"id":1407,"date":"2025-02-20T11:56:42","date_gmt":"2025-02-20T10:56:42","guid":{"rendered":"https:\/\/sklep.nex-group.pl\/?post_type=product&#038;p=1407"},"modified":"2025-10-17T08:49:46","modified_gmt":"2025-10-17T06:49:46","slug":"wozidlo-gasienicowe-300kg","status":"publish","type":"product","link":"https:\/\/sklep.nex-group.pl\/en\/product\/wozidlo-gasienicowe-300kg\/","title":{"rendered":"Wozid\u0142o g\u0105sienicowe 300kg 09710"},"content":{"rendered":"<p><strong>Wozid\u0142o g\u0105sienicowe NEX 09710<\/strong>\u00a0<strong> 300 kg<\/strong>\u00a0 to <strong>solidna i niezawodna<\/strong> maszyna, kt\u00f3re sprosta wymaganiom w r\u00f3\u017cnych bran\u017cach i najtrudniejszym terenie. Wozid\u0142o spalinowe Nex 09710 zosta\u0142o skonstruowane w taki spos\u00f3b aby <strong>radzi\u0107 sobie<\/strong> w najtrudniejszym terenie z ci\u0119\u017ckimi \u0142adunkami. <strong>Masywne g\u0105sienice<\/strong> pozwalaj\u0105 porusza\u0107 si\u0119 w trudnym terenie, gdzie <strong>si\u0142a i przyczepno\u015b\u0107<\/strong> jest testowana na ka\u017cdym kroku. Lekki i <strong>wydajny<\/strong> silnik Loncin G200F, wsparty masywn\u0105 ram\u0105 zapewni komfortow\u0105 prac\u0119 w <strong>ka\u017cdych warunkach<\/strong>. Niewielkie wymiary pozwalaj\u0105 na przejazd przez wi\u0119kszo\u015b\u0107 drzwi i furtek ogrodniczych. Skr\u0119t \u201eburtowy\u201d pozwala na <strong>zawracanie w miejscu<\/strong>, niczym koparka, z kt\u00f3r\u0105 de fakto pracuje mu si\u0119 najlepiej. Taczka ta posiada mechaniczn\u0105 skrzyni\u0119 z 3 prze\u0142o\u017ceniami do przodu i jednym do ty\u0142u. Dzi\u0119ki takiemu rozwi\u0105zaniu mo\u017cemy dopasowa\u0107 tempo pracy jak si\u0142\u0119 urz\u0105dzenia do aktualnych potrzeb. Rozk\u0142adane burty pozwalaj\u0105 na zabranie wi\u0119kszej ilo\u015bci towaru.<\/p>\n<ul>\n<li><b>Wozid\u0142o g\u0105sienicowe 300kg 09710<br \/>\nSilnik<\/b>: 1-cylindrowy, 4-suwowy OHV Loncin G200F<\/li>\n<li><b>Moc silnika<\/b>: 4.8 kW \/ 6.5 KM<\/li>\n<li><b>Pojemno\u015b\u0107 silnika<\/b>: 196 cm\u00b3<\/li>\n<li><b>\u0141adowno\u015b\u0107<\/b>: 300 kg<\/li>\n<li><b>Biegi (prz\u00f3d\/ty\u0142)<\/b>: 3 \/ 1<\/li>\n<li><b>D\u0142ugo\u015b\u0107 skrzyni<\/b>: 907-1040 mm<\/li>\n<li><b>Szeroko\u015b\u0107 skrzyni<\/b>: 600-860 mm<\/li>\n<li><b>G\u0142\u0119boko\u015b\u0107 skrzyni<\/b>: 204 mm<\/li>\n<li><b>Szeroko\u015b\u0107 g\u0105sienic<\/b>: 180 mm<\/li>\n<li><b>Poziom mocy akustycznej<\/b>: 101 dB(A), k=2 dB(A)<\/li>\n<li><b>Poziom ci\u015bnienia akustycznego<\/b>: 81.5 dB(A), k=2 dB(A)<\/li>\n<li><b>Wibracje (lewy\/prawy)<\/b>: 10.1\/11.3 m\/s\u00b2, k=1.5 m\/s\u00b2<\/li>\n<li><b>Pojemno\u015b\u0107 zbiornika paliwa<\/b>: 3.6 l<\/li>\n<li><b>Pojemno\u015b\u0107 zbiornika oleju<\/b>: 0.6 l<\/li>\n<li><b>Rozruch<\/b>: R\u0119czny<\/li>\n<li><b>Ci\u0119\u017car<\/b>: 160 kg<br \/>\n<strong>UWAGA : wozid\u0142o wysy\u0142ane jest w skrzyni, do samodzielnego z\u0142o\u017cenia!<br \/>\n<\/strong><\/li>\n<\/ul>","protected":false},"excerpt":{"rendered":"<p>Wozid\u0142o g\u0105sienicowe NEX 09710\u00a0 300 kg\u00a0 to solidna i niezawodna maszyna, kt\u00f3re sprosta wymaganiom w r\u00f3\u017cnych bran\u017cach i najtrudniejszym terenie. Wozid\u0142o spalinowe Nex 09710 zosta\u0142o skonstruowane w taki spos\u00f3b aby radzi\u0107 sobie w najtrudniejszym terenie z ci\u0119\u017ckimi \u0142adunkami. Masywne g\u0105sienice pozwalaj\u0105 porusza\u0107 si\u0119 w trudnym terenie, gdzie si\u0142a i przyczepno\u015b\u0107 jest testowana na ka\u017cdym kroku. [&hellip;]<\/p>","protected":false},"featured_media":1413,"comment_status":"open","ping_status":"closed","template":"","meta":{"_acf_changed":false},"product_brand":[],"product_cat":[27],"product_tag":[],"class_list":{"0":"post-1407","1":"product","2":"type-product","3":"status-publish","4":"has-post-thumbnail","6":"product_cat-wozidla","7":"product_shipping_class-klasa-3","9":"first","10":"instock","11":"taxable","12":"shipping-taxable","13":"purchasable","14":"product-type-simple"},"acf":[],"_links":{"self":[{"href":"https:\/\/sklep.nex-group.pl\/en\/wp-json\/wp\/v2\/product\/1407","targetHints":{"allow":["GET"]}}],"collection":[{"href":"https:\/\/sklep.nex-group.pl\/en\/wp-json\/wp\/v2\/product"}],"about":[{"href":"https:\/\/sklep.nex-group.pl\/en\/wp-json\/wp\/v2\/types\/product"}],"replies":[{"embeddable":true,"href":"https:\/\/sklep.nex-group.pl\/en\/wp-json\/wp\/v2\/comments?post=1407"}],"wp:featuredmedia":[{"embeddable":true,"href":"https:\/\/sklep.nex-group.pl\/en\/wp-json\/wp\/v2\/media\/1413"}],"wp:attachment":[{"href":"https:\/\/sklep.nex-group.pl\/en\/wp-json\/wp\/v2\/media?parent=1407"}],"wp:term":[{"taxonomy":"product_brand","embeddable":true,"href":"https:\/\/sklep.nex-group.pl\/en\/wp-json\/wp\/v2\/product_brand?post=1407"},{"taxonomy":"product_cat","embeddable":true,"href":"https:\/\/sklep.nex-group.pl\/en\/wp-json\/wp\/v2\/product_cat?post=1407"},{"taxonomy":"product_tag","embeddable":true,"href":"https:\/\/sklep.nex-group.pl\/en\/wp-json\/wp\/v2\/product_tag?post=1407"}],"curies":[{"name":"wp","href":"https:\/\/api.w.org\/{rel}","templated":true}]}}