{"id":1477,"date":"2025-03-18T15:52:35","date_gmt":"2025-03-18T14:52:35","guid":{"rendered":"https:\/\/sklep.nex-group.pl\/?post_type=product&#038;p=1477"},"modified":"2026-03-17T09:24:33","modified_gmt":"2026-03-17T08:24:33","slug":"rebak-36080","status":"publish","type":"product","link":"https:\/\/sklep.nex-group.pl\/en\/product\/rebak-36080\/","title":{"rendered":"R\u0119bak 6,5KM (36080)"},"content":{"rendered":"<p><strong>R\u0119bak NEX 36080<\/strong> z <strong>mocnym i wydajnym<\/strong> silnikiem 6,5 KM oraz mechanizmem tn\u0105cym nap\u0119dzanym za po\u015brednictwem dw\u00f3ch pask\u00f3w klinowych pozwala na rozdrabnianie\u00a0 ga\u0142\u0119zi o grubo\u015bci do 100 mm. <strong>Rozdrabniacz<\/strong> wyposa\u017cony jest w system <strong>no\u017cy szybkotn\u0105cych<\/strong> o wymiarach 150&#215;55 mm radz\u0105cych sobie z rozdrabnianiem ka\u017cdego rodzaju drewna z wycinek ogrodowych. Idealny do pracy w ogrodzie, sadzie itp. <strong>Du\u017ce<\/strong> pompowane<strong> ko\u0142a<\/strong> w rozmiarze 4.00-4 u\u0142atwiaj\u0105 transport maszyny i poprawiaj\u0105 <strong>stabilno\u015b<\/strong>\u0107 podczas pracy. Rura zrzutowa ci\u0119tego materia\u0142u umo\u017cliwia kierowanie zr\u0119bek bezpo\u015brednio na przyczepk\u0119, taczk\u0119 czy w\u00f3zek transportowy. Du\u017cy i d\u0142ugi lej wsadowy zapewnia \u0142atw\u0105 i <strong>bezpieczn\u0105 prac\u0119<\/strong>. Dla zwi\u0119kszenia bezpiecze\u0144stwa operatora rozdrabniacza, zosat\u0142 zamontowany <strong>wy\u0142\u0105cznik bezpiecze\u0144stwa.<\/strong><\/p>\n<p>SPECYFIKACJA TECHNICZNA<\/p>\n<p>Grubo\u015b\u0107 ci\u0119cia : do 60 mm\u00a0 \u015bwie\u017cych ga\u0142\u0119zi (6cm)<br \/>\nIlo\u015b\u0107 no\u017cy: 2<br \/>\nUk\u0142ad tn\u0105cy: ostrze podw\u00f3jne, dwustronne<br \/>\nSilnik: Loncin G200F<br \/>\nTyp silnika: 4-suwowy<br \/>\nMoc: 6.5 KM<br \/>\nPr\u0119dko\u015b\u0107 obrotowa silnika: 3700 RPM<br \/>\nPr\u0119dko\u015b\u0107 obrotowa no\u017cy: 2400 RPM<br \/>\nRozruch: linkowy, r\u0119czny<br \/>\nTyp paliwa: Benzyna<br \/>\nPojemno\u015b\u0107 zbiornika paliwa: 3,6 l<br \/>\nWydajno\u015b\u0107 pracy: 3-5 m3\/h<br \/>\nKo\u0142a: 4.00\/4<\/p>\n<p>Wymiary rozdrabniacza: 180 x 55 x 115 cm<br \/>\nCi\u0119\u017car: 95,5 kg<\/p>\n<p>Wymiary paczki: 90 x 58 x 77 cm<br \/>\nCi\u0119\u017car paczki: 116 kg<\/p>\n<p>&nbsp;<\/p>\n<p>Standardowo r\u0119bak wysy\u0142any jest w skrzyni do samodzielnego z\u0142o\u017cenia.<br \/>\nWysy\u0142ka r\u0119baka na palecie, gotowego do pracy = koszt +300z\u0142 BRUTTO.<\/p>","protected":false},"excerpt":{"rendered":"<p>R\u0119bak NEX 36080 z mocnym i wydajnym silnikiem 6,5 KM oraz mechanizmem tn\u0105cym nap\u0119dzanym za po\u015brednictwem dw\u00f3ch pask\u00f3w klinowych pozwala na rozdrabnianie\u00a0 ga\u0142\u0119zi o grubo\u015bci do 100 mm. Rozdrabniacz wyposa\u017cony jest w system no\u017cy szybkotn\u0105cych o wymiarach 150&#215;55 mm radz\u0105cych sobie z rozdrabnianiem ka\u017cdego rodzaju drewna z wycinek ogrodowych. Idealny do pracy w ogrodzie, sadzie [&hellip;]<\/p>","protected":false},"featured_media":1478,"comment_status":"closed","ping_status":"closed","template":"","meta":{"_acf_changed":false},"product_brand":[],"product_cat":[50],"product_tag":[],"class_list":{"0":"post-1477","1":"product","2":"type-product","3":"status-publish","4":"has-post-thumbnail","6":"product_cat-rebaki","7":"product_shipping_class-klasa-2","9":"first","10":"onbackorder","11":"taxable","12":"shipping-taxable","13":"purchasable","14":"product-type-simple"},"acf":[],"_links":{"self":[{"href":"https:\/\/sklep.nex-group.pl\/en\/wp-json\/wp\/v2\/product\/1477","targetHints":{"allow":["GET"]}}],"collection":[{"href":"https:\/\/sklep.nex-group.pl\/en\/wp-json\/wp\/v2\/product"}],"about":[{"href":"https:\/\/sklep.nex-group.pl\/en\/wp-json\/wp\/v2\/types\/product"}],"replies":[{"embeddable":true,"href":"https:\/\/sklep.nex-group.pl\/en\/wp-json\/wp\/v2\/comments?post=1477"}],"wp:featuredmedia":[{"embeddable":true,"href":"https:\/\/sklep.nex-group.pl\/en\/wp-json\/wp\/v2\/media\/1478"}],"wp:attachment":[{"href":"https:\/\/sklep.nex-group.pl\/en\/wp-json\/wp\/v2\/media?parent=1477"}],"wp:term":[{"taxonomy":"product_brand","embeddable":true,"href":"https:\/\/sklep.nex-group.pl\/en\/wp-json\/wp\/v2\/product_brand?post=1477"},{"taxonomy":"product_cat","embeddable":true,"href":"https:\/\/sklep.nex-group.pl\/en\/wp-json\/wp\/v2\/product_cat?post=1477"},{"taxonomy":"product_tag","embeddable":true,"href":"https:\/\/sklep.nex-group.pl\/en\/wp-json\/wp\/v2\/product_tag?post=1477"}],"curies":[{"name":"wp","href":"https:\/\/api.w.org\/{rel}","templated":true}]}}