{"id":1550,"date":"2025-04-04T08:48:08","date_gmt":"2025-04-04T06:48:08","guid":{"rendered":"https:\/\/sklep.nex-group.pl\/?post_type=product&#038;p=1550"},"modified":"2026-03-23T09:15:55","modified_gmt":"2026-03-23T08:15:55","slug":"taczka-gasienicowa-wozidlo-budowlane-nex-n800-silnik-13hp-diesel","status":"publish","type":"product","link":"https:\/\/sklep.nex-group.pl\/en\/product\/taczka-gasienicowa-wozidlo-budowlane-nex-n800-silnik-13hp-diesel\/","title":{"rendered":"Taczka g\u0105sienicowa Wozid\u0142o Budowlane NEX N800 silnik  Diesel"},"content":{"rendered":"<p>Wozid\u0142o budowlane \/ taczka g\u0105sienicowa samoza\u0142adowcza oraz wysokim roz\u0142adunkiem model<strong> NEX N800<\/strong>. Sprz\u0119t nap\u0119dza silnik <strong>KOOP 192F<\/strong> o mocy <strong>7,6 kW<\/strong>. \u0141adowno\u015b\u0107 modelu N800 wynosi <strong>800kg<\/strong>. Mo\u017ce bezpiecznie porusza\u0107 si\u0119 przy nachyleniu 30 stopni. Mocna, stalowa skrzynia \u0142adunkowa doskonale nadaje si\u0119 do r\u00f3\u017cnego rodzaju zada\u0144.<\/p>\n<p>Ci\u0119\u017car roboczy : <strong>830 kg<\/strong><br \/>\nUd\u017awig : <strong>800 kg<\/strong><br \/>\nPojemno\u015b\u0107 :\u00a0 <strong>0.28 m3<\/strong><br \/>\nTyp pracy : <strong>samo-za\u0142adunek, wysoki roz\u0142adunek<\/strong><\/p>\n<p>Silnik<br \/>\nMarka <strong>KOOP 192F (DIESEL)<\/strong><br \/>\nPojemno\u015b\u0107<strong> 0.499 l<\/strong><br \/>\nMoc znamionowa<strong> 7,6 kW<\/strong><\/p>\n<p>Maksymalna pr\u0119dko\u015b\u0107 jazdy<strong> 6 km\/h<\/strong><br \/>\nMinimalna pr\u0119dko\u015b\u0107 jazdy <strong>2 km\/h<\/strong>\u00a0<strong><br \/>\n<\/strong>wysoko\u015b\u0107 wy\u0142adunku :<strong> 1700mm<\/strong><\/p>\n<p>Hydraulika<br \/>\nTyp pompy pompa z\u0119bata<br \/>\nCi\u015bnienie<strong> 16 MPa<\/strong><br \/>\nPrzep\u0142yw <strong>32 l\/min<\/strong><br \/>\nPojemno\u015b\u0107 zbiornika oleju<strong> 14 l<br \/>\n<\/strong><\/p>\n<p>wymiary<br \/>\n<strong>d\u0142ugo\u015b\u0107<\/strong> : 1795 mm\u00a0 <strong>szeroko\u015b\u0107<\/strong> : 820mm <strong>wysoko\u015b\u0107 :<\/strong> 1060mm<br \/>\n<strong>szeroko\u015b\u0107 g\u0105sienicy :<\/strong> 180mm<br \/>\n<strong>wysoko\u015b\u0107 g\u0105sienicy :<\/strong> 320mm<br \/>\n<strong>d\u0142ugo\u015b\u0107 g\u0105sienicy :<\/strong> 1230mm<\/p>","protected":false},"excerpt":{"rendered":"<p>Wozid\u0142o budowlane \/ taczka g\u0105sienicowa samoza\u0142adowcza oraz wysokim roz\u0142adunkiem model NEX N800. Sprz\u0119t nap\u0119dza silnik KOOP 192F o mocy 7,6 kW. \u0141adowno\u015b\u0107 modelu N800 wynosi 800kg. Mo\u017ce bezpiecznie porusza\u0107 si\u0119 przy nachyleniu 30 stopni. Mocna, stalowa skrzynia \u0142adunkowa doskonale nadaje si\u0119 do r\u00f3\u017cnego rodzaju zada\u0144. Ci\u0119\u017car roboczy : 830 kg Ud\u017awig : 800 kg Pojemno\u015b\u0107 [&hellip;]<\/p>","protected":false},"featured_media":1543,"comment_status":"closed","ping_status":"closed","template":"","meta":{"_acf_changed":false},"product_brand":[],"product_cat":[27],"product_tag":[],"class_list":{"0":"post-1550","1":"product","2":"type-product","3":"status-publish","4":"has-post-thumbnail","6":"product_cat-wozidla","7":"product_shipping_class-klasa-11-750-brutto","9":"first","10":"outofstock","11":"taxable","12":"shipping-taxable","13":"purchasable","14":"product-type-simple"},"acf":[],"_links":{"self":[{"href":"https:\/\/sklep.nex-group.pl\/en\/wp-json\/wp\/v2\/product\/1550","targetHints":{"allow":["GET"]}}],"collection":[{"href":"https:\/\/sklep.nex-group.pl\/en\/wp-json\/wp\/v2\/product"}],"about":[{"href":"https:\/\/sklep.nex-group.pl\/en\/wp-json\/wp\/v2\/types\/product"}],"replies":[{"embeddable":true,"href":"https:\/\/sklep.nex-group.pl\/en\/wp-json\/wp\/v2\/comments?post=1550"}],"wp:featuredmedia":[{"embeddable":true,"href":"https:\/\/sklep.nex-group.pl\/en\/wp-json\/wp\/v2\/media\/1543"}],"wp:attachment":[{"href":"https:\/\/sklep.nex-group.pl\/en\/wp-json\/wp\/v2\/media?parent=1550"}],"wp:term":[{"taxonomy":"product_brand","embeddable":true,"href":"https:\/\/sklep.nex-group.pl\/en\/wp-json\/wp\/v2\/product_brand?post=1550"},{"taxonomy":"product_cat","embeddable":true,"href":"https:\/\/sklep.nex-group.pl\/en\/wp-json\/wp\/v2\/product_cat?post=1550"},{"taxonomy":"product_tag","embeddable":true,"href":"https:\/\/sklep.nex-group.pl\/en\/wp-json\/wp\/v2\/product_tag?post=1550"}],"curies":[{"name":"wp","href":"https:\/\/api.w.org\/{rel}","templated":true}]}}