{"id":1553,"date":"2025-04-04T09:07:43","date_gmt":"2025-04-04T07:07:43","guid":{"rendered":"https:\/\/sklep.nex-group.pl\/?post_type=product&#038;p=1553"},"modified":"2025-11-24T09:51:25","modified_gmt":"2025-11-24T08:51:25","slug":"plug-do-sniegu-mini-ladowarka-multi","status":"publish","type":"product","link":"https:\/\/sklep.nex-group.pl\/en\/product\/plug-do-sniegu-mini-ladowarka-multi\/","title":{"rendered":"P\u0142ug do \u015bniegu Mini \u0142adowarka MULTI"},"content":{"rendered":"<p>P\u0142ug do \u015bniegu przeznaczony do maszyny NEX MULTI<br \/>\nszeroko\u015b\u0107 160cm<\/p>","protected":false},"excerpt":{"rendered":"<p>P\u0142ug do \u015bniegu przeznaczony do maszyny NEX MULTI szeroko\u015b\u0107 160cm<\/p>","protected":false},"featured_media":1554,"comment_status":"open","ping_status":"closed","template":"","meta":{"_acf_changed":false},"product_brand":[],"product_cat":[32],"product_tag":[],"class_list":{"0":"post-1553","1":"product","2":"type-product","3":"status-publish","4":"has-post-thumbnail","6":"product_cat-osprzet","7":"product_shipping_class-klasa-5","9":"first","10":"outofstock","11":"taxable","12":"shipping-taxable","13":"purchasable","14":"product-type-simple"},"acf":[],"_links":{"self":[{"href":"https:\/\/sklep.nex-group.pl\/en\/wp-json\/wp\/v2\/product\/1553","targetHints":{"allow":["GET"]}}],"collection":[{"href":"https:\/\/sklep.nex-group.pl\/en\/wp-json\/wp\/v2\/product"}],"about":[{"href":"https:\/\/sklep.nex-group.pl\/en\/wp-json\/wp\/v2\/types\/product"}],"replies":[{"embeddable":true,"href":"https:\/\/sklep.nex-group.pl\/en\/wp-json\/wp\/v2\/comments?post=1553"}],"wp:featuredmedia":[{"embeddable":true,"href":"https:\/\/sklep.nex-group.pl\/en\/wp-json\/wp\/v2\/media\/1554"}],"wp:attachment":[{"href":"https:\/\/sklep.nex-group.pl\/en\/wp-json\/wp\/v2\/media?parent=1553"}],"wp:term":[{"taxonomy":"product_brand","embeddable":true,"href":"https:\/\/sklep.nex-group.pl\/en\/wp-json\/wp\/v2\/product_brand?post=1553"},{"taxonomy":"product_cat","embeddable":true,"href":"https:\/\/sklep.nex-group.pl\/en\/wp-json\/wp\/v2\/product_cat?post=1553"},{"taxonomy":"product_tag","embeddable":true,"href":"https:\/\/sklep.nex-group.pl\/en\/wp-json\/wp\/v2\/product_tag?post=1553"}],"curies":[{"name":"wp","href":"https:\/\/api.w.org\/{rel}","templated":true}]}}