{"id":1605,"date":"2025-04-15T14:06:21","date_gmt":"2025-04-15T12:06:21","guid":{"rendered":"https:\/\/sklep.nex-group.pl\/?post_type=product&#038;p=1605"},"modified":"2026-01-07T14:55:18","modified_gmt":"2026-01-07T13:55:18","slug":"nex-n85-kabina","status":"publish","type":"product","link":"https:\/\/sklep.nex-group.pl\/en\/product\/nex-n85-kabina\/","title":{"rendered":"NEX N85 kabina"},"content":{"rendered":"<h2 style=\"color: red;\" tabindex=\"0\" role=\"button\" data-tab=\"1\" aria-controls=\"elementor-tab-content-1861\" aria-expanded=\"true\" aria-selected=\"true\"><em>Uwaga! Ze wzgl\u0119du na konieczno\u015b\u0107 indywidualnej wyceny dostawy, tego produktu nie mo\u017cna kupi\u0107 przez online. W celu zakupu prosimy o kontakt z naszym sklepem.<\/em><\/h2>\n<div class=\"elementor-element elementor-element-dd99b1a ob-has-background-overlay elementor-widget elementor-widget-wl-single-product-description\" data-id=\"dd99b1a\" data-element_type=\"widget\" data-settings=\"{&quot;_ob_widget_stalker_use&quot;:&quot;no&quot;,&quot;_ob_poopart_use&quot;:&quot;yes&quot;,&quot;_ob_shadough_use&quot;:&quot;no&quot;,&quot;_ob_allow_hoveranimator&quot;:&quot;no&quot;}\" data-widget_type=\"wl-single-product-description.default\">\n<div class=\"elementor-widget-container\">\n<div class=\"woocommerce_product_description\">\n<p>Mamy zaszczyt zaproponowa\u0107 Pa\u0144stwu mocn\u0105 i nies\u0142ychanie wszechstronn\u0105 maszyn\u0119 NEX N85 kt\u00f3ra znajdzie swoje zastosowanie w rolnictwie, us\u0142ugach ogrodniczych czy pracach budowlanych. Jest to bardzo wydajna, sprawna i niezwykle mocna mini \u0142adowarka nap\u0119dzana silnikiem Kubota 1105 D<\/p>\n<p>(25hp) oraz uk\u0142adem hydraulicznym Bondioli &amp; Pavesi.<\/p>\n<p>Zar\u00f3wno wersja z pe\u0142n\u0105 kabin\u0105 jak i kabin\u0105 otwart\u0105, zosta\u0142y zaprojektowane w taki spos\u00f3b aby by\u0142y w pe\u0142ni komfortowe i zapewnia\u0142y maksymaln\u0105 widoczno\u015b\u0107.<br \/>\nOdchylana i regulowana kolumna kierownicy pozwala na zaj\u0119cie w pe\u0142ni ergonomicznej pozycji, kt\u00f3ra pozwoli nam na komfortowe wykonywanie pracy.<\/p>\n<p>\u0141adowarka N85 zosta\u0142a wyposa\u017cona w ergonomiczny joystick, pozwalaj\u0105cy na szybkie i intuicyjne sterowanie urz\u0105dzeniem.<\/p>\n<p>Kompaktowe wymiary \u2013 wysoko\u015b\u0107 2,2m, szeroko\u015b\u0107 poni\u017cej 1,1m pozwala pracowa\u0107 w najbardziej ciasnych miejscach, gdzie przestrze\u0144 mamy mocno ograniczon\u0105.<br \/>\nCztery wyj\u015bcia hydrauliczne na ramieniu i bardzo wydajna pompa zapewniaj\u0105 nam optymalne wykorzystanie najbardziej wymagaj\u0105cych osprz\u0119t\u00f3w m.in. zamiatarek czy podgarniaczy paszowych.<\/p>\n<p>Wybrali\u015bmy najlepsze komponenty ( silnik Perkins, niezawodna hydraulika Bondioli Pavesi) tak, aby \u0142adowarka NEX 85 pracowa\u0142a ekonomicznie, ale w g\u0142\u00f3wnej mierze w pe\u0142ni niezawodnie. Wzmocnione ramiona, jak r\u00f3wnie\u017c przegub \u015brodkowy, zapewniaj\u0105ce stabiln\u0105 jazd\u0119 i zwi\u0119kszon\u0105 wytrzyma\u0142o\u015b\u0107 na zu\u017cycie.<\/p>\n<p>Wzmocniona, odlewana tylna przeciwwaga, daje komfort stabilnego podnoszenia i nie jako, przy okazji, pomaga zabezpieczy\u0107 silnik i uk\u0142ad nap\u0119dowy przed przypadkowymi kolizjami.<\/p>\n<p>W\u0119\u017ce hydrauliczne zosta\u0142y poprowadzone w taki spos\u00f3b, aby zapobiec przypadkowym uszkodzeniom.<\/p>\n<p>\u0141adowarka NEX 85 zapewnia doskona\u0142\u0105 przyczepno\u015b\u0107 i zachowuje swoje osi\u0105gi nawet na mi\u0119kkim i b\u0142otnistym pod\u0142o\u017cu.<\/p>\n<p>\u0141adowarka zosta\u0142a wyposa\u017cona w mocowanie osprz\u0119tu typu GIANT MINI, kt\u00f3ry jest standardowo wyposa\u017cony w hydrauliczn\u0105 blokad\u0119 sworzni. Oznacza to, \u017ce mo\u017cna \u0142atwo i bezpiecznie zmieni\u0107 osprz\u0119t nie schodz\u0105c z \u0142adowarki.<\/p>\n<\/div>\n<\/div>\n<\/div>\n<h2 style=\"color: #f9c60a;\">SPECYFIKACJA<\/h2>\n<table width=\"274\">\n<tbody>\n<tr>\n<td width=\"140\">SILNIK<\/td>\n<td width=\"133\"><\/td>\n<\/tr>\n<tr>\n<td width=\"140\">Marka<\/td>\n<td width=\"133\">Kubota<\/td>\n<\/tr>\n<tr>\n<td width=\"140\">Typ<\/td>\n<td width=\"133\">1105D<\/td>\n<\/tr>\n<tr>\n<td width=\"140\">Liczba cylindr\u00f3w<\/td>\n<td width=\"133\">3<\/td>\n<\/tr>\n<tr>\n<td width=\"140\">Maksymalna wydajno\u015b\u0107<\/td>\n<td width=\"133\">18.4 (25) kW (hp)<\/td>\n<\/tr>\n<tr>\n<td width=\"140\">At rpm (max)<\/td>\n<td width=\"133\">2800 rpm<\/td>\n<\/tr>\n<tr>\n<td width=\"140\">Pojemno\u015b\u0107<\/td>\n<td width=\"133\">1131<\/td>\n<\/tr>\n<tr>\n<td width=\"140\">System ch\u0142odzenia<\/td>\n<td width=\"133\">Woda<\/td>\n<\/tr>\n<tr>\n<td width=\"140\">Klasa emisji spalin<\/td>\n<td width=\"133\">V<\/td>\n<\/tr>\n<\/tbody>\n<\/table>\n<p>&nbsp;<\/p>\n<table>\n<tbody>\n<tr>\n<td width=\"141\">SYSTEM HYDRAULICZNY<\/td>\n<td width=\"132\"><\/td>\n<\/tr>\n<tr>\n<td width=\"141\">Ci\u015bnienie robocze zewn\u0119trzne<\/td>\n<td width=\"132\">180 bar<\/td>\n<\/tr>\n<tr>\n<td width=\"141\">Ci\u015bnienie robocze zewn\u0119trzne<\/td>\n<td width=\"132\">160 bar<\/td>\n<\/tr>\n<tr>\n<td width=\"141\">Wydajno\u015b\u0107 hydrauliki roboczej \u00a0na dodatkowy osprz\u0119t<\/td>\n<td width=\"132\">39,2 L\/min<\/td>\n<\/tr>\n<\/tbody>\n<\/table>\n<table>\n<tbody>\n<tr>\n<td width=\"145\">WAGA WYWRACAJ\u0104CA<\/td>\n<td width=\"138\"><\/td>\n<\/tr>\n<tr>\n<td width=\"145\">Waga maszyny<\/td>\n<td width=\"138\">1900 kg<\/td>\n<\/tr>\n<tr>\n<td width=\"145\">Masa wywracaj\u0105ca z \u0142ych\u0105 wyprostowan\u0105<\/td>\n<td width=\"138\">850 kg<\/td>\n<\/tr>\n<tr>\n<td width=\"145\">Masa wywracaj\u0105ca przy skr\u0119cie<\/td>\n<td width=\"138\">500kg<\/td>\n<\/tr>\n<\/tbody>\n<\/table>\n<p>&nbsp;<\/p>\n<table>\n<tbody>\n<tr>\n<td width=\"145\">DANE POJAZDU :<\/td>\n<td width=\"139\"><\/td>\n<\/tr>\n<tr>\n<td width=\"145\">Pr\u0119dko\u015b\u0107<\/td>\n<td width=\"139\">0-12 km\/h<\/td>\n<\/tr>\n<tr>\n<td width=\"145\">Etapy pr\u0119dko\u015bci<\/td>\n<td width=\"139\">1<\/td>\n<\/tr>\n<tr>\n<td width=\"145\">Pojemno\u015b\u0107 zbiornika<\/td>\n<td width=\"139\">26L<\/td>\n<\/tr>\n<tr>\n<td width=\"145\">Zbiornik oleju hydraulicznego<\/td>\n<td width=\"139\">40 L<\/td>\n<\/tr>\n<\/tbody>\n<\/table>\n<p>&nbsp;<\/p>\n<table>\n<tbody>\n<tr>\n<td width=\"143\">NAP\u0118D<\/td>\n<td width=\"141\"><\/td>\n<\/tr>\n<tr>\n<td width=\"143\">Typ<\/td>\n<td width=\"141\">Hydrauliczny<\/td>\n<\/tr>\n<tr>\n<td width=\"143\">Nap\u0119d trakcyjny<\/td>\n<td width=\"141\">Olej silnikowy<\/td>\n<\/tr>\n<\/tbody>\n<\/table>\n<p>&nbsp;<\/p>\n<table>\n<tbody>\n<tr>\n<td width=\"146\">UK\u0141AD ELEKTRYCZNY<\/td>\n<td width=\"137\"><\/td>\n<\/tr>\n<tr>\n<td width=\"146\">Napi\u0119cie robocze<\/td>\n<td width=\"137\">12v<\/td>\n<\/tr>\n<tr>\n<td width=\"146\">Bateria<\/td>\n<td width=\"137\">45Ah<\/td>\n<\/tr>\n<tr>\n<td width=\"146\">Alternator<\/td>\n<td width=\"137\">60A<\/td>\n<\/tr>\n<\/tbody>\n<\/table>\n<h2 style=\"color: #f9c60a;\">WYMIARY<\/h2>\n<div class=\"elementor-element elementor-element-231ff2f dc-has-condition dc-condition-empty ob-has-background-overlay elementor-widget elementor-widget-toggle\" data-id=\"231ff2f\" data-element_type=\"widget\" data-settings=\"{&quot;_ob_widget_stalker_use&quot;:&quot;no&quot;,&quot;_ob_poopart_use&quot;:&quot;yes&quot;,&quot;_ob_shadough_use&quot;:&quot;no&quot;,&quot;_ob_allow_hoveranimator&quot;:&quot;no&quot;}\" data-widget_type=\"toggle.default\">\n<div class=\"elementor-widget-container\">\n<div class=\"elementor-toggle\">\n<div class=\"elementor-toggle-item\">\n<div id=\"elementor-tab-content-3681\" class=\"elementor-tab-content elementor-clearfix elementor-active\" role=\"region\" data-tab=\"1\" aria-labelledby=\"elementor-tab-title-3681\">\n<p>Wymiary: d\u0142.\/szer.\/wys.:\u00a0<strong>3000 mm (3780 mm z \u0142y\u017ck\u0105) \/1100 mm \/2200 mm<\/strong><\/p>\n<\/div>\n<\/div>\n<\/div>\n<\/div>\n<\/div>\n<div class=\"elementor-element elementor-element-8afa338 dc-has-condition dc-condition-empty ob-has-background-overlay elementor-widget elementor-widget-toggle\" data-id=\"8afa338\" data-element_type=\"widget\" data-settings=\"{&quot;_ob_widget_stalker_use&quot;:&quot;no&quot;,&quot;_ob_poopart_use&quot;:&quot;yes&quot;,&quot;_ob_shadough_use&quot;:&quot;no&quot;,&quot;_ob_allow_hoveranimator&quot;:&quot;no&quot;}\" data-widget_type=\"toggle.default\">\n<div class=\"elementor-widget-container\">\n<div class=\"elementor-toggle\">\n<div class=\"elementor-toggle-item\">\n<div id=\"elementor-tab-title-1451\" class=\"elementor-tab-title\" role=\"button\" data-tab=\"1\" aria-controls=\"elementor-tab-content-1451\" aria-expanded=\"false\"><\/div>\n<\/div>\n<\/div>\n<\/div>\n<\/div>\n<h2 style=\"color: #f9c60a;\">OSPRZ\u0118T<\/h2>\n<p>maszyn\u0119 mo\u017cna dodatkowo wyposa\u017cy\u0107 w :<\/p>\n<p>\u2013 Wid\u0142y do palet<\/p>\n<p>\u2013 \u201eKrokodyl\u201d (chwytak do obornika, chwytak do kiszonki)<\/p>\n<p>\u2013 Niwelator<\/p>\n<p>\u2013 \u0141y\u017cka hydrauliczna domykana<\/p>\n<p>\u2013 Mulcher<\/p>\n<p>\u2013 Kosiarka<\/p>\n<p>\u2013 Glebogryzarka<\/p>\n<p>\u2013 Mo\u017cliwo\u015b\u0107 wykonania akcesori\u00f3w wg. uwag i potrzeb klienta<\/p>","protected":false},"excerpt":{"rendered":"<p>Uwaga! Ze wzgl\u0119du na konieczno\u015b\u0107 indywidualnej wyceny dostawy, tego produktu nie mo\u017cna kupi\u0107 przez online. W celu zakupu prosimy o kontakt z naszym sklepem. Mamy zaszczyt zaproponowa\u0107 Pa\u0144stwu mocn\u0105 i nies\u0142ychanie wszechstronn\u0105 maszyn\u0119 NEX N85 kt\u00f3ra znajdzie swoje zastosowanie w rolnictwie, us\u0142ugach ogrodniczych czy pracach budowlanych. Jest to bardzo wydajna, sprawna i niezwykle mocna mini [&hellip;]<\/p>","protected":false},"featured_media":1606,"comment_status":"open","ping_status":"closed","template":"","meta":{"_acf_changed":false},"product_brand":[],"product_cat":[45,47],"product_tag":[],"class_list":{"0":"post-1605","1":"product","2":"type-product","3":"status-publish","4":"has-post-thumbnail","6":"product_cat-maszyny","7":"product_cat-mini-ladowarki","9":"first","10":"instock","11":"taxable","12":"shipping-taxable","13":"purchasable","14":"product-type-simple"},"acf":[],"_links":{"self":[{"href":"https:\/\/sklep.nex-group.pl\/en\/wp-json\/wp\/v2\/product\/1605","targetHints":{"allow":["GET"]}}],"collection":[{"href":"https:\/\/sklep.nex-group.pl\/en\/wp-json\/wp\/v2\/product"}],"about":[{"href":"https:\/\/sklep.nex-group.pl\/en\/wp-json\/wp\/v2\/types\/product"}],"replies":[{"embeddable":true,"href":"https:\/\/sklep.nex-group.pl\/en\/wp-json\/wp\/v2\/comments?post=1605"}],"wp:featuredmedia":[{"embeddable":true,"href":"https:\/\/sklep.nex-group.pl\/en\/wp-json\/wp\/v2\/media\/1606"}],"wp:attachment":[{"href":"https:\/\/sklep.nex-group.pl\/en\/wp-json\/wp\/v2\/media?parent=1605"}],"wp:term":[{"taxonomy":"product_brand","embeddable":true,"href":"https:\/\/sklep.nex-group.pl\/en\/wp-json\/wp\/v2\/product_brand?post=1605"},{"taxonomy":"product_cat","embeddable":true,"href":"https:\/\/sklep.nex-group.pl\/en\/wp-json\/wp\/v2\/product_cat?post=1605"},{"taxonomy":"product_tag","embeddable":true,"href":"https:\/\/sklep.nex-group.pl\/en\/wp-json\/wp\/v2\/product_tag?post=1605"}],"curies":[{"name":"wp","href":"https:\/\/api.w.org\/{rel}","templated":true}]}}