{"id":1664,"date":"2025-05-15T09:17:39","date_gmt":"2025-05-15T07:17:39","guid":{"rendered":"https:\/\/sklep.nex-group.pl\/?post_type=product&#038;p=1664"},"modified":"2026-03-10T09:47:52","modified_gmt":"2026-03-10T08:47:52","slug":"kciuk-hydrauliczny-n10-n12","status":"publish","type":"product","link":"https:\/\/sklep.nex-group.pl\/en\/product\/kciuk-hydrauliczny-n10-n12\/","title":{"rendered":"Kciuk hydrauliczny N10\/N12"},"content":{"rendered":"<p>Kciuk hydrauliczny<\/p>\n<p>Kciuk hydrauliczny Nex, proste i niesamowicie wygodne narz\u0119dzie, dzi\u0119ki kt\u00f3remu zwi\u0119kszysz funkcjonalno\u015b\u0107 swojej minikoparki. Kciuk do koparki, po\u0142\u0105czeniu z \u0142y\u017ck\u0105 lub zrywakiem tworzy \u015bwietny duet &#8211; otwiera nowe mo\u017cliwo\u015bci w zakresie pracy i wydajno\u015bci. Chwytak do przenoszenia r\u00f3\u017cnych \u0142adunk\u00f3w, a w szczeg\u00f3lno\u015bci tych niewymiarowych. Mo\u017cna go ca\u0142kowicie z\u0142o\u017cy\u0107, tak aby przylega\u0142 do ramieniai nie utrudnia\u0142 pracy z \u0142y\u017ck\u0105.<\/p>\n<p>Podnie\u015b swoj\u0105 efektywno\u015b\u0107 pracy, dzi\u0119ki kciukowi<\/p>\n<p>Kompatybilny jest z minikoparkami Nex N10, XN10, N 12 a tak\u017ce wieloma innymi koparkami.<\/p>","protected":false},"excerpt":{"rendered":"<p>Kciuk hydrauliczny Kciuk hydrauliczny Nex, proste i niesamowicie wygodne narz\u0119dzie, dzi\u0119ki kt\u00f3remu zwi\u0119kszysz funkcjonalno\u015b\u0107 swojej minikoparki. Kciuk do koparki, po\u0142\u0105czeniu z \u0142y\u017ck\u0105 lub zrywakiem tworzy \u015bwietny duet &#8211; otwiera nowe mo\u017cliwo\u015bci w zakresie pracy i wydajno\u015bci. Chwytak do przenoszenia r\u00f3\u017cnych \u0142adunk\u00f3w, a w szczeg\u00f3lno\u015bci tych niewymiarowych. Mo\u017cna go ca\u0142kowicie z\u0142o\u017cy\u0107, tak aby przylega\u0142 do ramieniai [&hellip;]<\/p>","protected":false},"featured_media":1698,"comment_status":"closed","ping_status":"closed","template":"","meta":{"_acf_changed":false},"product_brand":[],"product_cat":[32],"product_tag":[],"class_list":{"0":"post-1664","1":"product","2":"type-product","3":"status-publish","4":"has-post-thumbnail","6":"product_cat-osprzet","7":"product_shipping_class-klasa-6","9":"first","10":"instock","11":"taxable","12":"shipping-taxable","13":"purchasable","14":"product-type-simple"},"acf":[],"_links":{"self":[{"href":"https:\/\/sklep.nex-group.pl\/en\/wp-json\/wp\/v2\/product\/1664","targetHints":{"allow":["GET"]}}],"collection":[{"href":"https:\/\/sklep.nex-group.pl\/en\/wp-json\/wp\/v2\/product"}],"about":[{"href":"https:\/\/sklep.nex-group.pl\/en\/wp-json\/wp\/v2\/types\/product"}],"replies":[{"embeddable":true,"href":"https:\/\/sklep.nex-group.pl\/en\/wp-json\/wp\/v2\/comments?post=1664"}],"wp:featuredmedia":[{"embeddable":true,"href":"https:\/\/sklep.nex-group.pl\/en\/wp-json\/wp\/v2\/media\/1698"}],"wp:attachment":[{"href":"https:\/\/sklep.nex-group.pl\/en\/wp-json\/wp\/v2\/media?parent=1664"}],"wp:term":[{"taxonomy":"product_brand","embeddable":true,"href":"https:\/\/sklep.nex-group.pl\/en\/wp-json\/wp\/v2\/product_brand?post=1664"},{"taxonomy":"product_cat","embeddable":true,"href":"https:\/\/sklep.nex-group.pl\/en\/wp-json\/wp\/v2\/product_cat?post=1664"},{"taxonomy":"product_tag","embeddable":true,"href":"https:\/\/sklep.nex-group.pl\/en\/wp-json\/wp\/v2\/product_tag?post=1664"}],"curies":[{"name":"wp","href":"https:\/\/api.w.org\/{rel}","templated":true}]}}