{"id":1808,"date":"2025-08-13T14:33:46","date_gmt":"2025-08-13T12:33:46","guid":{"rendered":"https:\/\/sklep.nex-group.pl\/?post_type=product&#038;p=1808"},"modified":"2025-08-14T11:36:43","modified_gmt":"2025-08-14T09:36:43","slug":"sworzen-silownika-wysiegnika-nano","status":"publish","type":"product","link":"https:\/\/sklep.nex-group.pl\/en\/product\/sworzen-silownika-wysiegnika-nano\/","title":{"rendered":"Sworze\u0144 si\u0142ownika wysi\u0119gnika NANO (nr. 45)"},"content":{"rendered":"<p>Sworze\u0144 si\u0142ownika wysi\u0119gnika NANO<br \/>\n<strong>d\u0142ugo\u015b\u0107 sworznia\u00a0 :\u00a0<\/strong> 105mm<br \/>\n<strong>\u015brednica sworznia :<\/strong> 25mm<br \/>\n<strong>numer cz\u0119\u015bci :<\/strong> 45<\/p>","protected":false},"excerpt":{"rendered":"<p>Sworze\u0144 si\u0142ownika wysi\u0119gnika NANO d\u0142ugo\u015b\u0107 sworznia\u00a0 :\u00a0 105mm \u015brednica sworznia : 25mm numer cz\u0119\u015bci : 45<\/p>","protected":false},"featured_media":1810,"comment_status":"open","ping_status":"closed","template":"","meta":{"_acf_changed":false},"product_brand":[],"product_cat":[17],"product_tag":[],"class_list":{"0":"post-1808","1":"product","2":"type-product","3":"status-publish","4":"has-post-thumbnail","6":"product_cat-czesci-zamienne","7":"product_shipping_class-klasa-6","9":"first","10":"instock","11":"taxable","12":"shipping-taxable","13":"purchasable","14":"product-type-simple"},"acf":[],"_links":{"self":[{"href":"https:\/\/sklep.nex-group.pl\/en\/wp-json\/wp\/v2\/product\/1808","targetHints":{"allow":["GET"]}}],"collection":[{"href":"https:\/\/sklep.nex-group.pl\/en\/wp-json\/wp\/v2\/product"}],"about":[{"href":"https:\/\/sklep.nex-group.pl\/en\/wp-json\/wp\/v2\/types\/product"}],"replies":[{"embeddable":true,"href":"https:\/\/sklep.nex-group.pl\/en\/wp-json\/wp\/v2\/comments?post=1808"}],"wp:featuredmedia":[{"embeddable":true,"href":"https:\/\/sklep.nex-group.pl\/en\/wp-json\/wp\/v2\/media\/1810"}],"wp:attachment":[{"href":"https:\/\/sklep.nex-group.pl\/en\/wp-json\/wp\/v2\/media?parent=1808"}],"wp:term":[{"taxonomy":"product_brand","embeddable":true,"href":"https:\/\/sklep.nex-group.pl\/en\/wp-json\/wp\/v2\/product_brand?post=1808"},{"taxonomy":"product_cat","embeddable":true,"href":"https:\/\/sklep.nex-group.pl\/en\/wp-json\/wp\/v2\/product_cat?post=1808"},{"taxonomy":"product_tag","embeddable":true,"href":"https:\/\/sklep.nex-group.pl\/en\/wp-json\/wp\/v2\/product_tag?post=1808"}],"curies":[{"name":"wp","href":"https:\/\/api.w.org\/{rel}","templated":true}]}}