{"id":1811,"date":"2025-08-13T14:49:34","date_gmt":"2025-08-13T12:49:34","guid":{"rendered":"https:\/\/sklep.nex-group.pl\/?post_type=product&#038;p=1811"},"modified":"2025-08-14T11:34:07","modified_gmt":"2025-08-14T09:34:07","slug":"sworzen-nano","status":"publish","type":"product","link":"https:\/\/sklep.nex-group.pl\/en\/product\/sworzen-nano\/","title":{"rendered":"Sworze\u0144 132 fi 25 NANO (nr. 29)"},"content":{"rendered":"<p>Sworze\u0144 NANO<br \/>\nze smarowaniem<br \/>\n<strong>d\u0142ugo\u015b\u0107 sworznia :<\/strong> 132mm<br \/>\n<strong>\u015brednica sworznia :<\/strong> 25mm<br \/>\nnumer cz\u0119\u015bci : 29<\/p>","protected":false},"excerpt":{"rendered":"<p>Sworze\u0144 NANO ze smarowaniem d\u0142ugo\u015b\u0107 sworznia : 132mm \u015brednica sworznia : 25mm numer cz\u0119\u015bci : 29<\/p>","protected":false},"featured_media":1812,"comment_status":"open","ping_status":"closed","template":"","meta":{"_acf_changed":false},"product_brand":[],"product_cat":[17],"product_tag":[],"class_list":{"0":"post-1811","1":"product","2":"type-product","3":"status-publish","4":"has-post-thumbnail","6":"product_cat-czesci-zamienne","7":"product_shipping_class-klasa-6","9":"first","10":"instock","11":"taxable","12":"shipping-taxable","13":"purchasable","14":"product-type-simple"},"acf":[],"_links":{"self":[{"href":"https:\/\/sklep.nex-group.pl\/en\/wp-json\/wp\/v2\/product\/1811","targetHints":{"allow":["GET"]}}],"collection":[{"href":"https:\/\/sklep.nex-group.pl\/en\/wp-json\/wp\/v2\/product"}],"about":[{"href":"https:\/\/sklep.nex-group.pl\/en\/wp-json\/wp\/v2\/types\/product"}],"replies":[{"embeddable":true,"href":"https:\/\/sklep.nex-group.pl\/en\/wp-json\/wp\/v2\/comments?post=1811"}],"wp:featuredmedia":[{"embeddable":true,"href":"https:\/\/sklep.nex-group.pl\/en\/wp-json\/wp\/v2\/media\/1812"}],"wp:attachment":[{"href":"https:\/\/sklep.nex-group.pl\/en\/wp-json\/wp\/v2\/media?parent=1811"}],"wp:term":[{"taxonomy":"product_brand","embeddable":true,"href":"https:\/\/sklep.nex-group.pl\/en\/wp-json\/wp\/v2\/product_brand?post=1811"},{"taxonomy":"product_cat","embeddable":true,"href":"https:\/\/sklep.nex-group.pl\/en\/wp-json\/wp\/v2\/product_cat?post=1811"},{"taxonomy":"product_tag","embeddable":true,"href":"https:\/\/sklep.nex-group.pl\/en\/wp-json\/wp\/v2\/product_tag?post=1811"}],"curies":[{"name":"wp","href":"https:\/\/api.w.org\/{rel}","templated":true}]}}