{"id":1817,"date":"2025-08-14T11:24:01","date_gmt":"2025-08-14T09:24:01","guid":{"rendered":"https:\/\/sklep.nex-group.pl\/?post_type=product&#038;p=1817"},"modified":"2025-08-14T11:41:58","modified_gmt":"2025-08-14T09:41:58","slug":"tuleja-ze-smarowaniem-25-x-30-x-32-nano-nr-34","status":"publish","type":"product","link":"https:\/\/sklep.nex-group.pl\/en\/product\/tuleja-ze-smarowaniem-25-x-30-x-32-nano-nr-34\/","title":{"rendered":"Tuleja ze smarowaniem 25 x 30 x 32 NANO (nr. 34)"},"content":{"rendered":"<p>Tuleja ze smarowaniem\u00a0 25x30x32<br \/>\n<strong>\u015brednica wewn\u0119trzna :<\/strong> 25<br \/>\n<strong>szeroko\u015b\u0107 :<\/strong> 30<br \/>\n<strong>\u00a0\u015brednica zewn\u0119trzna :<\/strong> 32<br \/>\n<strong>Numer cz\u0119\u015bci<\/strong> : 34<\/p>","protected":false},"excerpt":{"rendered":"<p>Tuleja ze smarowaniem\u00a0 25x30x32 \u015brednica wewn\u0119trzna : 25 szeroko\u015b\u0107 : 30 \u00a0\u015brednica zewn\u0119trzna : 32 Numer cz\u0119\u015bci : 34<\/p>","protected":false},"featured_media":1818,"comment_status":"open","ping_status":"closed","template":"","meta":{"_acf_changed":false},"product_brand":[],"product_cat":[17],"product_tag":[],"class_list":{"0":"post-1817","1":"product","2":"type-product","3":"status-publish","4":"has-post-thumbnail","6":"product_cat-czesci-zamienne","7":"product_shipping_class-klasa-6","9":"first","10":"instock","11":"taxable","12":"shipping-taxable","13":"purchasable","14":"product-type-simple"},"acf":[],"_links":{"self":[{"href":"https:\/\/sklep.nex-group.pl\/en\/wp-json\/wp\/v2\/product\/1817","targetHints":{"allow":["GET"]}}],"collection":[{"href":"https:\/\/sklep.nex-group.pl\/en\/wp-json\/wp\/v2\/product"}],"about":[{"href":"https:\/\/sklep.nex-group.pl\/en\/wp-json\/wp\/v2\/types\/product"}],"replies":[{"embeddable":true,"href":"https:\/\/sklep.nex-group.pl\/en\/wp-json\/wp\/v2\/comments?post=1817"}],"wp:featuredmedia":[{"embeddable":true,"href":"https:\/\/sklep.nex-group.pl\/en\/wp-json\/wp\/v2\/media\/1818"}],"wp:attachment":[{"href":"https:\/\/sklep.nex-group.pl\/en\/wp-json\/wp\/v2\/media?parent=1817"}],"wp:term":[{"taxonomy":"product_brand","embeddable":true,"href":"https:\/\/sklep.nex-group.pl\/en\/wp-json\/wp\/v2\/product_brand?post=1817"},{"taxonomy":"product_cat","embeddable":true,"href":"https:\/\/sklep.nex-group.pl\/en\/wp-json\/wp\/v2\/product_cat?post=1817"},{"taxonomy":"product_tag","embeddable":true,"href":"https:\/\/sklep.nex-group.pl\/en\/wp-json\/wp\/v2\/product_tag?post=1817"}],"curies":[{"name":"wp","href":"https:\/\/api.w.org\/{rel}","templated":true}]}}