{"id":1824,"date":"2025-08-14T11:14:01","date_gmt":"2025-08-14T09:14:01","guid":{"rendered":"https:\/\/sklep.nex-group.pl\/?post_type=product&#038;p=1824"},"modified":"2025-09-08T10:22:43","modified_gmt":"2025-09-08T08:22:43","slug":"sworzen-ze-smarowaniem128-fi-25-nano","status":"publish","type":"product","link":"https:\/\/sklep.nex-group.pl\/en\/product\/sworzen-ze-smarowaniem128-fi-25-nano\/","title":{"rendered":"Sworze\u0144 ze smarowaniem128 fi 25 NANO (nr.37)"},"content":{"rendered":"<p>Sworze\u0144 si\u0142ownika \u0142y\u017cki NANO\u00a0 ze smarowaniem<br \/>\n128mm d\u0142ugo\u015bci\u00a0 fi 25mm<br \/>\nNr. cz\u0119\u015bci katalogowej 37.<\/p>","protected":false},"excerpt":{"rendered":"<p>Sworze\u0144 si\u0142ownika \u0142y\u017cki NANO\u00a0 ze smarowaniem 128mm d\u0142ugo\u015bci\u00a0 fi 25mm Nr. cz\u0119\u015bci katalogowej 37.<\/p>","protected":false},"featured_media":1825,"comment_status":"open","ping_status":"closed","template":"","meta":{"_acf_changed":false},"product_brand":[],"product_cat":[17],"product_tag":[],"class_list":{"0":"post-1824","1":"product","2":"type-product","3":"status-publish","4":"has-post-thumbnail","6":"product_cat-czesci-zamienne","7":"product_shipping_class-klasa-6","9":"first","10":"instock","11":"taxable","12":"shipping-taxable","13":"purchasable","14":"product-type-simple"},"acf":[],"_links":{"self":[{"href":"https:\/\/sklep.nex-group.pl\/en\/wp-json\/wp\/v2\/product\/1824","targetHints":{"allow":["GET"]}}],"collection":[{"href":"https:\/\/sklep.nex-group.pl\/en\/wp-json\/wp\/v2\/product"}],"about":[{"href":"https:\/\/sklep.nex-group.pl\/en\/wp-json\/wp\/v2\/types\/product"}],"replies":[{"embeddable":true,"href":"https:\/\/sklep.nex-group.pl\/en\/wp-json\/wp\/v2\/comments?post=1824"}],"wp:featuredmedia":[{"embeddable":true,"href":"https:\/\/sklep.nex-group.pl\/en\/wp-json\/wp\/v2\/media\/1825"}],"wp:attachment":[{"href":"https:\/\/sklep.nex-group.pl\/en\/wp-json\/wp\/v2\/media?parent=1824"}],"wp:term":[{"taxonomy":"product_brand","embeddable":true,"href":"https:\/\/sklep.nex-group.pl\/en\/wp-json\/wp\/v2\/product_brand?post=1824"},{"taxonomy":"product_cat","embeddable":true,"href":"https:\/\/sklep.nex-group.pl\/en\/wp-json\/wp\/v2\/product_cat?post=1824"},{"taxonomy":"product_tag","embeddable":true,"href":"https:\/\/sklep.nex-group.pl\/en\/wp-json\/wp\/v2\/product_tag?post=1824"}],"curies":[{"name":"wp","href":"https:\/\/api.w.org\/{rel}","templated":true}]}}