{"id":1826,"date":"2025-08-14T10:29:27","date_gmt":"2025-08-14T08:29:27","guid":{"rendered":"https:\/\/sklep.nex-group.pl\/?post_type=product&#038;p=1826"},"modified":"2025-08-14T11:19:57","modified_gmt":"2025-08-14T09:19:57","slug":"tuleja-slizgowa-25-x-40-x-28-nano","status":"publish","type":"product","link":"https:\/\/sklep.nex-group.pl\/en\/product\/tuleja-slizgowa-25-x-40-x-28-nano\/","title":{"rendered":"Tuleja \u015blizgowa 25 x 40 x 28 NANO (nr.31)"},"content":{"rendered":"<p>Tuleja \u015blizgowa 25 x 40 x 28 NANO<br \/>\n\u015brednica wewn\u0119trzna x szeroko\u015b\u0107 x \u015brednica zewn\u0119trzna<br \/>\nnr. cz\u0119\u015bci 31<\/p>","protected":false},"excerpt":{"rendered":"<p>Tuleja \u015blizgowa 25 x 40 x 28 NANO \u015brednica wewn\u0119trzna x szeroko\u015b\u0107 x \u015brednica zewn\u0119trzna nr. cz\u0119\u015bci 31<\/p>","protected":false},"featured_media":1827,"comment_status":"open","ping_status":"closed","template":"","meta":{"_acf_changed":false},"product_brand":[],"product_cat":[15],"product_tag":[],"class_list":{"0":"post-1826","1":"product","2":"type-product","3":"status-publish","4":"has-post-thumbnail","6":"product_cat-bez-kategorii","7":"product_shipping_class-klasa-6","9":"first","10":"instock","11":"taxable","12":"shipping-taxable","13":"purchasable","14":"product-type-simple"},"acf":[],"_links":{"self":[{"href":"https:\/\/sklep.nex-group.pl\/en\/wp-json\/wp\/v2\/product\/1826","targetHints":{"allow":["GET"]}}],"collection":[{"href":"https:\/\/sklep.nex-group.pl\/en\/wp-json\/wp\/v2\/product"}],"about":[{"href":"https:\/\/sklep.nex-group.pl\/en\/wp-json\/wp\/v2\/types\/product"}],"replies":[{"embeddable":true,"href":"https:\/\/sklep.nex-group.pl\/en\/wp-json\/wp\/v2\/comments?post=1826"}],"wp:featuredmedia":[{"embeddable":true,"href":"https:\/\/sklep.nex-group.pl\/en\/wp-json\/wp\/v2\/media\/1827"}],"wp:attachment":[{"href":"https:\/\/sklep.nex-group.pl\/en\/wp-json\/wp\/v2\/media?parent=1826"}],"wp:term":[{"taxonomy":"product_brand","embeddable":true,"href":"https:\/\/sklep.nex-group.pl\/en\/wp-json\/wp\/v2\/product_brand?post=1826"},{"taxonomy":"product_cat","embeddable":true,"href":"https:\/\/sklep.nex-group.pl\/en\/wp-json\/wp\/v2\/product_cat?post=1826"},{"taxonomy":"product_tag","embeddable":true,"href":"https:\/\/sklep.nex-group.pl\/en\/wp-json\/wp\/v2\/product_tag?post=1826"}],"curies":[{"name":"wp","href":"https:\/\/api.w.org\/{rel}","templated":true}]}}