{"id":1829,"date":"2025-08-14T10:41:45","date_gmt":"2025-08-14T08:41:45","guid":{"rendered":"https:\/\/sklep.nex-group.pl\/?post_type=product&#038;p=1829"},"modified":"2025-08-14T11:18:20","modified_gmt":"2025-08-14T09:18:20","slug":"tuleja-25-x-20-x-28-slizgowa-nano","status":"publish","type":"product","link":"https:\/\/sklep.nex-group.pl\/en\/product\/tuleja-25-x-20-x-28-slizgowa-nano\/","title":{"rendered":"Tuleja 25 x 20 x 28 \u015blizgowa NANO (nr. 15)"},"content":{"rendered":"<p>Tuleja 25 x 20 x 28 \u015blizgowa NANO<br \/>\n\u015arednica wewn\u0119trzna 25 x szeroko\u015b\u0107 20 x \u015brednica zewn\u0119trzna 28<br \/>\nnr. cz\u0119\u015bci 15<\/p>","protected":false},"excerpt":{"rendered":"<p>Tuleja 25 x 20 x 28 \u015blizgowa NANO \u015arednica wewn\u0119trzna 25 x szeroko\u015b\u0107 20 x \u015brednica zewn\u0119trzna 28 nr. cz\u0119\u015bci 15<\/p>","protected":false},"featured_media":1830,"comment_status":"open","ping_status":"closed","template":"","meta":{"_acf_changed":false},"product_brand":[],"product_cat":[17],"product_tag":[],"class_list":{"0":"post-1829","1":"product","2":"type-product","3":"status-publish","4":"has-post-thumbnail","6":"product_cat-czesci-zamienne","7":"product_shipping_class-klasa-6","9":"first","10":"instock","11":"taxable","12":"shipping-taxable","13":"purchasable","14":"product-type-simple"},"acf":[],"_links":{"self":[{"href":"https:\/\/sklep.nex-group.pl\/en\/wp-json\/wp\/v2\/product\/1829","targetHints":{"allow":["GET"]}}],"collection":[{"href":"https:\/\/sklep.nex-group.pl\/en\/wp-json\/wp\/v2\/product"}],"about":[{"href":"https:\/\/sklep.nex-group.pl\/en\/wp-json\/wp\/v2\/types\/product"}],"replies":[{"embeddable":true,"href":"https:\/\/sklep.nex-group.pl\/en\/wp-json\/wp\/v2\/comments?post=1829"}],"wp:featuredmedia":[{"embeddable":true,"href":"https:\/\/sklep.nex-group.pl\/en\/wp-json\/wp\/v2\/media\/1830"}],"wp:attachment":[{"href":"https:\/\/sklep.nex-group.pl\/en\/wp-json\/wp\/v2\/media?parent=1829"}],"wp:term":[{"taxonomy":"product_brand","embeddable":true,"href":"https:\/\/sklep.nex-group.pl\/en\/wp-json\/wp\/v2\/product_brand?post=1829"},{"taxonomy":"product_cat","embeddable":true,"href":"https:\/\/sklep.nex-group.pl\/en\/wp-json\/wp\/v2\/product_cat?post=1829"},{"taxonomy":"product_tag","embeddable":true,"href":"https:\/\/sklep.nex-group.pl\/en\/wp-json\/wp\/v2\/product_tag?post=1829"}],"curies":[{"name":"wp","href":"https:\/\/api.w.org\/{rel}","templated":true}]}}