{"id":1848,"date":"2025-08-18T15:09:57","date_gmt":"2025-08-18T13:09:57","guid":{"rendered":"https:\/\/sklep.nex-group.pl\/?post_type=product&#038;p=1848"},"modified":"2025-08-18T15:11:37","modified_gmt":"2025-08-18T13:11:37","slug":"sworzen-155cm-fi-35-nr-48","status":"publish","type":"product","link":"https:\/\/sklep.nex-group.pl\/en\/product\/sworzen-155cm-fi-35-nr-48\/","title":{"rendered":"Sworze\u0144 155cm fi 35 (nr. 48)"},"content":{"rendered":"<p>Sworze\u0144 NANO<br \/>\nd\u0142ugo\u015b\u0107 : <strong>155mm\u00a0<\/strong><br \/>\n\u015brednica : <strong>35mm<br \/>\n<\/strong>numer cz\u0119\u015bci :<strong> 48<\/strong><\/p>","protected":false},"excerpt":{"rendered":"<p>Sworze\u0144 NANO d\u0142ugo\u015b\u0107 : 155mm\u00a0 \u015brednica : 35mm numer cz\u0119\u015bci : 48<\/p>","protected":false},"featured_media":1812,"comment_status":"open","ping_status":"closed","template":"","meta":{"_acf_changed":false},"product_brand":[],"product_cat":[17],"product_tag":[],"class_list":{"0":"post-1848","1":"product","2":"type-product","3":"status-publish","4":"has-post-thumbnail","6":"product_cat-czesci-zamienne","7":"product_shipping_class-klasa-6","9":"first","10":"instock","11":"taxable","12":"shipping-taxable","13":"purchasable","14":"product-type-simple"},"acf":[],"_links":{"self":[{"href":"https:\/\/sklep.nex-group.pl\/en\/wp-json\/wp\/v2\/product\/1848","targetHints":{"allow":["GET"]}}],"collection":[{"href":"https:\/\/sklep.nex-group.pl\/en\/wp-json\/wp\/v2\/product"}],"about":[{"href":"https:\/\/sklep.nex-group.pl\/en\/wp-json\/wp\/v2\/types\/product"}],"replies":[{"embeddable":true,"href":"https:\/\/sklep.nex-group.pl\/en\/wp-json\/wp\/v2\/comments?post=1848"}],"wp:featuredmedia":[{"embeddable":true,"href":"https:\/\/sklep.nex-group.pl\/en\/wp-json\/wp\/v2\/media\/1812"}],"wp:attachment":[{"href":"https:\/\/sklep.nex-group.pl\/en\/wp-json\/wp\/v2\/media?parent=1848"}],"wp:term":[{"taxonomy":"product_brand","embeddable":true,"href":"https:\/\/sklep.nex-group.pl\/en\/wp-json\/wp\/v2\/product_brand?post=1848"},{"taxonomy":"product_cat","embeddable":true,"href":"https:\/\/sklep.nex-group.pl\/en\/wp-json\/wp\/v2\/product_cat?post=1848"},{"taxonomy":"product_tag","embeddable":true,"href":"https:\/\/sklep.nex-group.pl\/en\/wp-json\/wp\/v2\/product_tag?post=1848"}],"curies":[{"name":"wp","href":"https:\/\/api.w.org\/{rel}","templated":true}]}}