{"id":1868,"date":"2025-08-22T11:32:32","date_gmt":"2025-08-22T09:32:32","guid":{"rendered":"https:\/\/sklep.nex-group.pl\/?post_type=product&#038;p=1868"},"modified":"2025-11-19T10:13:29","modified_gmt":"2025-11-19T09:13:29","slug":"przezroczysty-pokrowiec-kabina","status":"publish","type":"product","link":"https:\/\/sklep.nex-group.pl\/en\/product\/przezroczysty-pokrowiec-kabina\/","title":{"rendered":"Prze\u017aroczysty pokrowiec\/kabina N10\/N12"},"content":{"rendered":"<p>Prze\u017aroczysty pokrowiec na kopark\u0119 N10\/N12<br \/>\nPe\u0142ni funkcj\u0119 tymczasowej kabiny do mini koparki. Wykonany z wytrzyma\u0142ej, prze\u017aroczystej foli. Zapewnia operatorowi komfort pracy, chroni\u0105c przed niedogodnymi warunkami atmosferycznymi.<\/p>\n<ul>\n<li>\u0142atwy monta\u017c : mocowanie na zamek b\u0142yskawiczny i paski<\/li>\n<li>\u00a0lekka konstrukcja<\/li>\n<li>\u00a0\u0142atwy w przechowywaniu i transporcie<\/li>\n<\/ul>","protected":false},"excerpt":{"rendered":"<p>Prze\u017aroczysty pokrowiec na kopark\u0119 N10\/N12 Pe\u0142ni funkcj\u0119 tymczasowej kabiny do mini koparki. Wykonany z wytrzyma\u0142ej, prze\u017aroczystej foli. Zapewnia operatorowi komfort pracy, chroni\u0105c przed niedogodnymi warunkami atmosferycznymi. \u0142atwy monta\u017c : mocowanie na zamek b\u0142yskawiczny i paski \u00a0lekka konstrukcja \u00a0\u0142atwy w przechowywaniu i transporcie<\/p>","protected":false},"featured_media":1870,"comment_status":"open","ping_status":"closed","template":"","meta":{"_acf_changed":false},"product_brand":[],"product_cat":[17],"product_tag":[],"class_list":{"0":"post-1868","1":"product","2":"type-product","3":"status-publish","4":"has-post-thumbnail","6":"product_cat-czesci-zamienne","7":"product_shipping_class-klasa-7","9":"first","10":"outofstock","11":"taxable","12":"shipping-taxable","13":"purchasable","14":"product-type-simple"},"acf":[],"_links":{"self":[{"href":"https:\/\/sklep.nex-group.pl\/en\/wp-json\/wp\/v2\/product\/1868","targetHints":{"allow":["GET"]}}],"collection":[{"href":"https:\/\/sklep.nex-group.pl\/en\/wp-json\/wp\/v2\/product"}],"about":[{"href":"https:\/\/sklep.nex-group.pl\/en\/wp-json\/wp\/v2\/types\/product"}],"replies":[{"embeddable":true,"href":"https:\/\/sklep.nex-group.pl\/en\/wp-json\/wp\/v2\/comments?post=1868"}],"wp:featuredmedia":[{"embeddable":true,"href":"https:\/\/sklep.nex-group.pl\/en\/wp-json\/wp\/v2\/media\/1870"}],"wp:attachment":[{"href":"https:\/\/sklep.nex-group.pl\/en\/wp-json\/wp\/v2\/media?parent=1868"}],"wp:term":[{"taxonomy":"product_brand","embeddable":true,"href":"https:\/\/sklep.nex-group.pl\/en\/wp-json\/wp\/v2\/product_brand?post=1868"},{"taxonomy":"product_cat","embeddable":true,"href":"https:\/\/sklep.nex-group.pl\/en\/wp-json\/wp\/v2\/product_cat?post=1868"},{"taxonomy":"product_tag","embeddable":true,"href":"https:\/\/sklep.nex-group.pl\/en\/wp-json\/wp\/v2\/product_tag?post=1868"}],"curies":[{"name":"wp","href":"https:\/\/api.w.org\/{rel}","templated":true}]}}