{"id":2007,"date":"2025-10-08T14:59:43","date_gmt":"2025-10-08T12:59:43","guid":{"rendered":"https:\/\/sklep.nex-group.pl\/?post_type=product&#038;p=2007"},"modified":"2025-12-30T11:16:20","modified_gmt":"2025-12-30T10:16:20","slug":"lycha-niskoprofilowa-130l-multi","status":"publish","type":"product","link":"https:\/\/sklep.nex-group.pl\/en\/product\/lycha-niskoprofilowa-130l-multi\/","title":{"rendered":"\u0141ycha niskoprofilowa 130L MULTI"},"content":{"rendered":"<p>\u0141ycha niskoprofilowa 130L MULTI<br \/>\nPOJEMNO\u015a\u0106 : 130L<br \/>\nSZEROKO\u015a\u0106 : 73,5 cm<\/p>","protected":false},"excerpt":{"rendered":"<p>\u0141ycha niskoprofilowa 130L MULTI POJEMNO\u015a\u0106 : 130L SZEROKO\u015a\u0106 : 73,5 cm<\/p>","protected":false},"featured_media":2125,"comment_status":"open","ping_status":"closed","template":"","meta":{"_acf_changed":false},"product_brand":[],"product_cat":[15],"product_tag":[],"class_list":{"0":"post-2007","1":"product","2":"type-product","3":"status-publish","4":"has-post-thumbnail","6":"product_cat-bez-kategorii","8":"first","9":"instock","10":"taxable","11":"shipping-taxable","12":"purchasable","13":"product-type-simple"},"acf":[],"_links":{"self":[{"href":"https:\/\/sklep.nex-group.pl\/en\/wp-json\/wp\/v2\/product\/2007","targetHints":{"allow":["GET"]}}],"collection":[{"href":"https:\/\/sklep.nex-group.pl\/en\/wp-json\/wp\/v2\/product"}],"about":[{"href":"https:\/\/sklep.nex-group.pl\/en\/wp-json\/wp\/v2\/types\/product"}],"replies":[{"embeddable":true,"href":"https:\/\/sklep.nex-group.pl\/en\/wp-json\/wp\/v2\/comments?post=2007"}],"wp:featuredmedia":[{"embeddable":true,"href":"https:\/\/sklep.nex-group.pl\/en\/wp-json\/wp\/v2\/media\/2125"}],"wp:attachment":[{"href":"https:\/\/sklep.nex-group.pl\/en\/wp-json\/wp\/v2\/media?parent=2007"}],"wp:term":[{"taxonomy":"product_brand","embeddable":true,"href":"https:\/\/sklep.nex-group.pl\/en\/wp-json\/wp\/v2\/product_brand?post=2007"},{"taxonomy":"product_cat","embeddable":true,"href":"https:\/\/sklep.nex-group.pl\/en\/wp-json\/wp\/v2\/product_cat?post=2007"},{"taxonomy":"product_tag","embeddable":true,"href":"https:\/\/sklep.nex-group.pl\/en\/wp-json\/wp\/v2\/product_tag?post=2007"}],"curies":[{"name":"wp","href":"https:\/\/api.w.org\/{rel}","templated":true}]}}