{"id":2098,"date":"2025-11-06T11:01:03","date_gmt":"2025-11-06T10:01:03","guid":{"rendered":"https:\/\/sklep.nex-group.pl\/?post_type=product&#038;p=2098"},"modified":"2025-11-06T11:03:06","modified_gmt":"2025-11-06T10:03:06","slug":"lacznik-plyt-drogowych-pu-podwojny","status":"publish","type":"product","link":"https:\/\/sklep.nex-group.pl\/en\/product\/lacznik-plyt-drogowych-pu-podwojny\/","title":{"rendered":"\u0141\u0105cznik p\u0142yt drogowych &#8211; PU &#8211; podw\u00f3jny"},"content":{"rendered":"<p>\u0141\u0105cznik p\u0142yt drogowych &#8211; PU &#8211; podw\u00f3jny<\/p>","protected":false},"excerpt":{"rendered":"<p>\u0141\u0105cznik p\u0142yt drogowych &#8211; PU &#8211; podw\u00f3jny<\/p>","protected":false},"featured_media":2100,"comment_status":"open","ping_status":"closed","template":"","meta":{"_acf_changed":false},"product_brand":[],"product_cat":[60],"product_tag":[],"class_list":{"0":"post-2098","1":"product","2":"type-product","3":"status-publish","4":"has-post-thumbnail","6":"product_cat-plyty-drogowe","7":"product_shipping_class-klasa-7","9":"first","10":"instock","11":"taxable","12":"shipping-taxable","13":"purchasable","14":"product-type-simple"},"acf":[],"_links":{"self":[{"href":"https:\/\/sklep.nex-group.pl\/en\/wp-json\/wp\/v2\/product\/2098","targetHints":{"allow":["GET"]}}],"collection":[{"href":"https:\/\/sklep.nex-group.pl\/en\/wp-json\/wp\/v2\/product"}],"about":[{"href":"https:\/\/sklep.nex-group.pl\/en\/wp-json\/wp\/v2\/types\/product"}],"replies":[{"embeddable":true,"href":"https:\/\/sklep.nex-group.pl\/en\/wp-json\/wp\/v2\/comments?post=2098"}],"wp:featuredmedia":[{"embeddable":true,"href":"https:\/\/sklep.nex-group.pl\/en\/wp-json\/wp\/v2\/media\/2100"}],"wp:attachment":[{"href":"https:\/\/sklep.nex-group.pl\/en\/wp-json\/wp\/v2\/media?parent=2098"}],"wp:term":[{"taxonomy":"product_brand","embeddable":true,"href":"https:\/\/sklep.nex-group.pl\/en\/wp-json\/wp\/v2\/product_brand?post=2098"},{"taxonomy":"product_cat","embeddable":true,"href":"https:\/\/sklep.nex-group.pl\/en\/wp-json\/wp\/v2\/product_cat?post=2098"},{"taxonomy":"product_tag","embeddable":true,"href":"https:\/\/sklep.nex-group.pl\/en\/wp-json\/wp\/v2\/product_tag?post=2098"}],"curies":[{"name":"wp","href":"https:\/\/api.w.org\/{rel}","templated":true}]}}