{"id":21,"date":"2023-02-01T14:00:03","date_gmt":"2023-02-01T13:00:03","guid":{"rendered":"https:\/\/sklep.nex-group.pl\/?post_type=product&#038;p=21"},"modified":"2025-03-26T13:11:03","modified_gmt":"2025-03-26T12:11:03","slug":"lyzka-hydrauliczna-800mm","status":"publish","type":"product","link":"https:\/\/sklep.nex-group.pl\/en\/product\/lyzka-hydrauliczna-800mm\/","title":{"rendered":"\u0141y\u017cka hydrauliczna 800mm"},"content":{"rendered":"<p>\u0141y\u017cka hydrauliczna skarpowa<\/p>\n<ul>\n<li>uniwersalne zastosowanie<\/li>\n<li>doskona\u0142a jako\u015b\u0107 wykonania<\/li>\n<li>wyposa\u017cona w listw\u0119 nacieraj\u0105c\u0105<strong>Specyfikacja :<\/strong><br \/>\nSzeroko\u015b\u0107 \u0142y\u017cki: <strong>800 mm<\/strong><br \/>\nRozstaw sworzni:<strong> 85 mm<\/strong><br \/>\nSzeroko\u015b\u0107 uchwytu: <strong>93 mm<\/strong><br \/>\n\u015arednica sworznia: <strong>25 mm<\/strong>Wyposa\u017cona w sworznie.<\/li>\n<\/ul>","protected":false},"excerpt":{"rendered":"<p>\u0141y\u017cka hydrauliczna skarpowa uniwersalne zastosowanie doskona\u0142a jako\u015b\u0107 wykonania wyposa\u017cona w listw\u0119 nacieraj\u0105c\u0105Specyfikacja : Szeroko\u015b\u0107 \u0142y\u017cki: 800 mm Rozstaw sworzni: 85 mm Szeroko\u015b\u0107 uchwytu: 93 mm \u015arednica sworznia: 25 mmWyposa\u017cona w sworznie.<\/p>","protected":false},"featured_media":318,"comment_status":"open","ping_status":"closed","template":"","meta":{"_acf_changed":false},"product_brand":[],"product_cat":[32],"product_tag":[],"class_list":{"0":"post-21","1":"product","2":"type-product","3":"status-publish","4":"has-post-thumbnail","6":"product_cat-osprzet","7":"product_shipping_class-klasa-2","9":"first","10":"instock","11":"taxable","12":"shipping-taxable","13":"purchasable","14":"product-type-simple"},"acf":[],"_links":{"self":[{"href":"https:\/\/sklep.nex-group.pl\/en\/wp-json\/wp\/v2\/product\/21","targetHints":{"allow":["GET"]}}],"collection":[{"href":"https:\/\/sklep.nex-group.pl\/en\/wp-json\/wp\/v2\/product"}],"about":[{"href":"https:\/\/sklep.nex-group.pl\/en\/wp-json\/wp\/v2\/types\/product"}],"replies":[{"embeddable":true,"href":"https:\/\/sklep.nex-group.pl\/en\/wp-json\/wp\/v2\/comments?post=21"}],"wp:featuredmedia":[{"embeddable":true,"href":"https:\/\/sklep.nex-group.pl\/en\/wp-json\/wp\/v2\/media\/318"}],"wp:attachment":[{"href":"https:\/\/sklep.nex-group.pl\/en\/wp-json\/wp\/v2\/media?parent=21"}],"wp:term":[{"taxonomy":"product_brand","embeddable":true,"href":"https:\/\/sklep.nex-group.pl\/en\/wp-json\/wp\/v2\/product_brand?post=21"},{"taxonomy":"product_cat","embeddable":true,"href":"https:\/\/sklep.nex-group.pl\/en\/wp-json\/wp\/v2\/product_cat?post=21"},{"taxonomy":"product_tag","embeddable":true,"href":"https:\/\/sklep.nex-group.pl\/en\/wp-json\/wp\/v2\/product_tag?post=21"}],"curies":[{"name":"wp","href":"https:\/\/api.w.org\/{rel}","templated":true}]}}