{"id":2111,"date":"2025-11-07T09:07:35","date_gmt":"2025-11-07T08:07:35","guid":{"rendered":"https:\/\/sklep.nex-group.pl\/?post_type=product&#038;p=2111"},"modified":"2026-03-17T12:21:28","modified_gmt":"2026-03-17T11:21:28","slug":"plyta-drogowa-2440-x-1220-x-10-mm","status":"publish","type":"product","link":"https:\/\/sklep.nex-group.pl\/en\/product\/plyta-drogowa-2440-x-1220-x-10-mm\/","title":{"rendered":"P\u0142yta drogowa 2440 x 1220 x 10 mm do 60t"},"content":{"rendered":"<h2 style=\"color: red;\" tabindex=\"0\" role=\"button\" data-tab=\"1\" aria-controls=\"elementor-tab-content-1861\" aria-expanded=\"true\" aria-selected=\"true\"><em>Uwaga! Ze wzgl\u0119du na konieczno\u015b\u0107 indywidualnej wyceny dostawy, tego produktu nie mo\u017cna kupi\u0107 przez online. W celu zakupu prosimy o kontakt z naszym sklepem.<\/em><\/h2>\n<p>P\u0142yta drogowa, mata antykompresyjna 2440 x 1220 x 10 mm<\/p>\n<p>Maty \/ P\u0142yty wytrzymuj\u0105 obci\u0105\u017cenia a\u017c od 40 do 60 ton. (w zale\u017cno\u015bci od grubo\u015bci danej p\u0142yty) Umo\u017cliwiaj\u0105 wykonanie tymczasowych jezdni \/ dojazd\u00f3w oraz wzmocnienie i zabezpieczenie pod\u0142o\u017ca.<\/p>\n<p>Trwa\u0142e i Elastyczne<br \/>\nWykonana z bardzo wytrzyma\u0142ego polietylenu HDPE o wysokiej g\u0119sto\u015bci, w 100% pochodz\u0105cego z, i nadaj\u0105cego si\u0119 do recyclingu. Mata techniczna \/ P\u0142yta drogowa, to doskona\u0142y produkt s\u0142u\u017c\u0105cy do wzmocnienia \/ ochrony pod\u0142o\u017ca (trawniki) P\u0142yta skutecznie zabezpiecza pod\u0142o\u017ce, obiekty i \u015brodowisko naturalne oraz minimalizuje ryzyko i rozmiar szk\u00f3d mog\u0105cych powsta\u0107 w trakcie wykonywania rob\u00f3t.<\/p>\n<p>Zalety:<br \/>\n&#8211; Antypo\u015blizgowa powierzchnia o r\u00f3\u017cnych strukturach po obu stronach<br \/>\n&#8211; \u0141atwe transport i sk\u0142adowanie<br \/>\n&#8211; Odporna na warunki atmosferyczne<br \/>\n&#8211; Uchwyty do \u0142atwego podnoszenia<br \/>\n&#8211; Szybko z\u0142\u0105cza do \u0142atwego monta\u017cu<\/p>\n<p>Dane techniczne:<\/p>\n<p>Wymiary: 1220 x 2440 mm<br \/>\nMateria\u0142: HDPE<br \/>\nGrubo\u015b\u0107: 10<br \/>\nWaga: 25kg<br \/>\nDwa rodzaje szybkoz\u0142\u0105czy monta\u017cowych<\/p>\n<p><span style=\"color: #ff0000;\"><strong>WYSY\u0141KA WYCENIANA INDYWIDUALNIE<\/strong><\/span><\/p>","protected":false},"excerpt":{"rendered":"<p>Uwaga! Ze wzgl\u0119du na konieczno\u015b\u0107 indywidualnej wyceny dostawy, tego produktu nie mo\u017cna kupi\u0107 przez online. W celu zakupu prosimy o kontakt z naszym sklepem. P\u0142yta drogowa, mata antykompresyjna 2440 x 1220 x 10 mm Maty \/ P\u0142yty wytrzymuj\u0105 obci\u0105\u017cenia a\u017c od 40 do 60 ton. (w zale\u017cno\u015bci od grubo\u015bci danej p\u0142yty) Umo\u017cliwiaj\u0105 wykonanie tymczasowych jezdni [&hellip;]<\/p>","protected":false},"featured_media":2114,"comment_status":"closed","ping_status":"closed","template":"","meta":{"_acf_changed":false},"product_brand":[],"product_cat":[60],"product_tag":[],"class_list":{"0":"post-2111","1":"product","2":"type-product","3":"status-publish","4":"has-post-thumbnail","6":"product_cat-plyty-drogowe","8":"first","9":"onbackorder","10":"taxable","11":"shipping-taxable","12":"purchasable","13":"product-type-simple"},"acf":[],"_links":{"self":[{"href":"https:\/\/sklep.nex-group.pl\/en\/wp-json\/wp\/v2\/product\/2111","targetHints":{"allow":["GET"]}}],"collection":[{"href":"https:\/\/sklep.nex-group.pl\/en\/wp-json\/wp\/v2\/product"}],"about":[{"href":"https:\/\/sklep.nex-group.pl\/en\/wp-json\/wp\/v2\/types\/product"}],"replies":[{"embeddable":true,"href":"https:\/\/sklep.nex-group.pl\/en\/wp-json\/wp\/v2\/comments?post=2111"}],"wp:featuredmedia":[{"embeddable":true,"href":"https:\/\/sklep.nex-group.pl\/en\/wp-json\/wp\/v2\/media\/2114"}],"wp:attachment":[{"href":"https:\/\/sklep.nex-group.pl\/en\/wp-json\/wp\/v2\/media?parent=2111"}],"wp:term":[{"taxonomy":"product_brand","embeddable":true,"href":"https:\/\/sklep.nex-group.pl\/en\/wp-json\/wp\/v2\/product_brand?post=2111"},{"taxonomy":"product_cat","embeddable":true,"href":"https:\/\/sklep.nex-group.pl\/en\/wp-json\/wp\/v2\/product_cat?post=2111"},{"taxonomy":"product_tag","embeddable":true,"href":"https:\/\/sklep.nex-group.pl\/en\/wp-json\/wp\/v2\/product_tag?post=2111"}],"curies":[{"name":"wp","href":"https:\/\/api.w.org\/{rel}","templated":true}]}}