{"id":2170,"date":"2025-12-03T13:38:35","date_gmt":"2025-12-03T12:38:35","guid":{"rendered":"https:\/\/sklep.nex-group.pl\/?post_type=product&#038;p=2170"},"modified":"2026-03-13T10:26:10","modified_gmt":"2026-03-13T09:26:10","slug":"2170","status":"publish","type":"product","link":"https:\/\/sklep.nex-group.pl\/en\/product\/2170\/","title":{"rendered":"Wozid\u0142o g\u0105sienicowe 500KG wysyp hydrauliczny"},"content":{"rendered":"<p><strong>Wozid\u0142o g\u0105sienicowe z wysypem hydraulicznym NEX 500<\/strong> jest niezast\u0105pione wsz\u0119dzie tam, gdzie niemo\u017cliwe jest u\u017cycie wi\u0119kszych pojazd\u00f3w oraz ze wzgl\u0119du na nier\u00f3wny czy trudno dost\u0119pny teren. To twoje wsparcie w pracy w gospodarstwie, placu budowy czy ogrodzie. Ten niezawodny sprz\u0119t nie tylko oszcz\u0119dzi twoje zdrowie, ale tak\u017ce znacznie przyspieszy realizacj\u0119 zada\u0144. Taczka spalinowa NEX 500 z wysypem hydraulicznym to profesjonalne rozwi\u0105zanie, kt\u00f3re powsta\u0142o z my\u015bl\u0105 o wydajno\u015bci, komforcie oraz bezpiecze\u0144stwie u\u017cytkownika.<\/p>\n<p>Wyposa\u017cone w mocny i bezawaryjny silnik <strong>Loncin o pojemno\u015bci 270 cm\u00b3<\/strong> i mocy<strong> 9 KM<\/strong> umo\u017cliwi bezproblemow\u0105 jazd\u0119 nawet w trudnych warunkach terenowych. Wydajny nap\u0119d mechaniczny, gumowe g\u0105sienice o szeroko\u015bci 180 mm oraz<strong> hydrauliczny wysyp<\/strong> czyni\u0105 z niego sprz\u0119t, kt\u00f3ry wyr\u0119czy Ci\u0119 w ci\u0119\u017ckiej pracy fizycznej.<\/p>\n<p><strong>Dane techniczne:<\/strong><\/p>\n<p><strong>Typ silnika\/model:<\/strong> 4-suwowy LONCIN EU Stage V (zgodne z najnowszymi wymogami)<br \/>\n<strong>Moc silnika<\/strong>: 9 KM<br \/>\n<strong>Pojemno\u015b\u0107 skokowa:<\/strong> 270 cm3<br \/>\n<strong>Paliwo:<\/strong> benzyna<br \/>\n<strong>Pojemno\u015b\u0107 zbiornika paliwa:<\/strong> 3,5 l<br \/>\n<strong>Typ oleju silnikowego:<\/strong> 10W30<br \/>\n<strong>Pojemno\u015b\u0107 oleju silnikowego:<\/strong> 0,75 l<br \/>\n<strong>Jazda:<\/strong> 3 biegi prz\u00f3d + 1 bieg wsteczny<br \/>\n<strong>Maksymalna masa \u0142adunku:<\/strong> 500 kg<br \/>\n<strong>Pojemno\u015b\u0107 wanny:<\/strong> 250 l<br \/>\n<strong>Wymiary (d\u0142. x szer. x wys.):<\/strong> 1680 x 720 x 1050 mm<br \/>\n<strong>Wymiary skrzyni: (d\u0142. x szer. x wys.):<\/strong> 950 x 680 x 465 mm<br \/>\n<strong>Waga:<\/strong> 255 kg<\/p>\n<p>Prezentowany sprz\u0119t to mocne i wszechstronne narz\u0119dzie, na pewno sprawdzi si\u0119 wsz\u0119dzie tam, gdzie liczy si\u0119 wydajny transport ci\u0119\u017ckich materia\u0142\u00f3w w trudnych warunkach. Nap\u0119d, hydrauliczny wysyp i g\u0105sienicowy nap\u0119d to przepis na pomocnika w budownictwie, ogrodnictwie i rolnictwie. Zakup na pewno pozwoli Ci zaoszcz\u0119dzi\u0107 czas, si\u0142y i pieni\u0105dze, a jednocze\u015bnie zwi\u0119kszy bezpiecze\u0144stwo i wydajno\u015b\u0107 pracy.<\/p>\n<p>Wysy\u0142ka &#8211; CA\u0141Y KRAJ<\/p>\n<p>Urz\u0105dzenie otrzymasz w oryginalnym i dobrze zabezpieczonej skrzynio &#8211; palecie co zapewni bezpiecze\u0144stwo i ochron\u0119 \u0142adunku. Zapraszamy<\/p>","protected":false},"excerpt":{"rendered":"<p>Wozid\u0142o g\u0105sienicowe z wysypem hydraulicznym NEX 500 jest niezast\u0105pione wsz\u0119dzie tam, gdzie niemo\u017cliwe jest u\u017cycie wi\u0119kszych pojazd\u00f3w oraz ze wzgl\u0119du na nier\u00f3wny czy trudno dost\u0119pny teren. To twoje wsparcie w pracy w gospodarstwie, placu budowy czy ogrodzie. Ten niezawodny sprz\u0119t nie tylko oszcz\u0119dzi twoje zdrowie, ale tak\u017ce znacznie przyspieszy realizacj\u0119 zada\u0144. Taczka spalinowa NEX 500 [&hellip;]<\/p>","protected":false},"featured_media":2173,"comment_status":"closed","ping_status":"closed","template":"","meta":{"_acf_changed":false},"product_brand":[],"product_cat":[27],"product_tag":[],"class_list":{"0":"post-2170","1":"product","2":"type-product","3":"status-publish","4":"has-post-thumbnail","6":"product_cat-wozidla","7":"product_shipping_class-klasa-10","9":"first","10":"outofstock","11":"taxable","12":"shipping-taxable","13":"purchasable","14":"product-type-simple"},"acf":[],"_links":{"self":[{"href":"https:\/\/sklep.nex-group.pl\/en\/wp-json\/wp\/v2\/product\/2170","targetHints":{"allow":["GET"]}}],"collection":[{"href":"https:\/\/sklep.nex-group.pl\/en\/wp-json\/wp\/v2\/product"}],"about":[{"href":"https:\/\/sklep.nex-group.pl\/en\/wp-json\/wp\/v2\/types\/product"}],"replies":[{"embeddable":true,"href":"https:\/\/sklep.nex-group.pl\/en\/wp-json\/wp\/v2\/comments?post=2170"}],"wp:featuredmedia":[{"embeddable":true,"href":"https:\/\/sklep.nex-group.pl\/en\/wp-json\/wp\/v2\/media\/2173"}],"wp:attachment":[{"href":"https:\/\/sklep.nex-group.pl\/en\/wp-json\/wp\/v2\/media?parent=2170"}],"wp:term":[{"taxonomy":"product_brand","embeddable":true,"href":"https:\/\/sklep.nex-group.pl\/en\/wp-json\/wp\/v2\/product_brand?post=2170"},{"taxonomy":"product_cat","embeddable":true,"href":"https:\/\/sklep.nex-group.pl\/en\/wp-json\/wp\/v2\/product_cat?post=2170"},{"taxonomy":"product_tag","embeddable":true,"href":"https:\/\/sklep.nex-group.pl\/en\/wp-json\/wp\/v2\/product_tag?post=2170"}],"curies":[{"name":"wp","href":"https:\/\/api.w.org\/{rel}","templated":true}]}}