{"id":22,"date":"2023-02-01T14:00:04","date_gmt":"2023-02-01T13:00:04","guid":{"rendered":"https:\/\/sklep.nex-group.pl\/?post_type=product&#038;p=22"},"modified":"2025-04-08T14:04:04","modified_gmt":"2025-04-08T12:04:04","slug":"chwytak","status":"publish","type":"product","link":"https:\/\/sklep.nex-group.pl\/en\/product\/chwytak\/","title":{"rendered":"Chwytak do drewna"},"content":{"rendered":"<p>Bardzo pomocny przy przenoszeniu\/przerzucaniu pni drzew, k\u0142\u00f3d, ga\u0142\u0119zi.<br \/>\nProsty w monta\u017cu i obs\u0142udze.<br \/>\n<strong><br \/>\nSpecyfikacja :<br \/>\n<\/strong>Mocowanie na 3 sworznie.<br \/>\nRozstaw sworzni:<strong> 85 mm<\/strong><br \/>\nSzeroko\u015b\u0107 uchwytu:<strong> 93 mm<\/strong><br \/>\n\u015arednica sworznia: <strong>25 mm<\/strong><\/p>","protected":false},"excerpt":{"rendered":"<p>Bardzo pomocny przy przenoszeniu\/przerzucaniu pni drzew, k\u0142\u00f3d, ga\u0142\u0119zi. Prosty w monta\u017cu i obs\u0142udze. Specyfikacja : Mocowanie na 3 sworznie. Rozstaw sworzni: 85 mm Szeroko\u015b\u0107 uchwytu: 93 mm \u015arednica sworznia: 25 mm<\/p>","protected":false},"featured_media":314,"comment_status":"open","ping_status":"closed","template":"","meta":{"_acf_changed":false},"product_brand":[],"product_cat":[32],"product_tag":[],"class_list":{"0":"post-22","1":"product","2":"type-product","3":"status-publish","4":"has-post-thumbnail","6":"product_cat-osprzet","7":"product_shipping_class-klasa-4","9":"first","10":"instock","11":"taxable","12":"shipping-taxable","13":"purchasable","14":"product-type-simple"},"acf":[],"_links":{"self":[{"href":"https:\/\/sklep.nex-group.pl\/en\/wp-json\/wp\/v2\/product\/22","targetHints":{"allow":["GET"]}}],"collection":[{"href":"https:\/\/sklep.nex-group.pl\/en\/wp-json\/wp\/v2\/product"}],"about":[{"href":"https:\/\/sklep.nex-group.pl\/en\/wp-json\/wp\/v2\/types\/product"}],"replies":[{"embeddable":true,"href":"https:\/\/sklep.nex-group.pl\/en\/wp-json\/wp\/v2\/comments?post=22"}],"wp:featuredmedia":[{"embeddable":true,"href":"https:\/\/sklep.nex-group.pl\/en\/wp-json\/wp\/v2\/media\/314"}],"wp:attachment":[{"href":"https:\/\/sklep.nex-group.pl\/en\/wp-json\/wp\/v2\/media?parent=22"}],"wp:term":[{"taxonomy":"product_brand","embeddable":true,"href":"https:\/\/sklep.nex-group.pl\/en\/wp-json\/wp\/v2\/product_brand?post=22"},{"taxonomy":"product_cat","embeddable":true,"href":"https:\/\/sklep.nex-group.pl\/en\/wp-json\/wp\/v2\/product_cat?post=22"},{"taxonomy":"product_tag","embeddable":true,"href":"https:\/\/sklep.nex-group.pl\/en\/wp-json\/wp\/v2\/product_tag?post=22"}],"curies":[{"name":"wp","href":"https:\/\/api.w.org\/{rel}","templated":true}]}}