{"id":23,"date":"2023-02-01T14:00:04","date_gmt":"2023-02-01T13:00:04","guid":{"rendered":"https:\/\/sklep.nex-group.pl\/?post_type=product&#038;p=23"},"modified":"2025-03-26T08:11:57","modified_gmt":"2025-03-26T07:11:57","slug":"zab-zrywajacy","status":"publish","type":"product","link":"https:\/\/sklep.nex-group.pl\/en\/product\/zab-zrywajacy\/","title":{"rendered":"Z\u0105b zrywaj\u0105cy N10\/N12"},"content":{"rendered":"<p>Bardzo wytrzyma\u0142y z\u0105b zrywaj\u0105cy o sprawdzonej konstrukcji, wzmocniony, jednocz\u0119\u015bciowy trzon jest wykonany z odpowiedniej jako\u015bci stali.<\/p>\n<p>Z\u0105b zrywaj\u0105cy NEX niezmiennie cechuje si\u0119 wyj\u0105tkow\u0105 trwa\u0142o\u015bci\u0105 i wytrzyma\u0142o\u015bci\u0105, co gwarantuje d\u0142ug\u0105 \u017cywotno\u015b\u0107 narz\u0119dzia nawet przy intensywnym u\u017cytkowaniu. Solidne wykonanie zapewnia efektywno\u015b\u0107 i bezpiecze\u0144stwo pracy.<\/p>\n<p>Doskonale sprawdzi si\u0119 w r\u00f3\u017cnorodnych zadaniach, takich jak luzowanie pod\u0142o\u017ca, usuwanie bruku i asfaltu. Jest niezast\u0105piony przy pracach zwi\u0105zanych z wyrywaniem korzeni oraz innych twardych obiekt\u00f3w z ziemi.<\/p>\n<p>Wyposa\u017cenie w solidne sworznie o \u015brednicy 25 mm gwarantuje stabilno\u015b\u0107 i pewno\u015b\u0107 podczas pracy, co przek\u0142ada si\u0119 na efektywno\u015b\u0107 i bezpiecze\u0144stwo u\u017cytkowania.<\/p>\n<p>Z\u0105b zrywaj\u0105cy NEX jest doskonale dopasowany do wi\u0119kszo\u015bci minikoparek, co sprawia, \u017ce jest uniwersalnym narz\u0119dziem w ka\u017cdej flocie budowlanej. Szeroko\u015b\u0107 uchwytu wynosz\u0105ca 93 mm zapewnia kompatybilno\u015b\u0107 z r\u00f3\u017cnymi modelami maszyn.<\/p>\n<p>Jako\u015b\u0107 za rozs\u0105dn\u0105 cen\u0119!<\/p>\n<p>Od 2018 jeste\u015bmy producentem osprz\u0119tu, \u0142adowarek, koparek i traktor\u00f3w W swojej ofercie posiadamy r\u00f3\u017cnorodn\u0105 gam\u0119 produkt\u00f3w przeznaczonych zar\u00f3wno dla ma\u0142ych firm i gospodarstw jak i du\u017cych zak\u0142ad\u00f3w. Nieustanie poszukujemy nowych rozwi\u0105za\u0144. Wsp\u00f3\u0142pracujemy z firmami w Polsce i na \u015bwiecie, kt\u00f3re maj\u0105 na swoim koncie tysi\u0105ce patent\u00f3w. Sprawd\u017a nasz\u0105 ofert\u0119.<\/p>\n<p>&nbsp;<\/p>\n<p><strong>Rozstaw sworzni: 85 mm<\/strong><br \/>\n<strong>Szeroko\u015b\u0107 uchwytu: 93 mm<\/strong><br \/>\n<strong>\u015arednica sworznia: 25 mm<\/strong><\/p>\n<p>&nbsp;<\/p>\n<p><strong>Z\u0105b zrywaj\u0105cy uzbrojony w sworznie.<\/strong><\/p>","protected":false},"excerpt":{"rendered":"<p>Bardzo wytrzyma\u0142y z\u0105b zrywaj\u0105cy o sprawdzonej konstrukcji, wzmocniony, jednocz\u0119\u015bciowy trzon jest wykonany z odpowiedniej jako\u015bci stali. Z\u0105b zrywaj\u0105cy NEX niezmiennie cechuje si\u0119 wyj\u0105tkow\u0105 trwa\u0142o\u015bci\u0105 i wytrzyma\u0142o\u015bci\u0105, co gwarantuje d\u0142ug\u0105 \u017cywotno\u015b\u0107 narz\u0119dzia nawet przy intensywnym u\u017cytkowaniu. Solidne wykonanie zapewnia efektywno\u015b\u0107 i bezpiecze\u0144stwo pracy. Doskonale sprawdzi si\u0119 w r\u00f3\u017cnorodnych zadaniach, takich jak luzowanie pod\u0142o\u017ca, usuwanie bruku i [&hellip;]<\/p>","protected":false},"featured_media":51,"comment_status":"open","ping_status":"closed","template":"","meta":{"_acf_changed":false},"product_brand":[],"product_cat":[32],"product_tag":[],"class_list":{"0":"post-23","1":"product","2":"type-product","3":"status-publish","4":"has-post-thumbnail","6":"product_cat-osprzet","7":"product_shipping_class-klasa-7","9":"first","10":"instock","11":"taxable","12":"shipping-taxable","13":"purchasable","14":"product-type-simple"},"acf":[],"_links":{"self":[{"href":"https:\/\/sklep.nex-group.pl\/en\/wp-json\/wp\/v2\/product\/23","targetHints":{"allow":["GET"]}}],"collection":[{"href":"https:\/\/sklep.nex-group.pl\/en\/wp-json\/wp\/v2\/product"}],"about":[{"href":"https:\/\/sklep.nex-group.pl\/en\/wp-json\/wp\/v2\/types\/product"}],"replies":[{"embeddable":true,"href":"https:\/\/sklep.nex-group.pl\/en\/wp-json\/wp\/v2\/comments?post=23"}],"wp:featuredmedia":[{"embeddable":true,"href":"https:\/\/sklep.nex-group.pl\/en\/wp-json\/wp\/v2\/media\/51"}],"wp:attachment":[{"href":"https:\/\/sklep.nex-group.pl\/en\/wp-json\/wp\/v2\/media?parent=23"}],"wp:term":[{"taxonomy":"product_brand","embeddable":true,"href":"https:\/\/sklep.nex-group.pl\/en\/wp-json\/wp\/v2\/product_brand?post=23"},{"taxonomy":"product_cat","embeddable":true,"href":"https:\/\/sklep.nex-group.pl\/en\/wp-json\/wp\/v2\/product_cat?post=23"},{"taxonomy":"product_tag","embeddable":true,"href":"https:\/\/sklep.nex-group.pl\/en\/wp-json\/wp\/v2\/product_tag?post=23"}],"curies":[{"name":"wp","href":"https:\/\/api.w.org\/{rel}","templated":true}]}}