{"id":24,"date":"2023-02-01T14:00:04","date_gmt":"2023-02-01T13:00:04","guid":{"rendered":"https:\/\/sklep.nex-group.pl\/?post_type=product&#038;p=24"},"modified":"2025-05-28T09:39:07","modified_gmt":"2025-05-28T07:39:07","slug":"grabie","status":"publish","type":"product","link":"https:\/\/sklep.nex-group.pl\/en\/product\/grabie\/","title":{"rendered":"Grabie"},"content":{"rendered":"<p>Sprawdzone przy zagarnianiu ga\u0142\u0119zi oraz traw.<\/p>\n<p>Stosowane r\u00f3wnie\u017c do luzowania gruntu i usuwania demontowanej kostki brukowej.<br \/>\n<strong><br \/>\nSpecyfikacja :\u00a0<\/strong><\/p>\n<p>Szeroko\u015b\u0107 robocza: <strong>600 mm<\/strong><\/p>\n<p>Mocowanie:<\/p>\n<p>Rozstaw sworzni: <strong>85 mm<\/strong><br \/>\nSzeroko\u015b\u0107 uchwytu: <strong>93 mm<\/strong><br \/>\n\u015arednica sworznia: <strong>25 mm<\/strong><\/p>\n<p>Grabie uzbrojone w sworznie.<\/p>","protected":false},"excerpt":{"rendered":"<p>Sprawdzone przy zagarnianiu ga\u0142\u0119zi oraz traw. Stosowane r\u00f3wnie\u017c do luzowania gruntu i usuwania demontowanej kostki brukowej. Specyfikacja :\u00a0 Szeroko\u015b\u0107 robocza: 600 mm Mocowanie: Rozstaw sworzni: 85 mm Szeroko\u015b\u0107 uchwytu: 93 mm \u015arednica sworznia: 25 mm Grabie uzbrojone w sworznie.<\/p>","protected":false},"featured_media":53,"comment_status":"open","ping_status":"closed","template":"","meta":{"_acf_changed":false},"product_brand":[],"product_cat":[32],"product_tag":[],"class_list":{"0":"post-24","1":"product","2":"type-product","3":"status-publish","4":"has-post-thumbnail","6":"product_cat-osprzet","7":"product_shipping_class-klasa-7","9":"first","10":"instock","11":"taxable","12":"shipping-taxable","13":"purchasable","14":"product-type-simple"},"acf":[],"_links":{"self":[{"href":"https:\/\/sklep.nex-group.pl\/en\/wp-json\/wp\/v2\/product\/24","targetHints":{"allow":["GET"]}}],"collection":[{"href":"https:\/\/sklep.nex-group.pl\/en\/wp-json\/wp\/v2\/product"}],"about":[{"href":"https:\/\/sklep.nex-group.pl\/en\/wp-json\/wp\/v2\/types\/product"}],"replies":[{"embeddable":true,"href":"https:\/\/sklep.nex-group.pl\/en\/wp-json\/wp\/v2\/comments?post=24"}],"wp:featuredmedia":[{"embeddable":true,"href":"https:\/\/sklep.nex-group.pl\/en\/wp-json\/wp\/v2\/media\/53"}],"wp:attachment":[{"href":"https:\/\/sklep.nex-group.pl\/en\/wp-json\/wp\/v2\/media?parent=24"}],"wp:term":[{"taxonomy":"product_brand","embeddable":true,"href":"https:\/\/sklep.nex-group.pl\/en\/wp-json\/wp\/v2\/product_brand?post=24"},{"taxonomy":"product_cat","embeddable":true,"href":"https:\/\/sklep.nex-group.pl\/en\/wp-json\/wp\/v2\/product_cat?post=24"},{"taxonomy":"product_tag","embeddable":true,"href":"https:\/\/sklep.nex-group.pl\/en\/wp-json\/wp\/v2\/product_tag?post=24"}],"curies":[{"name":"wp","href":"https:\/\/api.w.org\/{rel}","templated":true}]}}