{"id":25,"date":"2023-02-01T14:00:04","date_gmt":"2023-02-01T13:00:04","guid":{"rendered":"https:\/\/sklep.nex-group.pl\/?post_type=product&#038;p=25"},"modified":"2024-10-24T12:21:47","modified_gmt":"2024-10-24T10:21:47","slug":"lyzka-800mm","status":"publish","type":"product","link":"https:\/\/sklep.nex-group.pl\/en\/product\/lyzka-800mm\/","title":{"rendered":"\u0141y\u017cka 800mm"},"content":{"rendered":"<p>Doskona\u0142a do skarpowania i zasypywania<\/p>\n<ul>\n<li>uniwersalne zastosowanie<\/li>\n<li>doskona\u0142a jako\u015b\u0107 wykonania<\/li>\n<li>listwa nacieraj\u0105ca i sworznie w komplecie<br \/>\n<strong>Specyfikacja :\u00a0<\/strong><br \/>\nSzeroko\u015b\u0107 \u0142y\u017cki:<strong> 800 mm<\/strong>Rozstaw sworzni: <strong>85 mm<\/strong><br \/>\nSzeroko\u015b\u0107 uchwytu: <strong>93 mm<\/strong><br \/>\n\u015arednica sworznia: <strong>25 mm<\/strong>Uzbrojona w sworznie.<\/li>\n<\/ul>","protected":false},"excerpt":{"rendered":"<p>Doskona\u0142a do skarpowania i zasypywania uniwersalne zastosowanie doskona\u0142a jako\u015b\u0107 wykonania listwa nacieraj\u0105ca i sworznie w komplecie Specyfikacja :\u00a0 Szeroko\u015b\u0107 \u0142y\u017cki: 800 mmRozstaw sworzni: 85 mm Szeroko\u015b\u0107 uchwytu: 93 mm \u015arednica sworznia: 25 mmUzbrojona w sworznie.<\/p>","protected":false},"featured_media":315,"comment_status":"open","ping_status":"closed","template":"","meta":{"_acf_changed":false},"product_brand":[],"product_cat":[32],"product_tag":[],"class_list":{"0":"post-25","1":"product","2":"type-product","3":"status-publish","4":"has-post-thumbnail","6":"product_cat-osprzet","7":"product_shipping_class-klasa-4","9":"first","10":"instock","11":"taxable","12":"shipping-taxable","13":"purchasable","14":"product-type-simple"},"acf":[],"_links":{"self":[{"href":"https:\/\/sklep.nex-group.pl\/en\/wp-json\/wp\/v2\/product\/25","targetHints":{"allow":["GET"]}}],"collection":[{"href":"https:\/\/sklep.nex-group.pl\/en\/wp-json\/wp\/v2\/product"}],"about":[{"href":"https:\/\/sklep.nex-group.pl\/en\/wp-json\/wp\/v2\/types\/product"}],"replies":[{"embeddable":true,"href":"https:\/\/sklep.nex-group.pl\/en\/wp-json\/wp\/v2\/comments?post=25"}],"wp:featuredmedia":[{"embeddable":true,"href":"https:\/\/sklep.nex-group.pl\/en\/wp-json\/wp\/v2\/media\/315"}],"wp:attachment":[{"href":"https:\/\/sklep.nex-group.pl\/en\/wp-json\/wp\/v2\/media?parent=25"}],"wp:term":[{"taxonomy":"product_brand","embeddable":true,"href":"https:\/\/sklep.nex-group.pl\/en\/wp-json\/wp\/v2\/product_brand?post=25"},{"taxonomy":"product_cat","embeddable":true,"href":"https:\/\/sklep.nex-group.pl\/en\/wp-json\/wp\/v2\/product_cat?post=25"},{"taxonomy":"product_tag","embeddable":true,"href":"https:\/\/sklep.nex-group.pl\/en\/wp-json\/wp\/v2\/product_tag?post=25"}],"curies":[{"name":"wp","href":"https:\/\/api.w.org\/{rel}","templated":true}]}}