{"id":26,"date":"2023-02-01T14:00:04","date_gmt":"2023-02-01T13:00:04","guid":{"rendered":"https:\/\/sklep.nex-group.pl\/?post_type=product&#038;p=26"},"modified":"2026-04-21T08:07:33","modified_gmt":"2026-04-21T06:07:33","slug":"wiertnica-hydrauliczna","status":"publish","type":"product","link":"https:\/\/sklep.nex-group.pl\/en\/product\/wiertnica-hydrauliczna\/","title":{"rendered":"Wiertnica hydrauliczna 200mm"},"content":{"rendered":"<p>Uniwersalna wiertnica hydrauliczna do ziemi.<br \/>\nCena uwzgl\u0119dnia komplet, wiertnic\u0119 + wiert\u0142o 200mm<\/p>\n<div class=\"elementor-element elementor-element-b10169e e-con-full e-flex e-con e-child\" data-id=\"b10169e\" data-element_type=\"container\" data-settings=\"{&quot;content_width&quot;:&quot;full&quot;,&quot;_ob_use_container_extras&quot;:&quot;no&quot;,&quot;_ob_column_hoveranimator&quot;:&quot;no&quot;,&quot;_ob_glider_is_slider&quot;:&quot;no&quot;,&quot;_ob_column_has_pseudo&quot;:&quot;no&quot;}\">\n<div class=\"elementor-element elementor-element-b25423b dc-has-condition dc-condition-empty ob-has-background-overlay elementor-widget elementor-widget-toggle\" data-id=\"b25423b\" data-element_type=\"widget\" data-settings=\"{&quot;_ob_widget_stalker_use&quot;:&quot;no&quot;,&quot;_ob_poopart_use&quot;:&quot;yes&quot;,&quot;_ob_shadough_use&quot;:&quot;no&quot;,&quot;_ob_allow_hoveranimator&quot;:&quot;no&quot;}\" data-widget_type=\"toggle.default\">\n<div class=\"elementor-widget-container\">\n<div class=\"elementor-toggle\">\n<div class=\"elementor-toggle-item\">\n<div id=\"elementor-tab-content-1861\" class=\"elementor-tab-content elementor-clearfix elementor-active\" role=\"region\" data-tab=\"1\" aria-labelledby=\"elementor-tab-title-1861\">\n<p>Moment obrotowy \u2013 <strong>350 \u2013\u00a01000\u00a0Nm<\/strong><br \/>\nCi\u015bnienie robocze \u2013 <strong>60 \u2013 160 bar<\/strong><\/p>\n<p>Ci\u015bnienie chwilowe \u2013 <strong>210 bar<\/strong><br \/>\nPrzep\u0142yw oleju \u2013<strong> od 20 \u2013 57 l\/min<\/strong><br \/>\nObroty \u2013<strong> 10 \u2013 100 \/min<\/strong><br \/>\nWaga \u2013 <strong>45 kg<\/strong><\/p>\n<p><strong>Specyfikacja :\u00a0<\/strong><\/p>\n<p>Wymiary:<br \/>\nD\u0142ugo\u015b\u0107 ca\u0142kowita:<strong> 155 cm<\/strong><br \/>\nD\u0142ugo\u015b\u0107 wiert\u0142a <strong>100 cm<\/strong><br \/>\nSzeroko\u015b\u0107 wiert\u0142a: <strong>20 cm lub 30 cm<\/strong><\/p>\n<p>Uchwyt:<br \/>\nRozstaw sworzni:<strong> 85 mm<\/strong><br \/>\nSzeroko\u015b\u0107 uchwytu: <strong>93 mm<\/strong><br \/>\n\u015arednica sworznia: <strong>25 mm<br \/>\n<\/strong>mocowanie \u015bwidra z g\u0142owic\u0105 kwadrat o boku 4,1cm<br \/>\nmocowanie grotu ze \u015bwidrem kwadrat o boku 3,2cm<\/p>\n<p>W zestawie:<\/p>\n<ul>\n<li>adapter mocuj\u0105cy ze sworzniami<\/li>\n<li>motor hydrauliczny<\/li>\n<li>przewody hydrauliczne<\/li>\n<li>\u015bwider<\/li>\n<li>grot<\/li>\n<\/ul>\n<\/div>\n<\/div>\n<\/div>\n<\/div>\n<\/div>\n<\/div>\n<div class=\"elementor-element elementor-element-ef094b0 e-con-full e-flex e-con e-child\" data-id=\"ef094b0\" data-element_type=\"container\" data-settings=\"{&quot;content_width&quot;:&quot;full&quot;,&quot;_ob_use_container_extras&quot;:&quot;no&quot;,&quot;_ob_column_hoveranimator&quot;:&quot;no&quot;,&quot;_ob_glider_is_slider&quot;:&quot;no&quot;,&quot;_ob_column_has_pseudo&quot;:&quot;no&quot;}\">\n<div class=\"elementor-element elementor-element-970f95c ob-has-background-overlay elementor-widget elementor-widget-wl-single-product-image\" data-id=\"970f95c\" data-element_type=\"widget\" data-settings=\"{&quot;_ob_widget_stalker_use&quot;:&quot;no&quot;,&quot;_ob_poopart_use&quot;:&quot;yes&quot;,&quot;_ob_shadough_use&quot;:&quot;no&quot;,&quot;_ob_allow_hoveranimator&quot;:&quot;no&quot;}\" data-widget_type=\"wl-single-product-image.default\">\n<div class=\"elementor-widget-container\">\n<div class=\"woocommerce-product-gallery woocommerce-product-gallery--with-images woocommerce-product-gallery--columns-4 images\" data-columns=\"4\"><\/div>\n<\/div>\n<\/div>\n<\/div>","protected":false},"excerpt":{"rendered":"<p>Uniwersalna wiertnica hydrauliczna do ziemi. Cena uwzgl\u0119dnia komplet, wiertnic\u0119 + wiert\u0142o 200mm Moment obrotowy \u2013 350 \u2013\u00a01000\u00a0Nm Ci\u015bnienie robocze \u2013 60 \u2013 160 bar Ci\u015bnienie chwilowe \u2013 210 bar Przep\u0142yw oleju \u2013 od 20 \u2013 57 l\/min Obroty \u2013 10 \u2013 100 \/min Waga \u2013 45 kg Specyfikacja :\u00a0 Wymiary: D\u0142ugo\u015b\u0107 ca\u0142kowita: 155 cm D\u0142ugo\u015b\u0107 [&hellip;]<\/p>","protected":false},"featured_media":58,"comment_status":"closed","ping_status":"closed","template":"","meta":{"_acf_changed":false},"product_brand":[],"product_cat":[32],"product_tag":[],"class_list":{"0":"post-26","1":"product","2":"type-product","3":"status-publish","4":"has-post-thumbnail","6":"product_cat-osprzet","7":"product_shipping_class-klasa-2","9":"first","10":"instock","11":"taxable","12":"shipping-taxable","13":"purchasable","14":"product-type-simple"},"acf":[],"_links":{"self":[{"href":"https:\/\/sklep.nex-group.pl\/en\/wp-json\/wp\/v2\/product\/26","targetHints":{"allow":["GET"]}}],"collection":[{"href":"https:\/\/sklep.nex-group.pl\/en\/wp-json\/wp\/v2\/product"}],"about":[{"href":"https:\/\/sklep.nex-group.pl\/en\/wp-json\/wp\/v2\/types\/product"}],"replies":[{"embeddable":true,"href":"https:\/\/sklep.nex-group.pl\/en\/wp-json\/wp\/v2\/comments?post=26"}],"wp:featuredmedia":[{"embeddable":true,"href":"https:\/\/sklep.nex-group.pl\/en\/wp-json\/wp\/v2\/media\/58"}],"wp:attachment":[{"href":"https:\/\/sklep.nex-group.pl\/en\/wp-json\/wp\/v2\/media?parent=26"}],"wp:term":[{"taxonomy":"product_brand","embeddable":true,"href":"https:\/\/sklep.nex-group.pl\/en\/wp-json\/wp\/v2\/product_brand?post=26"},{"taxonomy":"product_cat","embeddable":true,"href":"https:\/\/sklep.nex-group.pl\/en\/wp-json\/wp\/v2\/product_cat?post=26"},{"taxonomy":"product_tag","embeddable":true,"href":"https:\/\/sklep.nex-group.pl\/en\/wp-json\/wp\/v2\/product_tag?post=26"}],"curies":[{"name":"wp","href":"https:\/\/api.w.org\/{rel}","templated":true}]}}