{"id":267,"date":"2023-10-22T23:06:50","date_gmt":"2023-10-22T21:06:50","guid":{"rendered":"https:\/\/sklep.nex-group.pl\/?post_type=product&#038;p=267"},"modified":"2025-04-18T13:59:56","modified_gmt":"2025-04-18T11:59:56","slug":"gasienica-gumowa-180x72x39","status":"publish","type":"product","link":"https:\/\/sklep.nex-group.pl\/en\/product\/gasienica-gumowa-180x72x39\/","title":{"rendered":"G\u0105sienica gumowa 180x72x39"},"content":{"rendered":"<p>G\u0105sienicowy uk\u0142ad nap\u0119dowy pozwala na poruszanie si\u0119 pojazdu w terenie, zwi\u0119kszaj\u0105c jego przyczepno\u015b\u0107. Pojazdy wyposa\u017cone w g\u0105sienice w uk\u0142adzie jezdnym posiadaj\u0105 o wiele lepsze w\u0142a\u015bciwo\u015bci trakcyjne ni\u017c pojazdy ko\u0142owe. S\u0142u\u017c\u0105 do transportu l\u0105dowego oraz jako maszyny do rob\u00f3t ziemnych. Takie nap\u0119dy stosuje si\u0119 g\u0142\u00f3wnej mierze przy ci\u0105gnikach o du\u017cej mocy, kombajnach zbo\u017cowych oraz koparkach. G\u0105sienice pozwalaj\u0105 na poruszanie si\u0119 po terenach gdzie stabilno\u015b\u0107 pod\u0142o\u017ca pozostawia wiele do \u017cyczenia, takich jak piaski, bagna czy lu\u017ane frakcje \u017cwiru czy gliny.<br \/>\nG\u0105sienica gumowa marki NEX, dedykowana do minikoparki NEX N 10 oraz NEX N12, zosta\u0142a zaprojektowana z my\u015bl\u0105 o maszynach wykorzystuj\u0105cych rozmiar 180x72x39. Dzi\u0119ki solidnej konstrukcji i precyzyjnemu dopasowaniu gwarantuje idealn\u0105 wsp\u00f3\u0142prac\u0119 z modelami N10 oraz N12, zapewniaj\u0105c pewno\u015b\u0107 pracy w ka\u017cdych warunkach terenowych.<\/p>\n<p>Kompatybilna z maszynami<\/p>\n<p>NEX N10 Diesel, N10 JOYSTICK, N12, N12 JOY, N12 C, N12 C Pro, N 12 FULL<br \/>\nBobcat: 418, X418, MT52, MT55, E08, E10<br \/>\nKubota: KC50, KX21<br \/>\nDITCH WITCH: JT520, SK500<br \/>\nHinowa: DM10<br \/>\nTadano: AC40<br \/>\nTakeuchi: TB08<\/p>\n<p>Rozmiar: 180x72x39<\/p>\n<p>Szeroko\u015b\u0107 &#8211; 180<\/p>\n<p>Skok &#8211; 72<\/p>\n<p>Ilo\u015b\u0107 ogniw &#8211; 39<\/p>\n<p>Waga: 29 kg<\/p>","protected":false},"excerpt":{"rendered":"<p>G\u0105sienicowy uk\u0142ad nap\u0119dowy pozwala na poruszanie si\u0119 pojazdu w terenie, zwi\u0119kszaj\u0105c jego przyczepno\u015b\u0107. Pojazdy wyposa\u017cone w g\u0105sienice w uk\u0142adzie jezdnym posiadaj\u0105 o wiele lepsze w\u0142a\u015bciwo\u015bci trakcyjne ni\u017c pojazdy ko\u0142owe. S\u0142u\u017c\u0105 do transportu l\u0105dowego oraz jako maszyny do rob\u00f3t ziemnych. Takie nap\u0119dy stosuje si\u0119 g\u0142\u00f3wnej mierze przy ci\u0105gnikach o du\u017cej mocy, kombajnach zbo\u017cowych oraz koparkach. G\u0105sienice [&hellip;]<\/p>","protected":false},"featured_media":272,"comment_status":"open","ping_status":"closed","template":"","meta":{"_acf_changed":false},"product_brand":[],"product_cat":[17],"product_tag":[],"class_list":{"0":"post-267","1":"product","2":"type-product","3":"status-publish","4":"has-post-thumbnail","6":"product_cat-czesci-zamienne","7":"product_shipping_class-klasa-5","9":"first","10":"instock","11":"taxable","12":"shipping-taxable","13":"purchasable","14":"product-type-simple"},"acf":[],"_links":{"self":[{"href":"https:\/\/sklep.nex-group.pl\/en\/wp-json\/wp\/v2\/product\/267","targetHints":{"allow":["GET"]}}],"collection":[{"href":"https:\/\/sklep.nex-group.pl\/en\/wp-json\/wp\/v2\/product"}],"about":[{"href":"https:\/\/sklep.nex-group.pl\/en\/wp-json\/wp\/v2\/types\/product"}],"replies":[{"embeddable":true,"href":"https:\/\/sklep.nex-group.pl\/en\/wp-json\/wp\/v2\/comments?post=267"}],"wp:featuredmedia":[{"embeddable":true,"href":"https:\/\/sklep.nex-group.pl\/en\/wp-json\/wp\/v2\/media\/272"}],"wp:attachment":[{"href":"https:\/\/sklep.nex-group.pl\/en\/wp-json\/wp\/v2\/media?parent=267"}],"wp:term":[{"taxonomy":"product_brand","embeddable":true,"href":"https:\/\/sklep.nex-group.pl\/en\/wp-json\/wp\/v2\/product_brand?post=267"},{"taxonomy":"product_cat","embeddable":true,"href":"https:\/\/sklep.nex-group.pl\/en\/wp-json\/wp\/v2\/product_cat?post=267"},{"taxonomy":"product_tag","embeddable":true,"href":"https:\/\/sklep.nex-group.pl\/en\/wp-json\/wp\/v2\/product_tag?post=267"}],"curies":[{"name":"wp","href":"https:\/\/api.w.org\/{rel}","templated":true}]}}