{"id":28,"date":"2023-02-01T14:00:04","date_gmt":"2023-02-01T13:00:04","guid":{"rendered":"https:\/\/sklep.nex-group.pl\/?post_type=product&#038;p=28"},"modified":"2026-04-11T22:00:17","modified_gmt":"2026-04-11T20:00:17","slug":"pokrowiec-ochronny","status":"publish","type":"product","link":"https:\/\/sklep.nex-group.pl\/en\/product\/pokrowiec-ochronny\/","title":{"rendered":"Pokrowiec ochronny"},"content":{"rendered":"<p>Pokrowiec jest wykonany w ca\u0142o\u015bci z najnowszej generacji membrany w kolorze szarym. Skutecznie i kompleksowo chroni Maszyn\u0119 przed niekorzystnym wp\u0142ywem \u015brodowiska, oraz warunkami atmosferycznymi. Jest ca\u0142kowicie nieprzemakalna i zapobiega gromadzeniu si\u0119 wilgoci wewn\u0105trz pokrowca, pozwalaj\u0105c na jej szybkie odparowanie.<\/p>","protected":false},"excerpt":{"rendered":"<p>Pokrowiec jest wykonany w ca\u0142o\u015bci z najnowszej generacji membrany w kolorze szarym. Skutecznie i kompleksowo chroni Maszyn\u0119 przed niekorzystnym wp\u0142ywem \u015brodowiska, oraz warunkami atmosferycznymi. Jest ca\u0142kowicie nieprzemakalna i zapobiega gromadzeniu si\u0119 wilgoci wewn\u0105trz pokrowca, pozwalaj\u0105c na jej szybkie odparowanie.<\/p>","protected":false},"featured_media":64,"comment_status":"open","ping_status":"closed","template":"","meta":{"_acf_changed":false},"product_brand":[],"product_cat":[32],"product_tag":[],"class_list":{"0":"post-28","1":"product","2":"type-product","3":"status-publish","4":"has-post-thumbnail","6":"product_cat-osprzet","7":"product_shipping_class-klasa-6","9":"first","10":"instock","11":"taxable","12":"shipping-taxable","13":"purchasable","14":"product-type-simple"},"acf":[],"_links":{"self":[{"href":"https:\/\/sklep.nex-group.pl\/en\/wp-json\/wp\/v2\/product\/28","targetHints":{"allow":["GET"]}}],"collection":[{"href":"https:\/\/sklep.nex-group.pl\/en\/wp-json\/wp\/v2\/product"}],"about":[{"href":"https:\/\/sklep.nex-group.pl\/en\/wp-json\/wp\/v2\/types\/product"}],"replies":[{"embeddable":true,"href":"https:\/\/sklep.nex-group.pl\/en\/wp-json\/wp\/v2\/comments?post=28"}],"wp:featuredmedia":[{"embeddable":true,"href":"https:\/\/sklep.nex-group.pl\/en\/wp-json\/wp\/v2\/media\/64"}],"wp:attachment":[{"href":"https:\/\/sklep.nex-group.pl\/en\/wp-json\/wp\/v2\/media?parent=28"}],"wp:term":[{"taxonomy":"product_brand","embeddable":true,"href":"https:\/\/sklep.nex-group.pl\/en\/wp-json\/wp\/v2\/product_brand?post=28"},{"taxonomy":"product_cat","embeddable":true,"href":"https:\/\/sklep.nex-group.pl\/en\/wp-json\/wp\/v2\/product_cat?post=28"},{"taxonomy":"product_tag","embeddable":true,"href":"https:\/\/sklep.nex-group.pl\/en\/wp-json\/wp\/v2\/product_tag?post=28"}],"curies":[{"name":"wp","href":"https:\/\/api.w.org\/{rel}","templated":true}]}}