{"id":284,"date":"2023-10-22T23:11:05","date_gmt":"2023-10-22T21:11:05","guid":{"rendered":"https:\/\/sklep.nex-group.pl\/?post_type=product&#038;p=284"},"modified":"2025-11-21T09:46:30","modified_gmt":"2025-11-21T08:46:30","slug":"nex-n300-wozidlo-briggsstratton-300kg-transporter-taczka","status":"publish","type":"product","link":"https:\/\/sklep.nex-group.pl\/en\/product\/nex-n300-wozidlo-briggsstratton-300kg-transporter-taczka\/","title":{"rendered":"Wozid\u0142o budowlane NEX 300 kg &#8222;STANDARD&#8221; 09612L"},"content":{"rendered":"<p>Wozid\u0142o budowlane NEX 300 kg &#8222;STANDARD&#8221; 09612L<\/p>\n<p>Jest to najprostszy model w Naszej gamie, kt\u00f3ry sprawdzi si\u0119 od pierwszego dnia u\u017cytkowania i pozwoli Ci zaoszcz\u0119dzi\u0107 mn\u00f3stwo cennego czasu<\/p>\n<p>Du\u017ca pojemno\u015b\u0107 skrzyni \u0142adunkowej i a\u017c do 300 kg \u0142adowno\u015bci<\/p>\n<p>Urz\u0105dzenia tego typu to dobre rozwi\u0105zanie dla Ciebie lub Twoich pracownik\u00f3w<\/p>\n<p>Wozid\u0142o NEX 300kg &#8222;STANDARD&#8221; posiada nap\u0119d na wszystkie 4 ko\u0142a o &#8222;jode\u0142kowym&#8221; bie\u017cniku i szeroki rozstaw k\u00f3\u0142 &#8211; to idealne rozwi\u0105zanie na trudny teren.<\/p>\n<p>Ca\u0142o\u015b\u0107 nap\u0119dzana jest mocnym i niezawodnym silnikiem LONCIN o mocy 6,5 kM<\/p>\n<p>U Nas kupujesz bezpo\u015brednio od Importera co gwarantuje najlepsz\u0105 cen\u0119 i opiek\u0119 gwarancyjn\u0105 i pogwarancyjn\u0105.<br \/>\nNasz magazyn wyposa\u017cony jest w praktycznie ka\u017cd\u0105 cz\u0119\u015b\u0107 do maszyny, co sprawia, \u017ce jeste\u015bmy w stanie szybko reagowa\u0107 na zg\u0142oszenie.<\/p>\n<p><strong>Dane techniczne:<\/strong><\/p>\n<p><strong>Silnik:<\/strong> 4-suwowy 166cm3, 6,5 KM, LONCIN<br \/>\n<strong>Paliwo:<\/strong> benzyna bezo\u0142owiowa<br \/>\n<strong>Biegi:<\/strong> 4-prz\u00f3d ; 1-ty\u0142<br \/>\n<strong>Skrzynia bieg\u00f3w:<\/strong> mechaniczna<br \/>\n<strong>Maksymalna pr\u0119dko\u015b\u0107<\/strong> : 5,5km\/h<br \/>\n<strong>Nap\u0119d:<\/strong> 4&#215;4<br \/>\n<strong>Maksymalna \u0142adowno\u015b\u0107:<\/strong> 300 kg<br \/>\n<strong>Pojemno\u015b\u0107 skrzyni \u0142adunkowej:<\/strong> 200 L<br \/>\n<strong>Pojemno\u015b\u0107 zasypowa skrzyni:<\/strong> 270 L<br \/>\n<strong>Rozmiar k\u00f3\u0142:<\/strong> 4.00-10, 4.00-8<br \/>\n<strong>Waga:<\/strong> 110 kg<br \/>\n<strong>Wymiary<\/strong> : (d\u0142 \/ szer \/ wys): 160cm \/ 77cm \/ 90cm<\/p>\n<p><strong>UWAGA : wozid\u0142o wysy\u0142ane jest w skrzyni, do samodzielnego z\u0142o\u017cenia!<br \/>\nWysy\u0142ka wozid\u0142a z\u0142o\u017conego, gotowego do pracy = Dop\u0142ata 300z\u0142 brutto.\u00a0<\/strong><\/p>","protected":false},"excerpt":{"rendered":"<p>Wozid\u0142o budowlane NEX 300 kg &#8222;STANDARD&#8221; 09612L Jest to najprostszy model w Naszej gamie, kt\u00f3ry sprawdzi si\u0119 od pierwszego dnia u\u017cytkowania i pozwoli Ci zaoszcz\u0119dzi\u0107 mn\u00f3stwo cennego czasu Du\u017ca pojemno\u015b\u0107 skrzyni \u0142adunkowej i a\u017c do 300 kg \u0142adowno\u015bci Urz\u0105dzenia tego typu to dobre rozwi\u0105zanie dla Ciebie lub Twoich pracownik\u00f3w Wozid\u0142o NEX 300kg &#8222;STANDARD&#8221; posiada nap\u0119d [&hellip;]<\/p>","protected":false},"featured_media":1370,"comment_status":"open","ping_status":"closed","template":"","meta":{"_acf_changed":false},"product_brand":[],"product_cat":[27],"product_tag":[],"class_list":{"0":"post-284","1":"product","2":"type-product","3":"status-publish","4":"has-post-thumbnail","6":"product_cat-wozidla","7":"product_shipping_class-klasa-1","9":"first","10":"instock","11":"taxable","12":"shipping-taxable","13":"purchasable","14":"product-type-simple"},"acf":[],"_links":{"self":[{"href":"https:\/\/sklep.nex-group.pl\/en\/wp-json\/wp\/v2\/product\/284","targetHints":{"allow":["GET"]}}],"collection":[{"href":"https:\/\/sklep.nex-group.pl\/en\/wp-json\/wp\/v2\/product"}],"about":[{"href":"https:\/\/sklep.nex-group.pl\/en\/wp-json\/wp\/v2\/types\/product"}],"replies":[{"embeddable":true,"href":"https:\/\/sklep.nex-group.pl\/en\/wp-json\/wp\/v2\/comments?post=284"}],"wp:featuredmedia":[{"embeddable":true,"href":"https:\/\/sklep.nex-group.pl\/en\/wp-json\/wp\/v2\/media\/1370"}],"wp:attachment":[{"href":"https:\/\/sklep.nex-group.pl\/en\/wp-json\/wp\/v2\/media?parent=284"}],"wp:term":[{"taxonomy":"product_brand","embeddable":true,"href":"https:\/\/sklep.nex-group.pl\/en\/wp-json\/wp\/v2\/product_brand?post=284"},{"taxonomy":"product_cat","embeddable":true,"href":"https:\/\/sklep.nex-group.pl\/en\/wp-json\/wp\/v2\/product_cat?post=284"},{"taxonomy":"product_tag","embeddable":true,"href":"https:\/\/sklep.nex-group.pl\/en\/wp-json\/wp\/v2\/product_tag?post=284"}],"curies":[{"name":"wp","href":"https:\/\/api.w.org\/{rel}","templated":true}]}}