{"id":301,"date":"2023-10-22T23:14:11","date_gmt":"2023-10-22T21:14:11","guid":{"rendered":"https:\/\/sklep.nex-group.pl\/?post_type=product&#038;p=301"},"modified":"2026-02-26T14:55:41","modified_gmt":"2026-02-26T13:55:41","slug":"wozidlo-budowlane-gasienicowe-800kg-taczka-spalinowa-nex-n800","status":"publish","type":"product","link":"https:\/\/sklep.nex-group.pl\/en\/product\/wozidlo-budowlane-gasienicowe-800kg-taczka-spalinowa-nex-n800\/","title":{"rendered":"Wozid\u0142o budowlane g\u0105sienicowe 800kg taczka spalinowa NEX N800 SILNIK KUBOTA"},"content":{"rendered":"<p>Wozid\u0142o budowlane \/ taczka g\u0105sienicowa samoza\u0142adowcza oraz wysokim roz\u0142adunkiem model NEX N800. Sprz\u0119t nap\u0119dza niezawodny silnik <strong>KUBOTA D722 o mocy 10.2<\/strong> kW. Wspierana przez pomp\u0119 zebat\u0105 z podw\u00f3jn\u0105 przek\u0142adni\u0105, gwarantuj\u0105 niezawodno\u015b\u0107 tego urz\u0105dzenia. \u0141adowno\u015b\u0107 modelu N800 wynosi <strong>800kg<\/strong>. Mo\u017ce bezpiecznie porusza\u0107 si\u0119 przy nachyleniu 30 stopni. Mocna, stalowa skrzynia \u0142adunkowa doskonale nadaje si\u0119 do r\u00f3\u017cnego rodzaju zada\u0144.<\/p>\n<p>Ci\u0119\u017car roboczy <strong>920 kg<\/strong><br \/>\nUd\u017awig <strong>800 kg<\/strong><br \/>\nPojemno\u015b\u0107 <strong>0.28 m3<\/strong><br \/>\nTyp pracy<strong> samo-za\u0142adunek, wysoki roz\u0142adunek<\/strong><\/p>\n<p>Silnik<br \/>\nMarka <strong>KUBOTA D722 (DIESEL)<\/strong><br \/>\nPojemno\u015b\u0107<strong> 0.719 l<\/strong><br \/>\nMoc znamionowa <strong>10.2\/2500 kW\/obr.\/min<\/strong><br \/>\nMaks. Moment obrotowy <strong>42.9\/2000 Nm\/obr.\/min<\/strong><\/p>\n<p>Maksymalna pr\u0119dko\u015b\u0107 jazdy <strong>6 km\/h<\/strong><br \/>\nMinimalna pr\u0119dko\u015b\u0107 jazdy <strong>2 km\/h<\/strong><\/p>\n<p>Hydraulika<br \/>\nTyp pompy pompa z\u0119bata<br \/>\nCi\u015bnienie <strong>16 MPa<\/strong><br \/>\nPrzep\u0142yw <strong>30 l\/min<\/strong><br \/>\nPojemno\u015b\u0107 zbiornika oleju <strong>14 l<\/strong><\/p>\n<p><strong><br \/>\nwymiary<br \/>\nd\u0142ugo\u015b\u0107\u00a0: 1795 mm\u00a0\u00a0szeroko\u015b\u0107\u00a0: 820mm\u00a0wysoko\u015b\u0107 :\u00a01060mm<br \/>\nszeroko\u015b\u0107 g\u0105sienicy :\u00a0180mm<br \/>\nwysoko\u015b\u0107 g\u0105sienicy :\u00a0320mm<br \/>\nd\u0142ugo\u015b\u0107 g\u0105sienicy :\u00a01230mm<br \/>\n<\/strong><\/p>","protected":false},"excerpt":{"rendered":"<p>Wozid\u0142o budowlane \/ taczka g\u0105sienicowa samoza\u0142adowcza oraz wysokim roz\u0142adunkiem model NEX N800. Sprz\u0119t nap\u0119dza niezawodny silnik KUBOTA D722 o mocy 10.2 kW. Wspierana przez pomp\u0119 zebat\u0105 z podw\u00f3jn\u0105 przek\u0142adni\u0105, gwarantuj\u0105 niezawodno\u015b\u0107 tego urz\u0105dzenia. \u0141adowno\u015b\u0107 modelu N800 wynosi 800kg. Mo\u017ce bezpiecznie porusza\u0107 si\u0119 przy nachyleniu 30 stopni. Mocna, stalowa skrzynia \u0142adunkowa doskonale nadaje si\u0119 do r\u00f3\u017cnego [&hellip;]<\/p>","protected":false},"featured_media":1535,"comment_status":"closed","ping_status":"closed","template":"","meta":{"_acf_changed":false},"product_brand":[],"product_cat":[27],"product_tag":[],"class_list":{"0":"post-301","1":"product","2":"type-product","3":"status-publish","4":"has-post-thumbnail","6":"product_cat-wozidla","7":"product_shipping_class-klasa-11-750-brutto","9":"first","10":"outofstock","11":"taxable","12":"shipping-taxable","13":"purchasable","14":"product-type-simple"},"acf":[],"_links":{"self":[{"href":"https:\/\/sklep.nex-group.pl\/en\/wp-json\/wp\/v2\/product\/301","targetHints":{"allow":["GET"]}}],"collection":[{"href":"https:\/\/sklep.nex-group.pl\/en\/wp-json\/wp\/v2\/product"}],"about":[{"href":"https:\/\/sklep.nex-group.pl\/en\/wp-json\/wp\/v2\/types\/product"}],"replies":[{"embeddable":true,"href":"https:\/\/sklep.nex-group.pl\/en\/wp-json\/wp\/v2\/comments?post=301"}],"wp:featuredmedia":[{"embeddable":true,"href":"https:\/\/sklep.nex-group.pl\/en\/wp-json\/wp\/v2\/media\/1535"}],"wp:attachment":[{"href":"https:\/\/sklep.nex-group.pl\/en\/wp-json\/wp\/v2\/media?parent=301"}],"wp:term":[{"taxonomy":"product_brand","embeddable":true,"href":"https:\/\/sklep.nex-group.pl\/en\/wp-json\/wp\/v2\/product_brand?post=301"},{"taxonomy":"product_cat","embeddable":true,"href":"https:\/\/sklep.nex-group.pl\/en\/wp-json\/wp\/v2\/product_cat?post=301"},{"taxonomy":"product_tag","embeddable":true,"href":"https:\/\/sklep.nex-group.pl\/en\/wp-json\/wp\/v2\/product_tag?post=301"}],"curies":[{"name":"wp","href":"https:\/\/api.w.org\/{rel}","templated":true}]}}