{"id":321,"date":"2023-12-13T13:03:45","date_gmt":"2023-12-13T12:03:45","guid":{"rendered":"https:\/\/sklep.nex-group.pl\/?post_type=product&#038;p=321"},"modified":"2025-08-11T11:35:48","modified_gmt":"2025-08-11T09:35:48","slug":"lyzka-400mm","status":"publish","type":"product","link":"https:\/\/sklep.nex-group.pl\/en\/product\/lyzka-400mm\/","title":{"rendered":"\u0141y\u017cka 400mm"},"content":{"rendered":"<p>Doskona\u0142a do skarpowania i zasypywania<\/p>\n<ul>\n<li>uniwersalne zastosowanie<\/li>\n<li>doskona\u0142a jako\u015b\u0107 wykonania<\/li>\n<li>sworznie w komplecie<strong>Specyfikacja :<br \/>\n<\/strong>Szeroko\u015b\u0107 \u0142y\u017cki: 400 mmRozstaw sworzni: 85 mm<br \/>\nSzeroko\u015b\u0107 uchwytu: 93 mm<br \/>\n\u015arednica sworznia: 25 mmUzbrojona w sworznie.<\/li>\n<\/ul>","protected":false},"excerpt":{"rendered":"<p>Doskona\u0142a do skarpowania i zasypywania uniwersalne zastosowanie doskona\u0142a jako\u015b\u0107 wykonania sworznie w komplecieSpecyfikacja : Szeroko\u015b\u0107 \u0142y\u017cki: 400 mmRozstaw sworzni: 85 mm Szeroko\u015b\u0107 uchwytu: 93 mm \u015arednica sworznia: 25 mmUzbrojona w sworznie.<\/p>","protected":false},"featured_media":355,"comment_status":"open","ping_status":"closed","template":"","meta":{"_acf_changed":false},"product_brand":[],"product_cat":[32],"product_tag":[],"class_list":{"0":"post-321","1":"product","2":"type-product","3":"status-publish","4":"has-post-thumbnail","6":"product_cat-osprzet","7":"product_shipping_class-klasa-7","9":"first","10":"outofstock","11":"taxable","12":"shipping-taxable","13":"purchasable","14":"product-type-simple"},"acf":[],"_links":{"self":[{"href":"https:\/\/sklep.nex-group.pl\/en\/wp-json\/wp\/v2\/product\/321","targetHints":{"allow":["GET"]}}],"collection":[{"href":"https:\/\/sklep.nex-group.pl\/en\/wp-json\/wp\/v2\/product"}],"about":[{"href":"https:\/\/sklep.nex-group.pl\/en\/wp-json\/wp\/v2\/types\/product"}],"replies":[{"embeddable":true,"href":"https:\/\/sklep.nex-group.pl\/en\/wp-json\/wp\/v2\/comments?post=321"}],"wp:featuredmedia":[{"embeddable":true,"href":"https:\/\/sklep.nex-group.pl\/en\/wp-json\/wp\/v2\/media\/355"}],"wp:attachment":[{"href":"https:\/\/sklep.nex-group.pl\/en\/wp-json\/wp\/v2\/media?parent=321"}],"wp:term":[{"taxonomy":"product_brand","embeddable":true,"href":"https:\/\/sklep.nex-group.pl\/en\/wp-json\/wp\/v2\/product_brand?post=321"},{"taxonomy":"product_cat","embeddable":true,"href":"https:\/\/sklep.nex-group.pl\/en\/wp-json\/wp\/v2\/product_cat?post=321"},{"taxonomy":"product_tag","embeddable":true,"href":"https:\/\/sklep.nex-group.pl\/en\/wp-json\/wp\/v2\/product_tag?post=321"}],"curies":[{"name":"wp","href":"https:\/\/api.w.org\/{rel}","templated":true}]}}