{"id":323,"date":"2023-12-15T13:06:56","date_gmt":"2023-12-15T12:06:56","guid":{"rendered":"https:\/\/sklep.nex-group.pl\/?post_type=product&#038;p=323"},"modified":"2025-05-29T16:17:57","modified_gmt":"2025-05-29T14:17:57","slug":"zab-lewy-prawy-n10-n12-nowy","status":"publish","type":"product","link":"https:\/\/sklep.nex-group.pl\/en\/product\/zab-lewy-prawy-n10-n12-nowy\/","title":{"rendered":"Z\u0105b lewy\/prawy N10\/N12"},"content":{"rendered":"<p>Z\u0105b boczny \u0142y\u017cki n10 n12.<br \/>\nWymiary : 66mm x 62mm x 70mm x 73mm x 60mm. \u015arednica otworu. 12mm.<br \/>\nPrzed dokonaniem zakupu prosimy o wskazanie, czy zam\u00f3wienie dotyczy z\u0119ba prawego czy lewego.<\/p>","protected":false},"excerpt":{"rendered":"<p>Z\u0105b boczny \u0142y\u017cki n10 n12. Wymiary : 66mm x 62mm x 70mm x 73mm x 60mm. \u015arednica otworu. 12mm. Przed dokonaniem zakupu prosimy o wskazanie, czy zam\u00f3wienie dotyczy z\u0119ba prawego czy lewego.<\/p>","protected":false},"featured_media":324,"comment_status":"open","ping_status":"closed","template":"","meta":{"_acf_changed":false},"product_brand":[],"product_cat":[17],"product_tag":[],"class_list":{"0":"post-323","1":"product","2":"type-product","3":"status-publish","4":"has-post-thumbnail","6":"product_cat-czesci-zamienne","7":"product_shipping_class-klasa-6","9":"first","10":"instock","11":"taxable","12":"shipping-taxable","13":"purchasable","14":"product-type-simple"},"acf":[],"_links":{"self":[{"href":"https:\/\/sklep.nex-group.pl\/en\/wp-json\/wp\/v2\/product\/323","targetHints":{"allow":["GET"]}}],"collection":[{"href":"https:\/\/sklep.nex-group.pl\/en\/wp-json\/wp\/v2\/product"}],"about":[{"href":"https:\/\/sklep.nex-group.pl\/en\/wp-json\/wp\/v2\/types\/product"}],"replies":[{"embeddable":true,"href":"https:\/\/sklep.nex-group.pl\/en\/wp-json\/wp\/v2\/comments?post=323"}],"wp:featuredmedia":[{"embeddable":true,"href":"https:\/\/sklep.nex-group.pl\/en\/wp-json\/wp\/v2\/media\/324"}],"wp:attachment":[{"href":"https:\/\/sklep.nex-group.pl\/en\/wp-json\/wp\/v2\/media?parent=323"}],"wp:term":[{"taxonomy":"product_brand","embeddable":true,"href":"https:\/\/sklep.nex-group.pl\/en\/wp-json\/wp\/v2\/product_brand?post=323"},{"taxonomy":"product_cat","embeddable":true,"href":"https:\/\/sklep.nex-group.pl\/en\/wp-json\/wp\/v2\/product_cat?post=323"},{"taxonomy":"product_tag","embeddable":true,"href":"https:\/\/sklep.nex-group.pl\/en\/wp-json\/wp\/v2\/product_tag?post=323"}],"curies":[{"name":"wp","href":"https:\/\/api.w.org\/{rel}","templated":true}]}}