{"id":327,"date":"2023-12-15T13:11:51","date_gmt":"2023-12-15T12:11:51","guid":{"rendered":"https:\/\/sklep.nex-group.pl\/?post_type=product&#038;p=327"},"modified":"2025-10-07T22:15:05","modified_gmt":"2025-10-07T20:15:05","slug":"zab-lewy-prawy-n10-n12-stary","status":"publish","type":"product","link":"https:\/\/sklep.nex-group.pl\/en\/product\/zab-lewy-prawy-n10-n12-stary\/","title":{"rendered":"Z\u0105b lewy\/prawy N10\/N12"},"content":{"rendered":"<p>Z\u0105b boczny \u0142y\u017cki n10 i n12.<br \/>\nWymiary: 103mm x 80mm x 91mm x 116mm x 82mm. \u015arednica otworu : 14mm.<br \/>\nPrzed dokonaniem zakupu prosimy o wskazanie, czy zam\u00f3wienie dotyczy z\u0119ba prawego czy lewego.<\/p>","protected":false},"excerpt":{"rendered":"<p>Z\u0105b boczny \u0142y\u017cki n10 i n12. Wymiary: 103mm x 80mm x 91mm x 116mm x 82mm. \u015arednica otworu : 14mm. Przed dokonaniem zakupu prosimy o wskazanie, czy zam\u00f3wienie dotyczy z\u0119ba prawego czy lewego.<\/p>","protected":false},"featured_media":324,"comment_status":"open","ping_status":"closed","template":"","meta":{"_acf_changed":false},"product_brand":[],"product_cat":[17],"product_tag":[],"class_list":{"0":"post-327","1":"product","2":"type-product","3":"status-publish","4":"has-post-thumbnail","6":"product_cat-czesci-zamienne","7":"product_shipping_class-klasa-6","9":"first","10":"instock","11":"taxable","12":"shipping-taxable","13":"purchasable","14":"product-type-simple"},"acf":[],"_links":{"self":[{"href":"https:\/\/sklep.nex-group.pl\/en\/wp-json\/wp\/v2\/product\/327","targetHints":{"allow":["GET"]}}],"collection":[{"href":"https:\/\/sklep.nex-group.pl\/en\/wp-json\/wp\/v2\/product"}],"about":[{"href":"https:\/\/sklep.nex-group.pl\/en\/wp-json\/wp\/v2\/types\/product"}],"replies":[{"embeddable":true,"href":"https:\/\/sklep.nex-group.pl\/en\/wp-json\/wp\/v2\/comments?post=327"}],"wp:featuredmedia":[{"embeddable":true,"href":"https:\/\/sklep.nex-group.pl\/en\/wp-json\/wp\/v2\/media\/324"}],"wp:attachment":[{"href":"https:\/\/sklep.nex-group.pl\/en\/wp-json\/wp\/v2\/media?parent=327"}],"wp:term":[{"taxonomy":"product_brand","embeddable":true,"href":"https:\/\/sklep.nex-group.pl\/en\/wp-json\/wp\/v2\/product_brand?post=327"},{"taxonomy":"product_cat","embeddable":true,"href":"https:\/\/sklep.nex-group.pl\/en\/wp-json\/wp\/v2\/product_cat?post=327"},{"taxonomy":"product_tag","embeddable":true,"href":"https:\/\/sklep.nex-group.pl\/en\/wp-json\/wp\/v2\/product_tag?post=327"}],"curies":[{"name":"wp","href":"https:\/\/api.w.org\/{rel}","templated":true}]}}