{"id":333,"date":"2023-12-15T13:18:21","date_gmt":"2023-12-15T12:18:21","guid":{"rendered":"https:\/\/sklep.nex-group.pl\/?post_type=product&#038;p=333"},"modified":"2026-03-11T12:00:35","modified_gmt":"2026-03-11T11:00:35","slug":"sworzen-fi-25-dlugosc-150mm","status":"publish","type":"product","link":"https:\/\/sklep.nex-group.pl\/en\/product\/sworzen-fi-25-dlugosc-150mm\/","title":{"rendered":"Sworze\u0144 Fi: 25, d\u0142ugo\u015b\u0107: 150mm"},"content":{"rendered":"<p>Fi: 25, d\u0142ugo\u015b\u0107: 150mm<\/p>","protected":false},"excerpt":{"rendered":"<p>Fi: 25, d\u0142ugo\u015b\u0107: 150mm<\/p>","protected":false},"featured_media":335,"comment_status":"closed","ping_status":"closed","template":"","meta":{"_acf_changed":false},"product_brand":[],"product_cat":[17],"product_tag":[],"class_list":{"0":"post-333","1":"product","2":"type-product","3":"status-publish","4":"has-post-thumbnail","6":"product_cat-czesci-zamienne","7":"product_shipping_class-klasa-6","9":"first","10":"instock","11":"taxable","12":"shipping-taxable","13":"purchasable","14":"product-type-simple"},"acf":[],"_links":{"self":[{"href":"https:\/\/sklep.nex-group.pl\/en\/wp-json\/wp\/v2\/product\/333","targetHints":{"allow":["GET"]}}],"collection":[{"href":"https:\/\/sklep.nex-group.pl\/en\/wp-json\/wp\/v2\/product"}],"about":[{"href":"https:\/\/sklep.nex-group.pl\/en\/wp-json\/wp\/v2\/types\/product"}],"replies":[{"embeddable":true,"href":"https:\/\/sklep.nex-group.pl\/en\/wp-json\/wp\/v2\/comments?post=333"}],"wp:featuredmedia":[{"embeddable":true,"href":"https:\/\/sklep.nex-group.pl\/en\/wp-json\/wp\/v2\/media\/335"}],"wp:attachment":[{"href":"https:\/\/sklep.nex-group.pl\/en\/wp-json\/wp\/v2\/media?parent=333"}],"wp:term":[{"taxonomy":"product_brand","embeddable":true,"href":"https:\/\/sklep.nex-group.pl\/en\/wp-json\/wp\/v2\/product_brand?post=333"},{"taxonomy":"product_cat","embeddable":true,"href":"https:\/\/sklep.nex-group.pl\/en\/wp-json\/wp\/v2\/product_cat?post=333"},{"taxonomy":"product_tag","embeddable":true,"href":"https:\/\/sklep.nex-group.pl\/en\/wp-json\/wp\/v2\/product_tag?post=333"}],"curies":[{"name":"wp","href":"https:\/\/api.w.org\/{rel}","templated":true}]}}