{"id":337,"date":"2023-12-15T13:21:15","date_gmt":"2023-12-15T12:21:15","guid":{"rendered":"https:\/\/sklep.nex-group.pl\/?post_type=product&#038;p=337"},"modified":"2026-04-20T09:09:59","modified_gmt":"2026-04-20T07:09:59","slug":"sworzen-fi-25-dlugosc-170mm-ze-smarowaniem","status":"publish","type":"product","link":"https:\/\/sklep.nex-group.pl\/en\/product\/sworzen-fi-25-dlugosc-170mm-ze-smarowaniem\/","title":{"rendered":"Sworze\u0144 Fi: 25, d\u0142ugo\u015b\u0107: 170mm ze smarowaniem"},"content":{"rendered":"<p>Fi: 25, d\u0142ugo\u015b\u0107: 170mm ze smarowaniem<br \/>\nNr. katalogowy : 20001600<\/p>","protected":false},"excerpt":{"rendered":"<p>Fi: 25, d\u0142ugo\u015b\u0107: 170mm ze smarowaniem Nr. katalogowy : 20001600<\/p>","protected":false},"featured_media":386,"comment_status":"closed","ping_status":"closed","template":"","meta":{"_acf_changed":false},"product_brand":[],"product_cat":[17],"product_tag":[],"class_list":{"0":"post-337","1":"product","2":"type-product","3":"status-publish","4":"has-post-thumbnail","6":"product_cat-czesci-zamienne","7":"product_shipping_class-klasa-6","9":"first","10":"instock","11":"taxable","12":"shipping-taxable","13":"purchasable","14":"product-type-simple"},"acf":[],"_links":{"self":[{"href":"https:\/\/sklep.nex-group.pl\/en\/wp-json\/wp\/v2\/product\/337","targetHints":{"allow":["GET"]}}],"collection":[{"href":"https:\/\/sklep.nex-group.pl\/en\/wp-json\/wp\/v2\/product"}],"about":[{"href":"https:\/\/sklep.nex-group.pl\/en\/wp-json\/wp\/v2\/types\/product"}],"replies":[{"embeddable":true,"href":"https:\/\/sklep.nex-group.pl\/en\/wp-json\/wp\/v2\/comments?post=337"}],"wp:featuredmedia":[{"embeddable":true,"href":"https:\/\/sklep.nex-group.pl\/en\/wp-json\/wp\/v2\/media\/386"}],"wp:attachment":[{"href":"https:\/\/sklep.nex-group.pl\/en\/wp-json\/wp\/v2\/media?parent=337"}],"wp:term":[{"taxonomy":"product_brand","embeddable":true,"href":"https:\/\/sklep.nex-group.pl\/en\/wp-json\/wp\/v2\/product_brand?post=337"},{"taxonomy":"product_cat","embeddable":true,"href":"https:\/\/sklep.nex-group.pl\/en\/wp-json\/wp\/v2\/product_cat?post=337"},{"taxonomy":"product_tag","embeddable":true,"href":"https:\/\/sklep.nex-group.pl\/en\/wp-json\/wp\/v2\/product_tag?post=337"}],"curies":[{"name":"wp","href":"https:\/\/api.w.org\/{rel}","templated":true}]}}