{"id":393,"date":"2024-01-04T09:32:42","date_gmt":"2024-01-04T08:32:42","guid":{"rendered":"https:\/\/sklep.nex-group.pl\/?post_type=product&#038;p=393"},"modified":"2026-03-25T11:42:59","modified_gmt":"2026-03-25T10:42:59","slug":"najazd-aluminiowy-04x-35m-6t","status":"publish","type":"product","link":"https:\/\/sklep.nex-group.pl\/en\/product\/najazd-aluminiowy-04x-35m-6t\/","title":{"rendered":"Najazd aluminiowy NEX 3,5m\/6t"},"content":{"rendered":"<h2>Podana cena dotyczy dw\u00f3ch sztuk najazd\u00f3w.<\/h2>\n<p>Super mocne, lekkie i por\u0119czne najazdy aluminiowe, certyfikowane przez W\u0142osk\u0105 jednostk\u0119 certyfikuj\u0105c\u0105.<\/p>\n<p>Wykonane w ca\u0142o\u015bci z profili zamkni\u0119tych czym wyr\u00f3\u017cniaj\u0105 si\u0119 na tle konkurencyjnych produkt\u00f3w dost\u0119pnych na rynku.<\/p>\n<p>S\u0105 to wysokiej klasy najazdy aluminiowe z cechami antypo\u015blizgowymi.<\/p>\n<p>Dzi\u0119ki specjalistycznej konstrukcji oraz wykonaniu ze specjalnie dobranego stopu aluminium s\u0105 one lekkie, a zarazem wyj\u0105tkowo wytrzyma\u0142e.<\/p>\n<p>Trapy przeznaczone s\u0105 dla koparek poruszaj\u0105cych si\u0119 na gumowych g\u0105sienicach i pojazd\u00f3w na gumowych ko\u0142ach.<\/p>\n<p>Ka\u017cdy najazd wyposa\u017cony jest w trzpie\u0144 mocuj\u0105cy do pod\u0142ogi!<\/p>\n<p>Nasze produktu posiadaj\u0105 certyfikat CE i atesty bezpiecze\u0144stwa.<\/p>\n<h2>Specyfikacja:<\/h2>\n<p>Szeroko\u015b\u0107: <strong>0,4m<\/strong><br \/>\nD\u0142ugo\u015b\u0107: <strong>3,5m<\/strong><br \/>\nNo\u015bno\u015b\u0107 na par\u0119: <strong>6T<\/strong><br \/>\nWaga jednego najazdu: <strong>46kg<\/strong><br \/>\nWysoko\u015b\u0107 profilu: <strong>172mm<\/strong><\/p>","protected":false},"excerpt":{"rendered":"<p>Podana cena dotyczy dw\u00f3ch sztuk najazd\u00f3w. Super mocne, lekkie i por\u0119czne najazdy aluminiowe, certyfikowane przez W\u0142osk\u0105 jednostk\u0119 certyfikuj\u0105c\u0105. Wykonane w ca\u0142o\u015bci z profili zamkni\u0119tych czym wyr\u00f3\u017cniaj\u0105 si\u0119 na tle konkurencyjnych produkt\u00f3w dost\u0119pnych na rynku. S\u0105 to wysokiej klasy najazdy aluminiowe z cechami antypo\u015blizgowymi. Dzi\u0119ki specjalistycznej konstrukcji oraz wykonaniu ze specjalnie dobranego stopu aluminium s\u0105 one [&hellip;]<\/p>","protected":false},"featured_media":73,"comment_status":"closed","ping_status":"closed","template":"","meta":{"_acf_changed":false},"product_brand":[],"product_cat":[23],"product_tag":[],"class_list":{"0":"post-393","1":"product","2":"type-product","3":"status-publish","4":"has-post-thumbnail","6":"product_cat-najazdy-aluminiowe","7":"product_shipping_class-klasa-9-285-zl-netto","9":"first","10":"instock","11":"taxable","12":"shipping-taxable","13":"purchasable","14":"product-type-simple"},"acf":[],"_links":{"self":[{"href":"https:\/\/sklep.nex-group.pl\/en\/wp-json\/wp\/v2\/product\/393","targetHints":{"allow":["GET"]}}],"collection":[{"href":"https:\/\/sklep.nex-group.pl\/en\/wp-json\/wp\/v2\/product"}],"about":[{"href":"https:\/\/sklep.nex-group.pl\/en\/wp-json\/wp\/v2\/types\/product"}],"replies":[{"embeddable":true,"href":"https:\/\/sklep.nex-group.pl\/en\/wp-json\/wp\/v2\/comments?post=393"}],"wp:featuredmedia":[{"embeddable":true,"href":"https:\/\/sklep.nex-group.pl\/en\/wp-json\/wp\/v2\/media\/73"}],"wp:attachment":[{"href":"https:\/\/sklep.nex-group.pl\/en\/wp-json\/wp\/v2\/media?parent=393"}],"wp:term":[{"taxonomy":"product_brand","embeddable":true,"href":"https:\/\/sklep.nex-group.pl\/en\/wp-json\/wp\/v2\/product_brand?post=393"},{"taxonomy":"product_cat","embeddable":true,"href":"https:\/\/sklep.nex-group.pl\/en\/wp-json\/wp\/v2\/product_cat?post=393"},{"taxonomy":"product_tag","embeddable":true,"href":"https:\/\/sklep.nex-group.pl\/en\/wp-json\/wp\/v2\/product_tag?post=393"}],"curies":[{"name":"wp","href":"https:\/\/api.w.org\/{rel}","templated":true}]}}