{"id":396,"date":"2024-01-04T10:47:40","date_gmt":"2024-01-04T09:47:40","guid":{"rendered":"https:\/\/sklep.nex-group.pl\/?post_type=product&#038;p=396"},"modified":"2025-09-08T08:43:15","modified_gmt":"2025-09-08T06:43:15","slug":"silnik-diesel-koop-192f-192fa-192fe","status":"publish","type":"product","link":"https:\/\/sklep.nex-group.pl\/en\/product\/silnik-diesel-koop-192f-192fa-192fe\/","title":{"rendered":"silnik Diesel KOOP 192f"},"content":{"rendered":"<p><strong>\u00a0<\/strong>jednocylindrowy kompletny silnik wysokopr\u0119\u017cny. o mocy 7,7 KW<br \/>\nSilnik Diesel Koop 192F sprawdza si\u0119 jako w minikoparkach, agregatach, pompach, zag\u0119szczarkach i innych maszynach budowlanych.<\/p>\n<p>KOOP 192FA 499cm3 wyposa\u017cony w filtr powietrza, filtr oleju, rozrusznik, link\u0119 startow\u0105, 1-sekcyjn\u0105 pomp\u0119 wtryskow\u0105, wtryskiwacz, zbiornik paliwa, elektrozaw\u00f3r, regulator obrot\u00f3w silnika, t\u0142umik, odpr\u0119\u017cnik, regulator napi\u0119cia 12V.\u00a0 oraz stacyjk\u0119\u00a0 Wa\u0142ek na wieloklinie. Pojemna misa oleju (1,7l) pozwala na d\u0142ug\u0105 prac\u0119 silnika, bez konieczno\u015bci cz\u0119stego uzupe\u0142niania.<br \/>\nPojemno\u015bci 499 cm\u00b3 zapewnia mocny moment obrotowy. Silnik zosta\u0142 wyposa\u017cony w wa\u0142ek na wieloklinie, co zapewnia stabiln\u0105 prac\u0119.<\/p>\n<p>&nbsp;<\/p>\n<div class=\"metafield\"><\/div>\n<p>\u015arednica cylindra<\/p>\n<p><strong>92*75 mm<\/strong><\/p>\n<p>Wymiary<\/p>\n<p><strong>417 x 441 x 494 mm<\/strong><\/p>\n<p>Moc<\/p>\n<p><strong>7,7 kW<\/strong><\/p>\n<p>Pojemno\u015b\u0107 silnika<\/p>\n<p><strong>499 cm3<\/strong><\/p>\n<p>Zbiornik oleju<\/p>\n<p><strong>1.70 l<\/strong><\/p>\n<p>zbiornik paliwa<\/p>\n<p><strong>5.5 l<\/strong><\/p>\n<p>Ci\u0119\u017car<\/p>\n<p><strong>55 kg<\/strong><\/p>\n<p>Olej silnikowy<\/p>\n<p><strong>10W30<\/strong><\/p>\n<p>Ch\u0142odzenie<\/p>\n<p><strong>powietrze<\/strong><\/p>\n<p>Typ paliwa<\/p>\n<p><strong>Olej nap\u0119dowy<\/strong><\/p>\n<p>Typ silnika<\/p>\n<p><strong>1-cylindrowy, 4-suwowy, pionowy<\/strong><\/p>\n<p>Wa\u0142ek<\/p>\n<p><strong>Wieloklin<\/strong><\/p>\n<p>&nbsp;<\/p>","protected":false},"excerpt":{"rendered":"<p><!--more--><\/p>","protected":false},"featured_media":405,"comment_status":"open","ping_status":"closed","template":"","meta":{"_acf_changed":false},"product_brand":[],"product_cat":[17],"product_tag":[],"class_list":{"0":"post-396","1":"product","2":"type-product","3":"status-publish","4":"has-post-thumbnail","6":"product_cat-czesci-zamienne","7":"product_shipping_class-klasa-2","9":"first","10":"instock","11":"taxable","12":"shipping-taxable","13":"purchasable","14":"product-type-simple"},"acf":[],"_links":{"self":[{"href":"https:\/\/sklep.nex-group.pl\/en\/wp-json\/wp\/v2\/product\/396","targetHints":{"allow":["GET"]}}],"collection":[{"href":"https:\/\/sklep.nex-group.pl\/en\/wp-json\/wp\/v2\/product"}],"about":[{"href":"https:\/\/sklep.nex-group.pl\/en\/wp-json\/wp\/v2\/types\/product"}],"replies":[{"embeddable":true,"href":"https:\/\/sklep.nex-group.pl\/en\/wp-json\/wp\/v2\/comments?post=396"}],"wp:featuredmedia":[{"embeddable":true,"href":"https:\/\/sklep.nex-group.pl\/en\/wp-json\/wp\/v2\/media\/405"}],"wp:attachment":[{"href":"https:\/\/sklep.nex-group.pl\/en\/wp-json\/wp\/v2\/media?parent=396"}],"wp:term":[{"taxonomy":"product_brand","embeddable":true,"href":"https:\/\/sklep.nex-group.pl\/en\/wp-json\/wp\/v2\/product_brand?post=396"},{"taxonomy":"product_cat","embeddable":true,"href":"https:\/\/sklep.nex-group.pl\/en\/wp-json\/wp\/v2\/product_cat?post=396"},{"taxonomy":"product_tag","embeddable":true,"href":"https:\/\/sklep.nex-group.pl\/en\/wp-json\/wp\/v2\/product_tag?post=396"}],"curies":[{"name":"wp","href":"https:\/\/api.w.org\/{rel}","templated":true}]}}