{"id":409,"date":"2024-01-05T12:57:49","date_gmt":"2024-01-05T11:57:49","guid":{"rendered":"https:\/\/sklep.nex-group.pl\/?post_type=product&#038;p=409"},"modified":"2026-04-12T19:10:38","modified_gmt":"2026-04-12T17:10:38","slug":"lyzka-300mm","status":"publish","type":"product","link":"https:\/\/sklep.nex-group.pl\/en\/product\/lyzka-300mm\/","title":{"rendered":"\u0141y\u017cka 300mm"},"content":{"rendered":"<ul>\n<li>uniwersalne zastosowanie<\/li>\n<li>doskona\u0142a jako\u015b\u0107 wykonania<\/li>\n<li>sworznie w komplecie<br \/>\n<strong>Specyfikacja :\u00a0<\/strong><br \/>\nSzeroko\u015b\u0107 \u0142y\u017cki: <strong>300 mm<\/strong>Rozstaw sworzni: <strong>85 mm<\/strong><br \/>\nSzeroko\u015b\u0107 uchwytu: <strong>93 mm<\/strong><br \/>\n\u015arednica sworznia: <strong>25 mm<\/strong>Uzbrojona w z\u0119by i sworznie.\u0141y\u017cka kompatybilna z urz\u0105dzeniem NEX N10\/N12\u00a0 oraz z innymi maszynami, o podanym rozstawie sworzni.<\/li>\n<\/ul>","protected":false},"excerpt":{"rendered":"<p>uniwersalne zastosowanie doskona\u0142a jako\u015b\u0107 wykonania sworznie w komplecie Specyfikacja :\u00a0 Szeroko\u015b\u0107 \u0142y\u017cki: 300 mmRozstaw sworzni: 85 mm Szeroko\u015b\u0107 uchwytu: 93 mm \u015arednica sworznia: 25 mmUzbrojona w z\u0119by i sworznie.\u0141y\u017cka kompatybilna z urz\u0105dzeniem NEX N10\/N12\u00a0 oraz z innymi maszynami, o podanym rozstawie sworzni.<\/p>","protected":false},"featured_media":410,"comment_status":"open","ping_status":"closed","template":"","meta":{"_acf_changed":false},"product_brand":[],"product_cat":[32],"product_tag":[],"class_list":{"0":"post-409","1":"product","2":"type-product","3":"status-publish","4":"has-post-thumbnail","6":"product_cat-osprzet","7":"product_shipping_class-klasa-7","9":"first","10":"instock","11":"taxable","12":"shipping-taxable","13":"purchasable","14":"product-type-simple"},"acf":[],"_links":{"self":[{"href":"https:\/\/sklep.nex-group.pl\/en\/wp-json\/wp\/v2\/product\/409","targetHints":{"allow":["GET"]}}],"collection":[{"href":"https:\/\/sklep.nex-group.pl\/en\/wp-json\/wp\/v2\/product"}],"about":[{"href":"https:\/\/sklep.nex-group.pl\/en\/wp-json\/wp\/v2\/types\/product"}],"replies":[{"embeddable":true,"href":"https:\/\/sklep.nex-group.pl\/en\/wp-json\/wp\/v2\/comments?post=409"}],"wp:featuredmedia":[{"embeddable":true,"href":"https:\/\/sklep.nex-group.pl\/en\/wp-json\/wp\/v2\/media\/410"}],"wp:attachment":[{"href":"https:\/\/sklep.nex-group.pl\/en\/wp-json\/wp\/v2\/media?parent=409"}],"wp:term":[{"taxonomy":"product_brand","embeddable":true,"href":"https:\/\/sklep.nex-group.pl\/en\/wp-json\/wp\/v2\/product_brand?post=409"},{"taxonomy":"product_cat","embeddable":true,"href":"https:\/\/sklep.nex-group.pl\/en\/wp-json\/wp\/v2\/product_cat?post=409"},{"taxonomy":"product_tag","embeddable":true,"href":"https:\/\/sklep.nex-group.pl\/en\/wp-json\/wp\/v2\/product_tag?post=409"}],"curies":[{"name":"wp","href":"https:\/\/api.w.org\/{rel}","templated":true}]}}