{"id":416,"date":"2024-01-22T13:39:38","date_gmt":"2024-01-22T12:39:38","guid":{"rendered":"https:\/\/sklep.nex-group.pl\/?post_type=product&#038;p=416"},"modified":"2025-12-29T12:00:44","modified_gmt":"2025-12-29T11:00:44","slug":"chlodnica-oleju-hydraulicznego","status":"publish","type":"product","link":"https:\/\/sklep.nex-group.pl\/en\/product\/chlodnica-oleju-hydraulicznego\/","title":{"rendered":"Ch\u0142odnica oleju hydraulicznego"},"content":{"rendered":"<p>Ch\u0142odnica oleju hydraulicznego z przeznaczeniem do minikoparki\u00a0 NEX\u00a0 N10. Ch\u0142odnica oleju hydraulicznego , zaprojektowana do cel\u00f3w mobilnej hydrauliki, gdzie wymagane s\u0105 wysokie osi\u0105gi i wydajno\u015b\u0107, a fizyczne wymiary musz\u0105 by\u0107 jak najmniejsze aby zapewni\u0107 \u0142atwa instalacj\u0119.<br \/>\nZastosowanie: samochody ci\u0119\u017carowe, maszyny sadownicze, maszyny stacjonarne, \u017curawie hydrauliczne HDS, wozy asenizacyjne, maszyny le\u015bne.<\/p>\n<p><strong>DANE PODSTAWOWE<\/strong><\/p>\n<ul>\n<li><strong>Maksymalny przep\u0142yw:<\/strong>\u00a050-60 l\/min<\/li>\n<li><strong>Maksymalne ci\u015bnienie robocze:<\/strong>\u00a020 bar<\/li>\n<li><strong>Napi\u0119cie wentylatora:<\/strong>\u00a0DC12V<\/li>\n<\/ul>","protected":false},"excerpt":{"rendered":"<p>Ch\u0142odnica oleju hydraulicznego z przeznaczeniem do minikoparki\u00a0 NEX\u00a0 N10. Ch\u0142odnica oleju hydraulicznego , zaprojektowana do cel\u00f3w mobilnej hydrauliki, gdzie wymagane s\u0105 wysokie osi\u0105gi i wydajno\u015b\u0107, a fizyczne wymiary musz\u0105 by\u0107 jak najmniejsze aby zapewni\u0107 \u0142atwa instalacj\u0119. Zastosowanie: samochody ci\u0119\u017carowe, maszyny sadownicze, maszyny stacjonarne, \u017curawie hydrauliczne HDS, wozy asenizacyjne, maszyny le\u015bne. DANE PODSTAWOWE Maksymalny przep\u0142yw:\u00a050-60 l\/min [&hellip;]<\/p>","protected":false},"featured_media":421,"comment_status":"open","ping_status":"closed","template":"","meta":{"_acf_changed":false},"product_brand":[],"product_cat":[17],"product_tag":[],"class_list":{"0":"post-416","1":"product","2":"type-product","3":"status-publish","4":"has-post-thumbnail","6":"product_cat-czesci-zamienne","7":"product_shipping_class-klasa-6","9":"first","10":"instock","11":"taxable","12":"shipping-taxable","13":"purchasable","14":"product-type-simple"},"acf":[],"_links":{"self":[{"href":"https:\/\/sklep.nex-group.pl\/en\/wp-json\/wp\/v2\/product\/416","targetHints":{"allow":["GET"]}}],"collection":[{"href":"https:\/\/sklep.nex-group.pl\/en\/wp-json\/wp\/v2\/product"}],"about":[{"href":"https:\/\/sklep.nex-group.pl\/en\/wp-json\/wp\/v2\/types\/product"}],"replies":[{"embeddable":true,"href":"https:\/\/sklep.nex-group.pl\/en\/wp-json\/wp\/v2\/comments?post=416"}],"wp:featuredmedia":[{"embeddable":true,"href":"https:\/\/sklep.nex-group.pl\/en\/wp-json\/wp\/v2\/media\/421"}],"wp:attachment":[{"href":"https:\/\/sklep.nex-group.pl\/en\/wp-json\/wp\/v2\/media?parent=416"}],"wp:term":[{"taxonomy":"product_brand","embeddable":true,"href":"https:\/\/sklep.nex-group.pl\/en\/wp-json\/wp\/v2\/product_brand?post=416"},{"taxonomy":"product_cat","embeddable":true,"href":"https:\/\/sklep.nex-group.pl\/en\/wp-json\/wp\/v2\/product_cat?post=416"},{"taxonomy":"product_tag","embeddable":true,"href":"https:\/\/sklep.nex-group.pl\/en\/wp-json\/wp\/v2\/product_tag?post=416"}],"curies":[{"name":"wp","href":"https:\/\/api.w.org\/{rel}","templated":true}]}}