{"id":438,"date":"2024-02-06T15:21:41","date_gmt":"2024-02-06T14:21:41","guid":{"rendered":"https:\/\/sklep.nex-group.pl\/?post_type=product&#038;p=438"},"modified":"2025-08-04T09:53:33","modified_gmt":"2025-08-04T07:53:33","slug":"silnik-rato","status":"publish","type":"product","link":"https:\/\/sklep.nex-group.pl\/en\/product\/silnik-rato\/","title":{"rendered":"Silnik RATO"},"content":{"rendered":"<p>Silnik RATO, model : <strong>R740<br \/>\n<\/strong><\/p>\n<p><strong>Specyfikacja :\u00a0<\/strong><\/p>\n<p>moc : <strong>15 kw<\/strong><br \/>\nwaga : <strong>45kg<\/strong><br \/>\ntyp ch\u0142odzenia :<strong>\u00a0Ch\u0142odzony powietrzem<\/strong><br \/>\ncykl pracy silnika : <strong>4<\/strong><br \/>\nWymiary : <strong>550 * 460 * 345 mm<\/strong><br \/>\nrozruch :<strong> rozrusznik elektryczny<\/strong><br \/>\npojemno\u015b\u0107\u00a0 (ml)<strong> 739<br \/>\n<\/strong>maksymalny moment obrotowy : <strong>47nm przy 2500 obr\/min.<br \/>\n<\/strong>\u015brednica wa\u0142u<strong> : 25,5mm<br \/>\n<\/strong>d\u0142ugo\u015b\u0107 wa\u0142u<strong> : 63mm<\/strong><\/p>\n<p><strong>SILNIK RATO R740<\/strong> o mocy 20KM to dwucylindrowy silnik z poziomym wa\u0142em kt\u00f3ry, dzi\u0119ki \u017celiwnej tulei, podw\u00f3jnej filtracji powietrza oraz tranzystorowemu zap\u0142onowi CDI, przez d\u0142ugi czas b\u0119dzie spe\u0142nia\u0142 oczekiwania klienta.<br \/>\n<strong>Silniki Rato\u00a0<\/strong>maj\u0105 wszechstronne zastosowanie\u00a0w wielu obszarach mi\u0119dzy innymi takich jak :<br \/>\nle\u015bnictwie, ogrodnictwie i budownictwie.<br \/>\nZnajdzie zastosowanie w maszynach takich jak :<\/p>\n<p>Traktorki Ogrodowe<br \/>\nKosiarki Komunalne<br \/>\nAgregaty Pr\u0105dotw\u00f3rcze<br \/>\nPompy wody<br \/>\nGlebogryzarki<br \/>\nSprz\u0119t ogrodniczy<br \/>\nSprz\u0119t budowlany<br \/>\nitp.<\/p>\n<p>&nbsp;<\/p>\n<p><strong>\u00a0<\/strong><\/p>","protected":false},"excerpt":{"rendered":"<p>Silnik RATO, model : R740 Specyfikacja :\u00a0 moc : 15 kw waga : 45kg typ ch\u0142odzenia :\u00a0Ch\u0142odzony powietrzem cykl pracy silnika : 4 Wymiary : 550 * 460 * 345 mm rozruch : rozrusznik elektryczny pojemno\u015b\u0107\u00a0 (ml) 739 maksymalny moment obrotowy : 47nm przy 2500 obr\/min. \u015brednica wa\u0142u : 25,5mm d\u0142ugo\u015b\u0107 wa\u0142u : 63mm SILNIK [&hellip;]<\/p>","protected":false},"featured_media":439,"comment_status":"open","ping_status":"closed","template":"","meta":{"_acf_changed":false},"product_brand":[],"product_cat":[17],"product_tag":[],"class_list":{"0":"post-438","1":"product","2":"type-product","3":"status-publish","4":"has-post-thumbnail","6":"product_cat-czesci-zamienne","7":"product_shipping_class-klasa-4","9":"first","10":"outofstock","11":"taxable","12":"shipping-taxable","13":"purchasable","14":"product-type-simple"},"acf":[],"_links":{"self":[{"href":"https:\/\/sklep.nex-group.pl\/en\/wp-json\/wp\/v2\/product\/438","targetHints":{"allow":["GET"]}}],"collection":[{"href":"https:\/\/sklep.nex-group.pl\/en\/wp-json\/wp\/v2\/product"}],"about":[{"href":"https:\/\/sklep.nex-group.pl\/en\/wp-json\/wp\/v2\/types\/product"}],"replies":[{"embeddable":true,"href":"https:\/\/sklep.nex-group.pl\/en\/wp-json\/wp\/v2\/comments?post=438"}],"wp:featuredmedia":[{"embeddable":true,"href":"https:\/\/sklep.nex-group.pl\/en\/wp-json\/wp\/v2\/media\/439"}],"wp:attachment":[{"href":"https:\/\/sklep.nex-group.pl\/en\/wp-json\/wp\/v2\/media?parent=438"}],"wp:term":[{"taxonomy":"product_brand","embeddable":true,"href":"https:\/\/sklep.nex-group.pl\/en\/wp-json\/wp\/v2\/product_brand?post=438"},{"taxonomy":"product_cat","embeddable":true,"href":"https:\/\/sklep.nex-group.pl\/en\/wp-json\/wp\/v2\/product_cat?post=438"},{"taxonomy":"product_tag","embeddable":true,"href":"https:\/\/sklep.nex-group.pl\/en\/wp-json\/wp\/v2\/product_tag?post=438"}],"curies":[{"name":"wp","href":"https:\/\/api.w.org\/{rel}","templated":true}]}}