{"id":444,"date":"2024-02-08T13:46:44","date_gmt":"2024-02-08T12:46:44","guid":{"rendered":"https:\/\/sklep.nex-group.pl\/?post_type=product&#038;p=444"},"modified":"2025-08-18T14:34:53","modified_gmt":"2025-08-18T12:34:53","slug":"silnik-briggsstratton","status":"publish","type":"product","link":"https:\/\/sklep.nex-group.pl\/en\/product\/silnik-briggsstratton\/","title":{"rendered":"Silnik BRIGGS&#038;STRATTON XR2100"},"content":{"rendered":"<p>Silnik BRIGGS&amp;STRATTON, model : XR2100.<br \/>\n<strong><br \/>\nspecyfikacja :<br \/>\n<\/strong><\/p>\n<p>cylinder \u017beliwny<\/p>\n<p>ilo\u015b\u0107 cylindr\u00f3w 1<\/p>\n<p>pojemno\u015b\u0107 420 cm3<\/p>\n<p>seria XR2100<\/p>\n<p>wymiary (d\u0142. x szer. x wys.) 499 x 370 x 443 mm<\/p>\n<p>waga 31.0 kg<\/p>\n<p>pojemnosc zbiornika paliwa 6.6 l<\/p>\n<p>pojemnosc miski olejowej 1.1 l<\/p>\n<p>zbiornik paliwa <strong>tak<\/strong><\/p>\n<p>filtr oleju nie<\/p>\n<p>rozrusznik r\u0119czny <strong>tak<\/strong><\/p>\n<p>rozrusznik elektryczny nie<\/p>\n<p>t\u0142umik tak<\/p>\n<p>gwarancja 12 mc<\/p>\n<p>d\u0142ugo\u015b\u0107 wa\u0142u 88 mm<\/p>\n<p>\u015brednica wa\u0142u 25.4 mm<\/p>\n<p>wa\u0142 walcowy<\/p>","protected":false},"excerpt":{"rendered":"<p>Silnik BRIGGS&amp;STRATTON, model : XR2100. specyfikacja : cylinder \u017beliwny ilo\u015b\u0107 cylindr\u00f3w 1 pojemno\u015b\u0107 420 cm3 seria XR2100 wymiary (d\u0142. x szer. x wys.) 499 x 370 x 443 mm waga 31.0 kg pojemnosc zbiornika paliwa 6.6 l pojemnosc miski olejowej 1.1 l zbiornik paliwa tak filtr oleju nie rozrusznik r\u0119czny tak rozrusznik elektryczny nie t\u0142umik [&hellip;]<\/p>","protected":false},"featured_media":446,"comment_status":"open","ping_status":"closed","template":"","meta":{"_acf_changed":false},"product_brand":[],"product_cat":[17],"product_tag":[],"class_list":{"0":"post-444","1":"product","2":"type-product","3":"status-publish","4":"has-post-thumbnail","6":"product_cat-czesci-zamienne","7":"product_shipping_class-klasa-4","9":"first","10":"outofstock","11":"taxable","12":"shipping-taxable","13":"purchasable","14":"product-type-simple"},"acf":[],"_links":{"self":[{"href":"https:\/\/sklep.nex-group.pl\/en\/wp-json\/wp\/v2\/product\/444","targetHints":{"allow":["GET"]}}],"collection":[{"href":"https:\/\/sklep.nex-group.pl\/en\/wp-json\/wp\/v2\/product"}],"about":[{"href":"https:\/\/sklep.nex-group.pl\/en\/wp-json\/wp\/v2\/types\/product"}],"replies":[{"embeddable":true,"href":"https:\/\/sklep.nex-group.pl\/en\/wp-json\/wp\/v2\/comments?post=444"}],"wp:featuredmedia":[{"embeddable":true,"href":"https:\/\/sklep.nex-group.pl\/en\/wp-json\/wp\/v2\/media\/446"}],"wp:attachment":[{"href":"https:\/\/sklep.nex-group.pl\/en\/wp-json\/wp\/v2\/media?parent=444"}],"wp:term":[{"taxonomy":"product_brand","embeddable":true,"href":"https:\/\/sklep.nex-group.pl\/en\/wp-json\/wp\/v2\/product_brand?post=444"},{"taxonomy":"product_cat","embeddable":true,"href":"https:\/\/sklep.nex-group.pl\/en\/wp-json\/wp\/v2\/product_cat?post=444"},{"taxonomy":"product_tag","embeddable":true,"href":"https:\/\/sklep.nex-group.pl\/en\/wp-json\/wp\/v2\/product_tag?post=444"}],"curies":[{"name":"wp","href":"https:\/\/api.w.org\/{rel}","templated":true}]}}