{"id":45,"date":"2023-02-01T14:00:05","date_gmt":"2023-02-01T13:00:05","guid":{"rendered":"https:\/\/sklep.nex-group.pl\/?post_type=product&#038;p=45"},"modified":"2025-11-03T12:49:38","modified_gmt":"2025-11-03T11:49:38","slug":"szybkozlacze","status":"publish","type":"product","link":"https:\/\/sklep.nex-group.pl\/en\/product\/szybkozlacze\/","title":{"rendered":"Szybkoz\u0142\u0105cze"},"content":{"rendered":"<p>Szybkoz\u0142\u0105cze mechaniczne. Pasuje do wszystkich koparek o sworzniu \u015brednicy 25mm, i szeroko\u015bci ramienia do 93mm.<\/p>","protected":false},"excerpt":{"rendered":"<p>Szybkoz\u0142\u0105cze mechaniczne. Pasuje do wszystkich koparek o sworzniu \u015brednicy 25mm, i szeroko\u015bci ramienia do 93mm.<\/p>","protected":false},"featured_media":83,"comment_status":"open","ping_status":"closed","template":"","meta":{"_acf_changed":false},"product_brand":[],"product_cat":[32],"product_tag":[],"class_list":{"0":"post-45","1":"product","2":"type-product","3":"status-publish","4":"has-post-thumbnail","6":"product_cat-osprzet","7":"product_shipping_class-klasa-6","9":"first","10":"instock","11":"taxable","12":"shipping-taxable","13":"purchasable","14":"product-type-simple"},"acf":[],"_links":{"self":[{"href":"https:\/\/sklep.nex-group.pl\/en\/wp-json\/wp\/v2\/product\/45","targetHints":{"allow":["GET"]}}],"collection":[{"href":"https:\/\/sklep.nex-group.pl\/en\/wp-json\/wp\/v2\/product"}],"about":[{"href":"https:\/\/sklep.nex-group.pl\/en\/wp-json\/wp\/v2\/types\/product"}],"replies":[{"embeddable":true,"href":"https:\/\/sklep.nex-group.pl\/en\/wp-json\/wp\/v2\/comments?post=45"}],"wp:featuredmedia":[{"embeddable":true,"href":"https:\/\/sklep.nex-group.pl\/en\/wp-json\/wp\/v2\/media\/83"}],"wp:attachment":[{"href":"https:\/\/sklep.nex-group.pl\/en\/wp-json\/wp\/v2\/media?parent=45"}],"wp:term":[{"taxonomy":"product_brand","embeddable":true,"href":"https:\/\/sklep.nex-group.pl\/en\/wp-json\/wp\/v2\/product_brand?post=45"},{"taxonomy":"product_cat","embeddable":true,"href":"https:\/\/sklep.nex-group.pl\/en\/wp-json\/wp\/v2\/product_cat?post=45"},{"taxonomy":"product_tag","embeddable":true,"href":"https:\/\/sklep.nex-group.pl\/en\/wp-json\/wp\/v2\/product_tag?post=45"}],"curies":[{"name":"wp","href":"https:\/\/api.w.org\/{rel}","templated":true}]}}