{"id":461,"date":"2024-02-09T11:57:35","date_gmt":"2024-02-09T10:57:35","guid":{"rendered":"https:\/\/sklep.nex-group.pl\/?post_type=product&#038;p=461"},"modified":"2026-04-20T13:24:17","modified_gmt":"2026-04-20T11:24:17","slug":"grot-wiertnicy","status":"publish","type":"product","link":"https:\/\/sklep.nex-group.pl\/en\/product\/grot-wiertnicy\/","title":{"rendered":"Grot wiertnicy"},"content":{"rendered":"<p><strong>\u00a0 Specyfikacja :\u00a0<\/strong><\/p>\n<ul>\n<li>D\u0142ugo\u015b\u0107: <strong>115mm\u00a0\u00a0<\/strong><\/li>\n<li>Szeroko\u015b\u0107 grotu :<strong> 90mm\u00a0<\/strong><\/li>\n<li>\u00a0element montuj\u0105cy : <strong>kwadrat o boku<\/strong> <strong>30mm<\/strong><\/li>\n<\/ul>","protected":false},"excerpt":{"rendered":"<p>\u00a0 Specyfikacja :\u00a0 D\u0142ugo\u015b\u0107: 115mm\u00a0\u00a0 Szeroko\u015b\u0107 grotu : 90mm\u00a0 \u00a0element montuj\u0105cy : kwadrat o boku 30mm<\/p>","protected":false},"featured_media":463,"comment_status":"closed","ping_status":"closed","template":"","meta":{"_acf_changed":false},"product_brand":[],"product_cat":[32],"product_tag":[],"class_list":{"0":"post-461","1":"product","2":"type-product","3":"status-publish","4":"has-post-thumbnail","6":"product_cat-osprzet","7":"product_shipping_class-klasa-6","9":"first","10":"instock","11":"taxable","12":"shipping-taxable","13":"purchasable","14":"product-type-simple"},"acf":[],"_links":{"self":[{"href":"https:\/\/sklep.nex-group.pl\/en\/wp-json\/wp\/v2\/product\/461","targetHints":{"allow":["GET"]}}],"collection":[{"href":"https:\/\/sklep.nex-group.pl\/en\/wp-json\/wp\/v2\/product"}],"about":[{"href":"https:\/\/sklep.nex-group.pl\/en\/wp-json\/wp\/v2\/types\/product"}],"replies":[{"embeddable":true,"href":"https:\/\/sklep.nex-group.pl\/en\/wp-json\/wp\/v2\/comments?post=461"}],"wp:featuredmedia":[{"embeddable":true,"href":"https:\/\/sklep.nex-group.pl\/en\/wp-json\/wp\/v2\/media\/463"}],"wp:attachment":[{"href":"https:\/\/sklep.nex-group.pl\/en\/wp-json\/wp\/v2\/media?parent=461"}],"wp:term":[{"taxonomy":"product_brand","embeddable":true,"href":"https:\/\/sklep.nex-group.pl\/en\/wp-json\/wp\/v2\/product_brand?post=461"},{"taxonomy":"product_cat","embeddable":true,"href":"https:\/\/sklep.nex-group.pl\/en\/wp-json\/wp\/v2\/product_cat?post=461"},{"taxonomy":"product_tag","embeddable":true,"href":"https:\/\/sklep.nex-group.pl\/en\/wp-json\/wp\/v2\/product_tag?post=461"}],"curies":[{"name":"wp","href":"https:\/\/api.w.org\/{rel}","templated":true}]}}