{"id":476,"date":"2024-02-15T10:17:40","date_gmt":"2024-02-15T09:17:40","guid":{"rendered":"https:\/\/sklep.nex-group.pl\/?post_type=product&#038;p=476"},"modified":"2026-04-21T09:56:43","modified_gmt":"2026-04-21T07:56:43","slug":"wiertlo-200mm","status":"publish","type":"product","link":"https:\/\/sklep.nex-group.pl\/en\/product\/wiertlo-200mm\/","title":{"rendered":"wiert\u0142o 200mm"},"content":{"rendered":"<p><strong>Specyfikacja :<\/strong><\/p>\n<p>&nbsp;<\/p>\n<p>wymiary : <strong>200mm x 830mm (\u015br. d\u0142ugo\u015b\u0107)<br \/>\n<\/strong>mocowanie \u015bwidra z g\u0142owic\u0105 : <strong>kwadrat o boku\u00a0 41mm\u00a0<\/strong><br \/>\nmocowanie grota ze \u015bwidrem :<strong> kwadrat o boku 32mm<\/strong><\/p>","protected":false},"excerpt":{"rendered":"<p>Specyfikacja : &nbsp; wymiary : 200mm x 830mm (\u015br. d\u0142ugo\u015b\u0107) mocowanie \u015bwidra z g\u0142owic\u0105 : kwadrat o boku\u00a0 41mm\u00a0 mocowanie grota ze \u015bwidrem : kwadrat o boku 32mm<\/p>","protected":false},"featured_media":834,"comment_status":"closed","ping_status":"closed","template":"","meta":{"_acf_changed":false},"product_brand":[],"product_cat":[32],"product_tag":[],"class_list":{"0":"post-476","1":"product","2":"type-product","3":"status-publish","4":"has-post-thumbnail","6":"product_cat-osprzet","7":"product_shipping_class-klasa-7","9":"first","10":"instock","11":"taxable","12":"shipping-taxable","13":"purchasable","14":"product-type-simple"},"acf":[],"_links":{"self":[{"href":"https:\/\/sklep.nex-group.pl\/en\/wp-json\/wp\/v2\/product\/476","targetHints":{"allow":["GET"]}}],"collection":[{"href":"https:\/\/sklep.nex-group.pl\/en\/wp-json\/wp\/v2\/product"}],"about":[{"href":"https:\/\/sklep.nex-group.pl\/en\/wp-json\/wp\/v2\/types\/product"}],"replies":[{"embeddable":true,"href":"https:\/\/sklep.nex-group.pl\/en\/wp-json\/wp\/v2\/comments?post=476"}],"wp:featuredmedia":[{"embeddable":true,"href":"https:\/\/sklep.nex-group.pl\/en\/wp-json\/wp\/v2\/media\/834"}],"wp:attachment":[{"href":"https:\/\/sklep.nex-group.pl\/en\/wp-json\/wp\/v2\/media?parent=476"}],"wp:term":[{"taxonomy":"product_brand","embeddable":true,"href":"https:\/\/sklep.nex-group.pl\/en\/wp-json\/wp\/v2\/product_brand?post=476"},{"taxonomy":"product_cat","embeddable":true,"href":"https:\/\/sklep.nex-group.pl\/en\/wp-json\/wp\/v2\/product_cat?post=476"},{"taxonomy":"product_tag","embeddable":true,"href":"https:\/\/sklep.nex-group.pl\/en\/wp-json\/wp\/v2\/product_tag?post=476"}],"curies":[{"name":"wp","href":"https:\/\/api.w.org\/{rel}","templated":true}]}}