{"id":487,"date":"2024-02-15T11:37:51","date_gmt":"2024-02-15T10:37:51","guid":{"rendered":"https:\/\/sklep.nex-group.pl\/?post_type=product&#038;p=487"},"modified":"2025-11-13T14:16:46","modified_gmt":"2025-11-13T13:16:46","slug":"lyzka-hydrauliczna-1000mm","status":"publish","type":"product","link":"https:\/\/sklep.nex-group.pl\/en\/product\/lyzka-hydrauliczna-1000mm\/","title":{"rendered":"\u0141y\u017cka hydrauliczna 1000mm"},"content":{"rendered":"<p><strong>Specyfikacja :<br \/>\nRodzaj mocowania :\u00a0 Lehnhoff MS01.<br \/>\n<\/strong><\/p>\n<ul>\n<li>uniwersalne zastosowanie<\/li>\n<li>doskona\u0142a jako\u015b\u0107 wykonania<\/li>\n<li>sworznie w komplecie<br \/>\n<strong><br \/>\n<\/strong><strong>Specyfikacja :<br \/>\n<\/strong>Szeroko\u015b\u0107 \u0142y\u017cki: <strong>\u00a01000mm<br \/>\n<\/strong><\/li>\n<\/ul>","protected":false},"excerpt":{"rendered":"<p>Specyfikacja : Rodzaj mocowania :\u00a0 Lehnhoff MS01. uniwersalne zastosowanie doskona\u0142a jako\u015b\u0107 wykonania sworznie w komplecie Specyfikacja : Szeroko\u015b\u0107 \u0142y\u017cki: \u00a01000mm<\/p>","protected":false},"featured_media":1695,"comment_status":"open","ping_status":"closed","template":"","meta":{"_acf_changed":false},"product_brand":[],"product_cat":[32],"product_tag":[],"class_list":{"0":"post-487","1":"product","2":"type-product","3":"status-publish","4":"has-post-thumbnail","6":"product_cat-osprzet","7":"product_shipping_class-klasa-2","9":"first","10":"instock","11":"taxable","12":"shipping-taxable","13":"purchasable","14":"product-type-simple"},"acf":[],"_links":{"self":[{"href":"https:\/\/sklep.nex-group.pl\/en\/wp-json\/wp\/v2\/product\/487","targetHints":{"allow":["GET"]}}],"collection":[{"href":"https:\/\/sklep.nex-group.pl\/en\/wp-json\/wp\/v2\/product"}],"about":[{"href":"https:\/\/sklep.nex-group.pl\/en\/wp-json\/wp\/v2\/types\/product"}],"replies":[{"embeddable":true,"href":"https:\/\/sklep.nex-group.pl\/en\/wp-json\/wp\/v2\/comments?post=487"}],"wp:featuredmedia":[{"embeddable":true,"href":"https:\/\/sklep.nex-group.pl\/en\/wp-json\/wp\/v2\/media\/1695"}],"wp:attachment":[{"href":"https:\/\/sklep.nex-group.pl\/en\/wp-json\/wp\/v2\/media?parent=487"}],"wp:term":[{"taxonomy":"product_brand","embeddable":true,"href":"https:\/\/sklep.nex-group.pl\/en\/wp-json\/wp\/v2\/product_brand?post=487"},{"taxonomy":"product_cat","embeddable":true,"href":"https:\/\/sklep.nex-group.pl\/en\/wp-json\/wp\/v2\/product_cat?post=487"},{"taxonomy":"product_tag","embeddable":true,"href":"https:\/\/sklep.nex-group.pl\/en\/wp-json\/wp\/v2\/product_tag?post=487"}],"curies":[{"name":"wp","href":"https:\/\/api.w.org\/{rel}","templated":true}]}}